{"id":10244,"date":"2020-09-11T14:18:38","date_gmt":"2020-09-11T11:18:39","guid":{"rendered":"https:\/\/proj.ecopood.ee\/?post_type=product&#038;p=10244"},"modified":"2020-09-11T14:26:22","modified_gmt":"2020-09-11T11:26:22","slug":"protivopozharnaya-gipsovaya-plita-knauf","status":"publish","type":"product","link":"https:\/\/ecopood.ee\/ru\/protivopozharnaya-gipsovaya-plita-knauf\/","title":{"rendered":"\u041f\u0440\u043e\u0442\u0438\u0432\u043e\u043f\u043e\u0436\u0430\u0440\u043d\u0430\u044f \u0433\u0438\u043f\u0441\u043e\u0432\u0430\u044f \u043f\u043b\u0438\u0442\u0430 Knauf"},"content":{"rendered":"<p>Knauf Red GKF on punast v\u00e4rvi kartongkattega kipsplaat, mille sisu on suurendatud tiheduse ja klaaskiuga, et tagada tules standardiga n\u00f5utud koosp\u00fcsivus. Plaadid on ette n\u00e4htud klassifitseeritud tulep\u00fcsivusklassidega tulet\u00f5kkevaheseinte ja \u2013lagede ning vooderkatete ehitamiseks siset\u00f6\u00f6del. Tulet\u00f5kkekipsplaat on m\u00f5\u00f5tmetega 1200 x 2600 mm, paksus 15 mm.<\/p>\n<p>\u2022 EVS-EN 520 t\u00fc\u00fcp DF<br \/>\n\u2022 Mittep\u00f5lev A2-s1,d0<br \/>\n\u2022 Kontrollitud tules koosp\u00fcsivus<br \/>\n\u2022 Tihedus v\u00e4hemalt 800 kg\/m\u00b3<br \/>\n\u2022 Lihtsalt t\u00f6\u00f6deldav, kinnitatav ja viimistletav<br \/>\n\u2022 Freesitav ja volditav<br \/>\n\u2022 v\u00e4ike joonpaisumine \u00f5huniiskuse m\u00f5jul<\/p>\n<p>Tulet\u00f5kkekipsplaat on eelk\u00f5ige ette n\u00e4htud tulet\u00f5kketarindite ehitamiseks siset\u00f6\u00f6del: tulet\u00f5kkevaheseinte,-\u0161ahtseinte ja -lagede ehitamiseks, samuti teras-, puit- v\u00f5i raudbetoonpostidele ning taladele tulekaitsekatete tegemiseks. Informatsiooni seinte ja lagede tulep\u00fcsivusklasside kohta leiab tehnilistest vihikutest ja vihikust \u201eTulekaitse kipsplaatidega\u201c.<\/p>\n<p>Paigaldus teostada vastavalt ehituseeskirjadele ja Knauf tehnilise vihiku juhistele, mis kehtib valitud konstruktsioonilahenduse kohta.<\/p>\n","protected":false},"excerpt":{"rendered":"<p>Knauf Red GKF on punast v\u00e4rvi kartongkattega kipsplaat, mille sisu on suurendatud tiheduse ja klaaskiuga, et tagada tules standardiga n\u00f5utud<\/p>\n","protected":false},"featured_media":10271,"template":"","meta":[],"product_cat":[112,776,613],"product_tag":[],"class_list":{"0":"post-10244","1":"product","2":"type-product","3":"status-publish","4":"has-post-thumbnail","6":"product_cat-strojmaterialy","7":"product_cat-obshhestroitelnye-materialy","8":"product_cat-stroitelnye-plity","9":"tm-no-options","11":"first","12":"instock","13":"taxable","14":"shipping-taxable","15":"purchasable","16":"product-type-simple"},"_links":{"self":[{"href":"https:\/\/ecopood.ee\/ru\/wp-json\/wp\/v2\/product\/10244","targetHints":{"allow":["GET"]}}],"collection":[{"href":"https:\/\/ecopood.ee\/ru\/wp-json\/wp\/v2\/product"}],"about":[{"href":"https:\/\/ecopood.ee\/ru\/wp-json\/wp\/v2\/types\/product"}],"wp:featuredmedia":[{"embeddable":true,"href":"https:\/\/ecopood.ee\/ru\/wp-json\/wp\/v2\/media\/10271"}],"wp:attachment":[{"href":"https:\/\/ecopood.ee\/ru\/wp-json\/wp\/v2\/media?parent=10244"}],"wp:term":[{"taxonomy":"product_cat","embeddable":true,"href":"https:\/\/ecopood.ee\/ru\/wp-json\/wp\/v2\/product_cat?post=10244"},{"taxonomy":"product_tag","embeddable":true,"href":"https:\/\/ecopood.ee\/ru\/wp-json\/wp\/v2\/product_tag?post=10244"}],"curies":[{"name":"wp","href":"https:\/\/api.w.org\/{rel}","templated":true}]}}