{"id":10278,"date":"2020-08-18T13:56:17","date_gmt":"2020-08-18T10:56:17","guid":{"rendered":"https:\/\/proj.ecopood.ee\/vlagostojkaya-fanera-f-f\/"},"modified":"2021-06-30T15:05:01","modified_gmt":"2021-06-30T12:05:01","slug":"vlagostojkaya-fanera-f-f","status":"publish","type":"product","link":"https:\/\/ecopood.ee\/ru\/vlagostojkaya-fanera-f-f\/","title":{"rendered":"\u0412\u043b\u0430\u0433\u043e\u0441\u0442\u043e\u0439\u043a\u0430\u044f \u0444\u0430\u043d\u0435\u0440\u0430 F\/F"},"content":{"rendered":"<h3>\u0412\u043b\u0430\u0433\u043e\u0441\u0442\u043e\u0439\u043a\u0430\u044f \u0444\u0430\u043d\u0435\u0440\u0430 F\/F<\/h3>\n<p>Leht 1250&#215;2500<\/p>\n<div>M\u00f5lemad pooled siledad<\/div>\n<div><\/div>\n<div>Veekindla materjali saamiseks kaetakse niiskuskindel vineer fenooli- ehk filmikihiga (valmistatakse erineva paksusega ja paljudes erinevates va\u0308rvitoonides) ja vineeriplaadi servad va\u0308rvitakse ilmastikukindla va\u0308rviga.Lamineerimine parandab vineeri pealispinna vastupanuv\u00f5imet v\u00e4liskeskkonna m\u00f5judele.<\/div>\n<h4>EELISED<\/h4>\n<div>Materjal on ilmastikukindel, keskkonnas\u00f5bralik, vastupidav, kergesti t\u00f6\u00f6deldav ja puhastatav. Korduvkasutatav betoonivalut\u00f6\u00f6des.<\/div>\n<h4>KASUTUSALA<\/h4>\n<div>Veekindlat kasevineeri kasutatakse sise- ja v\u00e4listingimustes: ehituses(rakised), transpordi vahendites (s\u00f5idu- ja veoauto haagised, kaubiku seinad), pakendit\u00f6\u00f6stuses, p\u00f5llumajanduses, m\u00f6\u00f6bli valmistamisel, sisustuselementides, m\u00e4nguv\u00e4ljakutes.<\/div>\n","protected":false},"excerpt":{"rendered":"<p>\u0412\u043b\u0430\u0433\u043e\u0441\u0442\u043e\u0439\u043a\u0430\u044f \u0444\u0430\u043d\u0435\u0440\u0430 F\/F Leht 1250&#215;2500 M\u00f5lemad pooled siledad Veekindla materjali saamiseks kaetakse niiskuskindel vineer fenooli- ehk filmikihiga (valmistatakse erineva paksusega<\/p>\n","protected":false},"featured_media":25412,"template":"","meta":[],"product_cat":[112,775,774],"product_tag":[],"class_list":{"0":"post-10278","1":"product","2":"type-product","3":"status-publish","4":"has-post-thumbnail","6":"product_cat-strojmaterialy","7":"product_cat-drevesnye-materialy","8":"product_cat-fanera","9":"tm-no-options","11":"first","12":"instock","13":"taxable","14":"shipping-taxable","15":"product-type-variable","16":"has-default-attributes"},"_links":{"self":[{"href":"https:\/\/ecopood.ee\/ru\/wp-json\/wp\/v2\/product\/10278","targetHints":{"allow":["GET"]}}],"collection":[{"href":"https:\/\/ecopood.ee\/ru\/wp-json\/wp\/v2\/product"}],"about":[{"href":"https:\/\/ecopood.ee\/ru\/wp-json\/wp\/v2\/types\/product"}],"wp:featuredmedia":[{"embeddable":true,"href":"https:\/\/ecopood.ee\/ru\/wp-json\/wp\/v2\/media\/25412"}],"wp:attachment":[{"href":"https:\/\/ecopood.ee\/ru\/wp-json\/wp\/v2\/media?parent=10278"}],"wp:term":[{"taxonomy":"product_cat","embeddable":true,"href":"https:\/\/ecopood.ee\/ru\/wp-json\/wp\/v2\/product_cat?post=10278"},{"taxonomy":"product_tag","embeddable":true,"href":"https:\/\/ecopood.ee\/ru\/wp-json\/wp\/v2\/product_tag?post=10278"}],"curies":[{"name":"wp","href":"https:\/\/api.w.org\/{rel}","templated":true}]}}