{"id":33887,"date":"2022-06-13T12:00:45","date_gmt":"2022-06-13T09:00:45","guid":{"rendered":"https:\/\/ecopood.ee\/?post_type=product&#038;p=33887"},"modified":"2022-06-13T12:06:07","modified_gmt":"2022-06-13T09:06:07","slug":"ochag","status":"publish","type":"product","link":"https:\/\/ecopood.ee\/ru\/ochag\/","title":{"rendered":"\u041e\u0447\u0430\u0433"},"content":{"rendered":"<h1 class=\"page-title\">\u041e\u0447\u0430\u0433<\/h1>\n<p>Tulekorv on m\u00f5eldud lahtise tule tegemiseks koduaeda, suvilasse, turismitallu ja maakodusse.<\/p>\n<p>Lihtsasti paigaldatav ja hoiustatav l\u00f5kkealus.<\/p>\n<p>Kasutamise ajal ja p\u00e4rast kasutamise l\u00f5petamist ei tohi j\u00e4tta l\u00f5kkealust j\u00e4relvalveta kuni p\u00f5levmaterjal (puit , s\u00f6ed vms) on t\u00e4ielikult p\u00f5lenud v\u00f5i p\u00f5lemisj\u00e4\u00e4gid veega kustutatud!<\/p>\n<p><strong>\u041e\u0431\u0449\u0438\u0435 \u0434\u0430\u043d\u043d\u044b\u0435<\/strong><\/p>\n<ul class=\"list-unstyled\">\n<li><strong>\u0420\u0430\u0437\u043c\u0435\u0440 \u0443\u043f\u0430\u043a\u043e\u0432\u043a\u0438<\/strong> 25 \u00d7 25 \u00d7 75 cm\u00a0 (\u0414\/\u0428\/\u0412)<\/li>\n<li><strong>\u0412\u0435\u0441\u00a08 kg<\/strong><\/li>\n<\/ul>\n","protected":false},"excerpt":{"rendered":"<p>\u041e\u0447\u0430\u0433 Tulekorv on m\u00f5eldud lahtise tule tegemiseks koduaeda, suvilasse, turismitallu ja maakodusse. Lihtsasti paigaldatav ja hoiustatav l\u00f5kkealus. Kasutamise ajal ja<\/p>\n","protected":false},"featured_media":33889,"template":"","meta":[],"product_cat":[597,1376],"product_tag":[],"class_list":{"0":"post-33887","1":"product","2":"type-product","3":"status-publish","4":"has-post-thumbnail","6":"product_cat-dlya-sada","7":"product_cat-zharovni","8":"tm-has-options","10":"first","11":"instock","12":"taxable","13":"shipping-taxable","14":"purchasable","15":"product-type-simple"},"_links":{"self":[{"href":"https:\/\/ecopood.ee\/ru\/wp-json\/wp\/v2\/product\/33887","targetHints":{"allow":["GET"]}}],"collection":[{"href":"https:\/\/ecopood.ee\/ru\/wp-json\/wp\/v2\/product"}],"about":[{"href":"https:\/\/ecopood.ee\/ru\/wp-json\/wp\/v2\/types\/product"}],"wp:featuredmedia":[{"embeddable":true,"href":"https:\/\/ecopood.ee\/ru\/wp-json\/wp\/v2\/media\/33889"}],"wp:attachment":[{"href":"https:\/\/ecopood.ee\/ru\/wp-json\/wp\/v2\/media?parent=33887"}],"wp:term":[{"taxonomy":"product_cat","embeddable":true,"href":"https:\/\/ecopood.ee\/ru\/wp-json\/wp\/v2\/product_cat?post=33887"},{"taxonomy":"product_tag","embeddable":true,"href":"https:\/\/ecopood.ee\/ru\/wp-json\/wp\/v2\/product_tag?post=33887"}],"curies":[{"name":"wp","href":"https:\/\/api.w.org\/{rel}","templated":true}]}}