{"id":36198,"date":"2022-09-19T11:54:15","date_gmt":"2022-09-19T08:54:15","guid":{"rendered":"https:\/\/ecopood.ee\/tempsi-vuugilint-hall-1-5x50mmx50m\/"},"modified":"2022-09-19T11:54:15","modified_gmt":"2022-09-19T08:54:15","slug":"tempsi-vuugilint-hall-1-5x50mmx50m","status":"publish","type":"product","link":"https:\/\/ecopood.ee\/ru\/tempsi-vuugilint-hall-1-5x50mmx50m\/","title":{"rendered":"Tempsi vuugilint hall 1,5*50mm*50m"},"content":{"rendered":"<p>Elastne PVC-vahtplastist vuugilint on sobilik fassaadiplaatide ja karkassi, samuti sokli ja kandekonstruktsiooni vaheliseks tihendamiseks.<\/p>\n<ul>\n<li>Vuugilindi kasutamine konstruktsioonis on vajalik \u00f5hu-, sooja- ja niiskusisolatsiooniks ning fassaadiplaatide vahele j\u00e4\u00e4vate vuukide viimistlemiseks<\/li>\n<li>Laia kasutusega PVC-vahtplastist elastne vuugilint on kaetud altpoolt hea nakkega akr\u00fc\u00fclliimiga ja pealtpoolt kaitsva, eemaldatava silikoonpaberiga<\/li>\n<li>Vuugilint on hea liimuvusega ning veetihe materjal, mis on UV-kiirguse ja ilmastikukindel<\/li>\n<li>Vuugilint tuleb liimida k\u00f5ikidele karkassi roovidele, et v\u00e4ltida liigse niiskuse kondenseerumist roovituse kohtadesse fassaadiplaadi pinnal<\/li>\n<li>Vuugilindi kasutamisega hoitakse \u00e4ra liigse niiskuse teke, mille tulemusena ei ladestu fassaadiplaatidele roovituse kohtades liigset tolmu<\/li>\n<\/ul>\n","protected":false},"excerpt":{"rendered":"<p>Elastne PVC-vahtplastist vuugilint on sobilik fassaadiplaatide ja karkassi, samuti sokli ja kandekonstruktsiooni vaheliseks tihendamiseks. Vuugilindi kasutamine konstruktsioonis on vajalik \u00f5hu-,<\/p>\n","protected":false},"featured_media":36193,"template":"","meta":[],"product_cat":[112,776,612],"product_tag":[],"class_list":{"0":"post-36198","1":"product","2":"type-product","3":"status-publish","4":"has-post-thumbnail","6":"product_cat-strojmaterialy","7":"product_cat-obshhestroitelnye-materialy","8":"product_cat-fasadnye-materialy","9":"product_shipping_class-kohaletoimetamine-kulleriga-499e-ru","10":"tm-has-options","12":"first","13":"instock","14":"taxable","15":"shipping-taxable","16":"purchasable","17":"product-type-simple"},"_links":{"self":[{"href":"https:\/\/ecopood.ee\/ru\/wp-json\/wp\/v2\/product\/36198","targetHints":{"allow":["GET"]}}],"collection":[{"href":"https:\/\/ecopood.ee\/ru\/wp-json\/wp\/v2\/product"}],"about":[{"href":"https:\/\/ecopood.ee\/ru\/wp-json\/wp\/v2\/types\/product"}],"wp:featuredmedia":[{"embeddable":true,"href":"https:\/\/ecopood.ee\/ru\/wp-json\/wp\/v2\/media\/36193"}],"wp:attachment":[{"href":"https:\/\/ecopood.ee\/ru\/wp-json\/wp\/v2\/media?parent=36198"}],"wp:term":[{"taxonomy":"product_cat","embeddable":true,"href":"https:\/\/ecopood.ee\/ru\/wp-json\/wp\/v2\/product_cat?post=36198"},{"taxonomy":"product_tag","embeddable":true,"href":"https:\/\/ecopood.ee\/ru\/wp-json\/wp\/v2\/product_tag?post=36198"}],"curies":[{"name":"wp","href":"https:\/\/api.w.org\/{rel}","templated":true}]}}