{"id":38084,"date":"2022-11-23T15:51:00","date_gmt":"2022-11-23T13:51:42","guid":{"rendered":"https:\/\/ecopood.ee\/keravalk-6tk-pakk\/"},"modified":"2024-11-21T14:10:31","modified_gmt":"2024-11-21T12:10:31","slug":"keravalk-6tk-pakk","status":"publish","type":"product","link":"https:\/\/ecopood.ee\/ru\/keravalk-6tk-pakk\/","title":{"rendered":"P\u00d6\u00d6RIS KOLL 6TK (PAKK)"},"content":{"rendered":"<h3>Ilutulestik &#8212; P\u00d6\u00d6RIS KOLL 6TK (PAKK)<\/h3>\n<div><\/div>\n<h3 class=\"tooteinfo-header mgt-25\">KIRJELDUS:<\/h3>\n<div>\n<p>P\u00d6\u00d6RIS KOLL 6TK (PAKK)<\/p>\n<\/div>\n","protected":false},"excerpt":{"rendered":"<p>Ilutulestik &#8212; P\u00d6\u00d6RIS KOLL 6TK (PAKK) KIRJELDUS: P\u00d6\u00d6RIS KOLL 6TK (PAKK)<\/p>\n","protected":false},"featured_media":51313,"template":"","meta":[],"product_cat":[1049,1161],"product_tag":[1146],"class_list":{"0":"post-38084","1":"product","2":"type-product","3":"status-publish","4":"has-post-thumbnail","6":"product_cat-fejerverki","7":"product_cat-komplekty","8":"product_tag-23-ru","9":"tm-has-options","11":"first","12":"instock","13":"taxable","14":"shipping-taxable","15":"purchasable","16":"product-type-simple"},"_links":{"self":[{"href":"https:\/\/ecopood.ee\/ru\/wp-json\/wp\/v2\/product\/38084","targetHints":{"allow":["GET"]}}],"collection":[{"href":"https:\/\/ecopood.ee\/ru\/wp-json\/wp\/v2\/product"}],"about":[{"href":"https:\/\/ecopood.ee\/ru\/wp-json\/wp\/v2\/types\/product"}],"wp:featuredmedia":[{"embeddable":true,"href":"https:\/\/ecopood.ee\/ru\/wp-json\/wp\/v2\/media\/51313"}],"wp:attachment":[{"href":"https:\/\/ecopood.ee\/ru\/wp-json\/wp\/v2\/media?parent=38084"}],"wp:term":[{"taxonomy":"product_cat","embeddable":true,"href":"https:\/\/ecopood.ee\/ru\/wp-json\/wp\/v2\/product_cat?post=38084"},{"taxonomy":"product_tag","embeddable":true,"href":"https:\/\/ecopood.ee\/ru\/wp-json\/wp\/v2\/product_tag?post=38084"}],"curies":[{"name":"wp","href":"https:\/\/api.w.org\/{rel}","templated":true}]}}