{"id":38085,"date":"2022-11-23T15:51:41","date_gmt":"2022-11-23T13:51:41","guid":{"rendered":"https:\/\/ecopood.ee\/pati-kartsukad-8tk-pakk\/"},"modified":"2022-12-06T14:51:15","modified_gmt":"2022-12-06T12:51:15","slug":"pati-kartsukad-8tk-pakk","status":"publish","type":"product","link":"https:\/\/ecopood.ee\/ru\/pati-kartsukad-8tk-pakk\/","title":{"rendered":"P\u00c4TI K\u00c4RTSUKAD 8tk (PAKK)"},"content":{"rendered":"<h3>Ilutulestik &#8212; P\u00c4TI K\u00c4RTSUKAD 8tk (PAKK)<\/h3>\n<div><\/div>\n<h3 class=\"tooteinfo-header mgt-25\">KIRJELDUS:<\/h3>\n<div>\n<p>Praginak\u00e4rtsukad 8tk\/pk<\/p>\n<\/div>\n","protected":false},"excerpt":{"rendered":"<p>Ilutulestik &#8212; P\u00c4TI K\u00c4RTSUKAD 8tk (PAKK) KIRJELDUS: Praginak\u00e4rtsukad 8tk\/pk<\/p>\n","protected":false},"featured_media":38004,"template":"","meta":[],"product_cat":[1049,1161],"product_tag":[1146],"class_list":{"0":"post-38085","1":"product","2":"type-product","3":"status-publish","4":"has-post-thumbnail","6":"product_cat-fejerverki","7":"product_cat-komplekty","8":"product_tag-23-ru","9":"tm-has-options","11":"first","12":"instock","13":"taxable","14":"shipping-taxable","15":"purchasable","16":"product-type-simple"},"_links":{"self":[{"href":"https:\/\/ecopood.ee\/ru\/wp-json\/wp\/v2\/product\/38085","targetHints":{"allow":["GET"]}}],"collection":[{"href":"https:\/\/ecopood.ee\/ru\/wp-json\/wp\/v2\/product"}],"about":[{"href":"https:\/\/ecopood.ee\/ru\/wp-json\/wp\/v2\/types\/product"}],"wp:featuredmedia":[{"embeddable":true,"href":"https:\/\/ecopood.ee\/ru\/wp-json\/wp\/v2\/media\/38004"}],"wp:attachment":[{"href":"https:\/\/ecopood.ee\/ru\/wp-json\/wp\/v2\/media?parent=38085"}],"wp:term":[{"taxonomy":"product_cat","embeddable":true,"href":"https:\/\/ecopood.ee\/ru\/wp-json\/wp\/v2\/product_cat?post=38085"},{"taxonomy":"product_tag","embeddable":true,"href":"https:\/\/ecopood.ee\/ru\/wp-json\/wp\/v2\/product_tag?post=38085"}],"curies":[{"name":"wp","href":"https:\/\/api.w.org\/{rel}","templated":true}]}}