{"id":38091,"date":"2022-11-23T15:51:00","date_gmt":"2022-11-23T13:51:00","guid":{"rendered":"https:\/\/ecopood.ee\/padrunivoo\/"},"modified":"2026-01-19T08:57:33","modified_gmt":"2026-01-19T06:57:33","slug":"padrunivoo","status":"publish","type":"product","link":"https:\/\/ecopood.ee\/ru\/padrunivoo\/","title":{"rendered":"PADRUNIV\u00d6\u00d6"},"content":{"rendered":"<h3>Ilutulestik &#8212; PADRUNIV\u00d6\u00d6<\/h3>\n<div><\/div>\n<h3 class=\"tooteinfo-header mgt-25\">KIRJELDUS:<\/h3>\n<div><\/div>\n<div>\n<div>Olete enda alati tahtnud tunda metsikus l\u00e4\u00e4nes ringi kappava kauboina, aga samas nagu hobuse selga ronida ikka ei julge? Alustuseks sobib \u00fcks m\u00f5nus padruniv\u00f6\u00f6. Just sellenimeline laengutekomplekt sisaldab k\u00fcmme uhket j\u00f5makat, mis suvalise p\u00fcstoli laskudele kiirelt \u00fcks-null \u00e4ra teeb.<\/div>\n<div><\/div>\n<div>Lennuk\u00f5rgus 20m.<\/div>\n<div><\/div>\n<\/div>\n","protected":false},"excerpt":{"rendered":"<p>Ilutulestik &#8212; PADRUNIV\u00d6\u00d6 KIRJELDUS: Olete enda alati tahtnud tunda metsikus l\u00e4\u00e4nes ringi kappava kauboina, aga samas nagu hobuse selga ronida<\/p>\n","protected":false},"featured_media":37990,"template":"","meta":[],"product_cat":[1049,1161],"product_tag":[],"class_list":{"0":"post-38091","1":"product","2":"type-product","3":"status-publish","4":"has-post-thumbnail","6":"product_cat-fejerverki","7":"product_cat-komplekty","8":"tm-has-options","10":"first","11":"instock","12":"sale","13":"taxable","14":"shipping-taxable","15":"purchasable","16":"product-type-simple"},"_links":{"self":[{"href":"https:\/\/ecopood.ee\/ru\/wp-json\/wp\/v2\/product\/38091","targetHints":{"allow":["GET"]}}],"collection":[{"href":"https:\/\/ecopood.ee\/ru\/wp-json\/wp\/v2\/product"}],"about":[{"href":"https:\/\/ecopood.ee\/ru\/wp-json\/wp\/v2\/types\/product"}],"wp:featuredmedia":[{"embeddable":true,"href":"https:\/\/ecopood.ee\/ru\/wp-json\/wp\/v2\/media\/37990"}],"wp:attachment":[{"href":"https:\/\/ecopood.ee\/ru\/wp-json\/wp\/v2\/media?parent=38091"}],"wp:term":[{"taxonomy":"product_cat","embeddable":true,"href":"https:\/\/ecopood.ee\/ru\/wp-json\/wp\/v2\/product_cat?post=38091"},{"taxonomy":"product_tag","embeddable":true,"href":"https:\/\/ecopood.ee\/ru\/wp-json\/wp\/v2\/product_tag?post=38091"}],"curies":[{"name":"wp","href":"https:\/\/api.w.org\/{rel}","templated":true}]}}