{"id":38095,"date":"2022-11-23T15:51:00","date_gmt":"2022-11-23T13:51:00","guid":{"rendered":"https:\/\/ecopood.ee\/age-purotehnika-komplekt\/"},"modified":"2026-01-19T08:59:31","modified_gmt":"2026-01-19T06:59:31","slug":"age-purotehnika-komplekt","status":"publish","type":"product","link":"https:\/\/ecopood.ee\/ru\/age-purotehnika-komplekt\/","title":{"rendered":"\u00c4GE P\u00dcROTEHNIKA KOMPLEKT"},"content":{"rendered":"<h3>Ilutulestik &#8212; \u00c4GE P\u00dcROTEHNIKA<br \/>\nKOMPLEKT RAKETTIDEGA<\/h3>\n<div><\/div>\n<h3 class=\"tooteinfo-header mgt-25\">KIRJELDUS:<\/h3>\n<div>\n<p>Nagu nimigi \u00fctleb, on tegu \u00fche igavesti vahva ja mitmek\u00fclgse ilutulestiku komplektiga. See sisaldab nii suuri kui v\u00e4ikeseid pulgaga rakette ning \u00fcht-teist p\u00f5nevat veel. Nii saab teinekord kohe suurema kambaga midagi t\u00f5eliselt \u00e4gedat teha.<\/p>\n<p>Lennuk\u00f5rgus 80m.<\/p>\n<\/div>\n","protected":false},"excerpt":{"rendered":"<p>Ilutulestik &#8212; \u00c4GE P\u00dcROTEHNIKA KOMPLEKT RAKETTIDEGA KIRJELDUS: Nagu nimigi \u00fctleb, on tegu \u00fche igavesti vahva ja mitmek\u00fclgse ilutulestiku komplektiga. See<\/p>\n","protected":false},"featured_media":37996,"template":"","meta":[],"product_cat":[1049,1161,1159],"product_tag":[],"class_list":{"0":"post-38095","1":"product","2":"type-product","3":"status-publish","4":"has-post-thumbnail","6":"product_cat-fejerverki","7":"product_cat-komplekty","8":"product_cat-rakety","9":"tm-has-options","11":"first","12":"instock","13":"sale","14":"taxable","15":"shipping-taxable","16":"purchasable","17":"product-type-simple"},"_links":{"self":[{"href":"https:\/\/ecopood.ee\/ru\/wp-json\/wp\/v2\/product\/38095","targetHints":{"allow":["GET"]}}],"collection":[{"href":"https:\/\/ecopood.ee\/ru\/wp-json\/wp\/v2\/product"}],"about":[{"href":"https:\/\/ecopood.ee\/ru\/wp-json\/wp\/v2\/types\/product"}],"wp:featuredmedia":[{"embeddable":true,"href":"https:\/\/ecopood.ee\/ru\/wp-json\/wp\/v2\/media\/37996"}],"wp:attachment":[{"href":"https:\/\/ecopood.ee\/ru\/wp-json\/wp\/v2\/media?parent=38095"}],"wp:term":[{"taxonomy":"product_cat","embeddable":true,"href":"https:\/\/ecopood.ee\/ru\/wp-json\/wp\/v2\/product_cat?post=38095"},{"taxonomy":"product_tag","embeddable":true,"href":"https:\/\/ecopood.ee\/ru\/wp-json\/wp\/v2\/product_tag?post=38095"}],"curies":[{"name":"wp","href":"https:\/\/api.w.org\/{rel}","templated":true}]}}