{"id":38096,"date":"2022-11-23T15:51:40","date_gmt":"2022-11-23T13:51:40","guid":{"rendered":"https:\/\/ecopood.ee\/de-lux-7-raketiga-komplekt\/"},"modified":"2026-01-19T09:00:51","modified_gmt":"2026-01-19T07:00:51","slug":"de-lux-7-raketiga-komplekt","status":"publish","type":"product","link":"https:\/\/ecopood.ee\/ru\/de-lux-7-raketiga-komplekt\/","title":{"rendered":"DE LUX 7 RAKETIGA KOMPLEKT"},"content":{"rendered":"<h3>Ilutulestik &#8212;<\/h3>\n<h2 class=\"product-title\">DE LUX 7 RAKETIGA KOMPLEKT<\/h2>\n<div><\/div>\n<h3 class=\"tooteinfo-header mgt-25\">KIRJELDUS:<\/h3>\n<div>\n<p>Kui olete juba proovinud meie erinevaid pulkrakette ja omandanud nende k\u00e4sitsemises t\u00f5elise vilumuse, v\u00f5ite end lugeda edasij\u00f5udnud raketilennutajate hulka. Sellisetele tegijatele on meil valmis pandud eriti magus pakkumine, mis koosneb 4 suurest ja 3 keskmisest pulgaga raketist. Ikka selleks, et korralik k\u00e4rts k\u00e4ep\u00e4rast v\u00f5tta oleks.<\/p>\n<p>Lennuk\u00f5rgus 90m.<\/p>\n<\/div>\n","protected":false},"excerpt":{"rendered":"<p>Ilutulestik &#8212; DE LUX 7 RAKETIGA KOMPLEKT KIRJELDUS: Kui olete juba proovinud meie erinevaid pulkrakette ja omandanud nende k\u00e4sitsemises t\u00f5elise<\/p>\n","protected":false},"featured_media":37998,"template":"","meta":[],"product_cat":[1049,1161,1159],"product_tag":[],"class_list":{"0":"post-38096","1":"product","2":"type-product","3":"status-publish","4":"has-post-thumbnail","6":"product_cat-fejerverki","7":"product_cat-komplekty","8":"product_cat-rakety","9":"tm-has-options","11":"first","12":"instock","13":"sale","14":"taxable","15":"shipping-taxable","16":"purchasable","17":"product-type-simple"},"_links":{"self":[{"href":"https:\/\/ecopood.ee\/ru\/wp-json\/wp\/v2\/product\/38096","targetHints":{"allow":["GET"]}}],"collection":[{"href":"https:\/\/ecopood.ee\/ru\/wp-json\/wp\/v2\/product"}],"about":[{"href":"https:\/\/ecopood.ee\/ru\/wp-json\/wp\/v2\/types\/product"}],"wp:featuredmedia":[{"embeddable":true,"href":"https:\/\/ecopood.ee\/ru\/wp-json\/wp\/v2\/media\/37998"}],"wp:attachment":[{"href":"https:\/\/ecopood.ee\/ru\/wp-json\/wp\/v2\/media?parent=38096"}],"wp:term":[{"taxonomy":"product_cat","embeddable":true,"href":"https:\/\/ecopood.ee\/ru\/wp-json\/wp\/v2\/product_cat?post=38096"},{"taxonomy":"product_tag","embeddable":true,"href":"https:\/\/ecopood.ee\/ru\/wp-json\/wp\/v2\/product_tag?post=38096"}],"curies":[{"name":"wp","href":"https:\/\/api.w.org\/{rel}","templated":true}]}}