{"id":38097,"date":"2022-11-23T15:51:40","date_gmt":"2022-11-23T13:51:40","guid":{"rendered":"https:\/\/ecopood.ee\/paberikahur-6-tk-komplektis\/"},"modified":"2023-12-04T15:32:18","modified_gmt":"2023-12-04T13:32:18","slug":"paberikahur","status":"publish","type":"product","link":"https:\/\/ecopood.ee\/ru\/paberikahur\/","title":{"rendered":"PABERIKAHUR"},"content":{"rendered":"<h3>Ilutulestik &#8212; PABERIKAHUR<\/h3>\n<div><\/div>\n<h3 class=\"tooteinfo-header mgt-25\">KIRJELDUS:<\/h3>\n<div>\n<p>N\u00f6\u00f6rist t\u00f5mmates teeb pauku ja lennutab paberiribasid.<\/p>\n<\/div>\n","protected":false},"excerpt":{"rendered":"<p>Ilutulestik &#8212; PABERIKAHUR KIRJELDUS: N\u00f6\u00f6rist t\u00f5mmates teeb pauku ja lennutab paberiribasid.<\/p>\n","protected":false},"featured_media":38000,"template":"","meta":[],"product_cat":[1049,1161],"product_tag":[1146],"class_list":{"0":"post-38097","1":"product","2":"type-product","3":"status-publish","4":"has-post-thumbnail","6":"product_cat-fejerverki","7":"product_cat-komplekty","8":"product_tag-23-ru","9":"tm-has-options","11":"first","12":"instock","13":"taxable","14":"shipping-taxable","15":"purchasable","16":"product-type-simple"},"_links":{"self":[{"href":"https:\/\/ecopood.ee\/ru\/wp-json\/wp\/v2\/product\/38097","targetHints":{"allow":["GET"]}}],"collection":[{"href":"https:\/\/ecopood.ee\/ru\/wp-json\/wp\/v2\/product"}],"about":[{"href":"https:\/\/ecopood.ee\/ru\/wp-json\/wp\/v2\/types\/product"}],"wp:featuredmedia":[{"embeddable":true,"href":"https:\/\/ecopood.ee\/ru\/wp-json\/wp\/v2\/media\/38000"}],"wp:attachment":[{"href":"https:\/\/ecopood.ee\/ru\/wp-json\/wp\/v2\/media?parent=38097"}],"wp:term":[{"taxonomy":"product_cat","embeddable":true,"href":"https:\/\/ecopood.ee\/ru\/wp-json\/wp\/v2\/product_cat?post=38097"},{"taxonomy":"product_tag","embeddable":true,"href":"https:\/\/ecopood.ee\/ru\/wp-json\/wp\/v2\/product_tag?post=38097"}],"curies":[{"name":"wp","href":"https:\/\/api.w.org\/{rel}","templated":true}]}}