{"id":38100,"date":"2022-11-23T15:51:39","date_gmt":"2022-11-23T13:51:39","guid":{"rendered":"https:\/\/ecopood.ee\/turbo\/"},"modified":"2025-11-21T14:57:19","modified_gmt":"2025-11-21T12:57:19","slug":"turbo","status":"publish","type":"product","link":"https:\/\/ecopood.ee\/ru\/turbo\/","title":{"rendered":"TURBO"},"content":{"rendered":"<h3>Ilutulestik &#8212; TURBO<\/h3>\n<div>\n<h3 class=\"mgt-25\"><strong>TOOTE M\u00d5\u00d5DUD:<\/strong><\/h3>\n<div>\n<ul>\n<li>\n<div>K\u00f5rgus: 10 cm<\/div>\n<\/li>\n<li>\n<div>Laius: 18 cm<\/div>\n<\/li>\n<li>\n<div>S\u00fcgavus: 9 cm<\/div>\n<\/li>\n<\/ul>\n<\/div>\n<\/div>\n<div>\n<div><\/div>\n<\/div>\n<div><iframe title=\"YouTube video player\" src=\"https:\/\/www.youtube.com\/embed\/RB0YJ0R74ME?si=wXN9fbjEK8ASk6Yu\" width=\"560\" height=\"315\" frameborder=\"0\" allowfullscreen=\"allowfullscreen\"><\/iframe><\/div>\n","protected":false},"excerpt":{"rendered":"<p>Ilutulestik &#8212; TURBO TOOTE M\u00d5\u00d5DUD: K\u00f5rgus: 10 cm Laius: 18 cm S\u00fcgavus: 9 cm<\/p>\n","protected":false},"featured_media":63359,"template":"","meta":[],"product_cat":[1049,1477],"product_tag":[],"class_list":{"0":"post-38100","1":"product","2":"type-product","3":"status-publish","4":"has-post-thumbnail","6":"product_cat-fejerverki","7":"product_cat-keskmised-patareid-ru","8":"tm-has-options","10":"first","11":"instock","12":"sale","13":"taxable","14":"shipping-taxable","15":"purchasable","16":"product-type-simple"},"_links":{"self":[{"href":"https:\/\/ecopood.ee\/ru\/wp-json\/wp\/v2\/product\/38100","targetHints":{"allow":["GET"]}}],"collection":[{"href":"https:\/\/ecopood.ee\/ru\/wp-json\/wp\/v2\/product"}],"about":[{"href":"https:\/\/ecopood.ee\/ru\/wp-json\/wp\/v2\/types\/product"}],"wp:featuredmedia":[{"embeddable":true,"href":"https:\/\/ecopood.ee\/ru\/wp-json\/wp\/v2\/media\/63359"}],"wp:attachment":[{"href":"https:\/\/ecopood.ee\/ru\/wp-json\/wp\/v2\/media?parent=38100"}],"wp:term":[{"taxonomy":"product_cat","embeddable":true,"href":"https:\/\/ecopood.ee\/ru\/wp-json\/wp\/v2\/product_cat?post=38100"},{"taxonomy":"product_tag","embeddable":true,"href":"https:\/\/ecopood.ee\/ru\/wp-json\/wp\/v2\/product_tag?post=38100"}],"curies":[{"name":"wp","href":"https:\/\/api.w.org\/{rel}","templated":true}]}}