{"id":38102,"date":"2022-11-23T15:51:39","date_gmt":"2022-11-23T13:51:39","guid":{"rendered":"https:\/\/ecopood.ee\/super-thunder-king-4tk-pakis\/"},"modified":"2026-01-16T15:33:29","modified_gmt":"2026-01-16T13:33:29","slug":"super-thunder-king-4tk-pakis","status":"publish","type":"product","link":"https:\/\/ecopood.ee\/ru\/super-thunder-king-4tk-pakis\/","title":{"rendered":"SUPER THUNDER KING 4TK PAKIS"},"content":{"rendered":"<h3>Ilutulestik &#8212; SUPER THUNDER KING 4TK PAKIS<\/h3>\n<p>&nbsp;<\/p>\n<div>\n<h3 class=\"mgt-25\">TOOTE M\u00d5\u00d5DUD:<\/h3>\n<div>K\u00f5rgus: 18 cm<\/div>\n<div>S\u00fcgavus: 3,5 cm<\/div>\n<div><\/div>\n<\/div>\n<h3 class=\"tooteinfo-header mgt-25\">KIRJELDUS:<\/h3>\n<div>\n<p>Kas jooksete voodi alla peitu, kui \u00f5ues m\u00fcristab ja v\u00e4lku l\u00f6\u00f6b? Siis pole see ilutulestik teie rida. \u201cSuper Thunder King\u201d on t\u00f5elise paugutaja unistus. Taevalaotuses prahvatavad laengud on sama aukartust\u00e4ratavad kui \u00e4ike.<\/p>\n<\/div>\n","protected":false},"excerpt":{"rendered":"<p>Ilutulestik &#8212; SUPER THUNDER KING 4TK PAKIS &nbsp; TOOTE M\u00d5\u00d5DUD: K\u00f5rgus: 18 cm S\u00fcgavus: 3,5 cm KIRJELDUS: Kas jooksete voodi<\/p>\n","protected":false},"featured_media":37982,"template":"","meta":[],"product_cat":[1049,1161],"product_tag":[],"class_list":{"0":"post-38102","1":"product","2":"type-product","3":"status-publish","4":"has-post-thumbnail","6":"product_cat-fejerverki","7":"product_cat-komplekty","8":"tm-has-options","10":"first","11":"instock","12":"sale","13":"taxable","14":"shipping-taxable","15":"purchasable","16":"product-type-simple"},"_links":{"self":[{"href":"https:\/\/ecopood.ee\/ru\/wp-json\/wp\/v2\/product\/38102","targetHints":{"allow":["GET"]}}],"collection":[{"href":"https:\/\/ecopood.ee\/ru\/wp-json\/wp\/v2\/product"}],"about":[{"href":"https:\/\/ecopood.ee\/ru\/wp-json\/wp\/v2\/types\/product"}],"wp:featuredmedia":[{"embeddable":true,"href":"https:\/\/ecopood.ee\/ru\/wp-json\/wp\/v2\/media\/37982"}],"wp:attachment":[{"href":"https:\/\/ecopood.ee\/ru\/wp-json\/wp\/v2\/media?parent=38102"}],"wp:term":[{"taxonomy":"product_cat","embeddable":true,"href":"https:\/\/ecopood.ee\/ru\/wp-json\/wp\/v2\/product_cat?post=38102"},{"taxonomy":"product_tag","embeddable":true,"href":"https:\/\/ecopood.ee\/ru\/wp-json\/wp\/v2\/product_tag?post=38102"}],"curies":[{"name":"wp","href":"https:\/\/api.w.org\/{rel}","templated":true}]}}