{"id":38103,"date":"2022-11-23T15:51:39","date_gmt":"2022-11-23T13:51:39","guid":{"rendered":"https:\/\/ecopood.ee\/paugukunn\/"},"modified":"2023-11-23T12:16:17","modified_gmt":"2023-11-23T10:16:17","slug":"paugukunn","status":"publish","type":"product","link":"https:\/\/ecopood.ee\/ru\/paugukunn\/","title":{"rendered":"PAUGUKUNN 3TK (PAKK)"},"content":{"rendered":"<h3>Ilutulestik &#8212; PAUGUKUNN 3TK (PAKK)<\/h3>\n<h3><\/h3>\n<h3 class=\"tooteinfo-header mgt-25\">KIRJELDUS:<\/h3>\n<div>\n<div class=\"tooteinfo-header mgt-25\">K\u00f5ige popimad paugud.<\/div>\n<div>\n<p>Tulistab v\u00e4rvilise t\u00e4he \u00f5hku ja \u00f5hus k\u00f5va pauk.<br \/>\nPakendis 3 toodet.<\/p>\n<\/div>\n<\/div>\n","protected":false},"excerpt":{"rendered":"<p>Ilutulestik &#8212; PAUGUKUNN 3TK (PAKK) KIRJELDUS: K\u00f5ige popimad paugud. Tulistab v\u00e4rvilise t\u00e4he \u00f5hku ja \u00f5hus k\u00f5va pauk. Pakendis 3 toodet.<\/p>\n","protected":false},"featured_media":37984,"template":"","meta":[],"product_cat":[1049,1161],"product_tag":[],"class_list":{"0":"post-38103","1":"product","2":"type-product","3":"status-publish","4":"has-post-thumbnail","6":"product_cat-fejerverki","7":"product_cat-komplekty","8":"tm-has-options","10":"first","11":"instock","12":"sale","13":"taxable","14":"shipping-taxable","15":"purchasable","16":"product-type-simple"},"_links":{"self":[{"href":"https:\/\/ecopood.ee\/ru\/wp-json\/wp\/v2\/product\/38103","targetHints":{"allow":["GET"]}}],"collection":[{"href":"https:\/\/ecopood.ee\/ru\/wp-json\/wp\/v2\/product"}],"about":[{"href":"https:\/\/ecopood.ee\/ru\/wp-json\/wp\/v2\/types\/product"}],"wp:featuredmedia":[{"embeddable":true,"href":"https:\/\/ecopood.ee\/ru\/wp-json\/wp\/v2\/media\/37984"}],"wp:attachment":[{"href":"https:\/\/ecopood.ee\/ru\/wp-json\/wp\/v2\/media?parent=38103"}],"wp:term":[{"taxonomy":"product_cat","embeddable":true,"href":"https:\/\/ecopood.ee\/ru\/wp-json\/wp\/v2\/product_cat?post=38103"},{"taxonomy":"product_tag","embeddable":true,"href":"https:\/\/ecopood.ee\/ru\/wp-json\/wp\/v2\/product_tag?post=38103"}],"curies":[{"name":"wp","href":"https:\/\/api.w.org\/{rel}","templated":true}]}}