{"id":38104,"date":"2022-11-23T15:51:39","date_gmt":"2022-11-23T13:51:39","guid":{"rendered":"https:\/\/ecopood.ee\/aikesekuningas-6tk-pakk\/"},"modified":"2026-01-16T15:31:31","modified_gmt":"2026-01-16T13:31:31","slug":"aikesekuningas-6tk-pakk","status":"publish","type":"product","link":"https:\/\/ecopood.ee\/ru\/aikesekuningas-6tk-pakk\/","title":{"rendered":"\u00c4IKESEKUNINGAS 6TK (PAKK)"},"content":{"rendered":"<h3>Ilutulestik &#8212; \u00c4IKESEKUNINGAS 6TK (PAKK)<\/h3>\n<h3>TOOTE M\u00d5\u00d5DUD:<\/h3>\n<div>\n<div class=\"tooteinfo-header mgt-25\">\n<div>\n<div>K\u00f5rgus: 12 cm<\/div>\n<div>S\u00fcgavus: 2 cm<\/div>\n<div><\/div>\n<\/div>\n<h3 class=\"tooteinfo-header mgt-25\">KIRJELDUS:<\/h3>\n<div>\n<p>Roheline rakett v\u00e4ga tugeva pauguga.<\/p>\n<p>Lennuk\u00f5rgus 25m.<\/p>\n<p>M\u00fc\u00fcakse karbina. Karbis 6 t\u00fckki.<\/p>\n<p>&nbsp;<\/p>\n<\/div>\n<\/div>\n<\/div>\n<p><iframe title=\"YouTube video player\" src=\"https:\/\/www.youtube.com\/embed\/E0W5VKct414\" width=\"560\" height=\"315\" frameborder=\"0\" allowfullscreen=\"allowfullscreen\"><\/iframe><\/p>\n","protected":false},"excerpt":{"rendered":"<p>Ilutulestik &#8212; \u00c4IKESEKUNINGAS 6TK (PAKK) TOOTE M\u00d5\u00d5DUD: K\u00f5rgus: 12 cm S\u00fcgavus: 2 cm KIRJELDUS: Roheline rakett v\u00e4ga tugeva pauguga. Lennuk\u00f5rgus<\/p>\n","protected":false},"featured_media":37986,"template":"","meta":[],"product_cat":[1049,1161],"product_tag":[],"class_list":{"0":"post-38104","1":"product","2":"type-product","3":"status-publish","4":"has-post-thumbnail","6":"product_cat-fejerverki","7":"product_cat-komplekty","8":"tm-has-options","10":"first","11":"instock","12":"sale","13":"taxable","14":"shipping-taxable","15":"purchasable","16":"product-type-simple"},"_links":{"self":[{"href":"https:\/\/ecopood.ee\/ru\/wp-json\/wp\/v2\/product\/38104","targetHints":{"allow":["GET"]}}],"collection":[{"href":"https:\/\/ecopood.ee\/ru\/wp-json\/wp\/v2\/product"}],"about":[{"href":"https:\/\/ecopood.ee\/ru\/wp-json\/wp\/v2\/types\/product"}],"wp:featuredmedia":[{"embeddable":true,"href":"https:\/\/ecopood.ee\/ru\/wp-json\/wp\/v2\/media\/37986"}],"wp:attachment":[{"href":"https:\/\/ecopood.ee\/ru\/wp-json\/wp\/v2\/media?parent=38104"}],"wp:term":[{"taxonomy":"product_cat","embeddable":true,"href":"https:\/\/ecopood.ee\/ru\/wp-json\/wp\/v2\/product_cat?post=38104"},{"taxonomy":"product_tag","embeddable":true,"href":"https:\/\/ecopood.ee\/ru\/wp-json\/wp\/v2\/product_tag?post=38104"}],"curies":[{"name":"wp","href":"https:\/\/api.w.org\/{rel}","templated":true}]}}