{"id":38107,"date":"2022-11-23T15:51:38","date_gmt":"2022-11-23T13:51:38","guid":{"rendered":"https:\/\/ecopood.ee\/jumbo\/"},"modified":"2025-11-24T13:33:00","modified_gmt":"2025-11-24T11:33:00","slug":"jumbo","status":"publish","type":"product","link":"https:\/\/ecopood.ee\/ru\/jumbo\/","title":{"rendered":"PYRO MONSTER"},"content":{"rendered":"<h3>Ilutulestik &#8212; PYRO MONSTER<\/h3>\n<div><\/div>\n<p><span style=\"font-size: 1.618em;\">TOOTE M\u00d5\u00d5DUD:<\/span><\/p>\n<div>\n<ul>\n<li>\n<div>K\u00f5rgus: 46 cm<\/div>\n<\/li>\n<li>\n<div>Laius: 26 cm<\/div>\n<\/li>\n<\/ul>\n<h3 class=\"tooteinfo-header mgt-25\">KIRJELDUS:<\/h3>\n<div>K\u00e4rtsu ja m\u00fcrtsu armastavad nii suured kui v\u00e4ikesed. V\u00e4ikesed teinekord vaat et k\u00f5ige rohkem. Meie mahukaim lastekomplekt \u201cPYRO MONSTER\u201d kisub pisiperel suunurgad k\u00f5rvade taha. Komplekti kuulub suurel hulgal erinevat head paugukraami.<\/div>\n<div>\n<p>Komplekt\u00a0 9 toodet.<\/p>\n<\/div>\n<\/div>\n","protected":false},"excerpt":{"rendered":"<p>Ilutulestik &#8212; PYRO MONSTER TOOTE M\u00d5\u00d5DUD: K\u00f5rgus: 46 cm Laius: 26 cm KIRJELDUS: K\u00e4rtsu ja m\u00fcrtsu armastavad nii suured kui<\/p>\n","protected":false},"featured_media":63398,"template":"","meta":[],"product_cat":[1049,1161],"product_tag":[1146],"class_list":{"0":"post-38107","1":"product","2":"type-product","3":"status-publish","4":"has-post-thumbnail","6":"product_cat-fejerverki","7":"product_cat-komplekty","8":"product_tag-23-ru","9":"tm-has-options","11":"first","12":"instock","13":"taxable","14":"shipping-taxable","15":"purchasable","16":"product-type-simple"},"_links":{"self":[{"href":"https:\/\/ecopood.ee\/ru\/wp-json\/wp\/v2\/product\/38107","targetHints":{"allow":["GET"]}}],"collection":[{"href":"https:\/\/ecopood.ee\/ru\/wp-json\/wp\/v2\/product"}],"about":[{"href":"https:\/\/ecopood.ee\/ru\/wp-json\/wp\/v2\/types\/product"}],"wp:featuredmedia":[{"embeddable":true,"href":"https:\/\/ecopood.ee\/ru\/wp-json\/wp\/v2\/media\/63398"}],"wp:attachment":[{"href":"https:\/\/ecopood.ee\/ru\/wp-json\/wp\/v2\/media?parent=38107"}],"wp:term":[{"taxonomy":"product_cat","embeddable":true,"href":"https:\/\/ecopood.ee\/ru\/wp-json\/wp\/v2\/product_cat?post=38107"},{"taxonomy":"product_tag","embeddable":true,"href":"https:\/\/ecopood.ee\/ru\/wp-json\/wp\/v2\/product_tag?post=38107"}],"curies":[{"name":"wp","href":"https:\/\/api.w.org\/{rel}","templated":true}]}}