{"id":38108,"date":"2022-11-23T15:51:38","date_gmt":"2022-11-23T13:51:38","guid":{"rendered":"https:\/\/ecopood.ee\/oh-sa-pauk\/"},"modified":"2022-12-06T14:32:11","modified_gmt":"2022-12-06T12:32:11","slug":"oh-sa-pauk","status":"publish","type":"product","link":"https:\/\/ecopood.ee\/ru\/oh-sa-pauk\/","title":{"rendered":"OH SA PAUK"},"content":{"rendered":"<h3>Ilutulestik &#8212; OH SA PAUK<\/h3>\n<div><\/div>\n<p><span style=\"font-size: 1.618em;\">TOOTE M\u00d5\u00d5DUD:<\/span><\/p>\n<div>\n<ul>\n<li>\n<div>K\u00f5rgus: 41 cm<\/div>\n<\/li>\n<li>\n<div>Laius: 12 cm<\/div>\n<\/li>\n<\/ul>\n<h3 class=\"tooteinfo-header mgt-25\">KIRJELDUS:<\/h3>\n<div>\n<p>Suur ja v\u00f5imas komplekt noorele p\u00fcrotehnikule. Komplekti kuulub 12 toodet.<br \/>\nV\u00e4lgu torm, Kerav\u00e4lk 2 tk, K\u00e4rtsupommid, Vesuuv 2tk, Peeru leek, Vulkaan 3tk, S\u00e4rin, Strobo v\u00e4lk.<\/p>\n<\/div>\n<\/div>\n","protected":false},"excerpt":{"rendered":"<p>Ilutulestik &#8212; OH SA PAUK TOOTE M\u00d5\u00d5DUD: K\u00f5rgus: 41 cm Laius: 12 cm KIRJELDUS: Suur ja v\u00f5imas komplekt noorele p\u00fcrotehnikule.<\/p>\n","protected":false},"featured_media":37974,"template":"","meta":[],"product_cat":[1049,1161],"product_tag":[1146],"class_list":{"0":"post-38108","1":"product","2":"type-product","3":"status-publish","4":"has-post-thumbnail","6":"product_cat-fejerverki","7":"product_cat-komplekty","8":"product_tag-23-ru","9":"tm-has-options","11":"first","12":"instock","13":"taxable","14":"shipping-taxable","15":"purchasable","16":"product-type-simple"},"_links":{"self":[{"href":"https:\/\/ecopood.ee\/ru\/wp-json\/wp\/v2\/product\/38108","targetHints":{"allow":["GET"]}}],"collection":[{"href":"https:\/\/ecopood.ee\/ru\/wp-json\/wp\/v2\/product"}],"about":[{"href":"https:\/\/ecopood.ee\/ru\/wp-json\/wp\/v2\/types\/product"}],"wp:featuredmedia":[{"embeddable":true,"href":"https:\/\/ecopood.ee\/ru\/wp-json\/wp\/v2\/media\/37974"}],"wp:attachment":[{"href":"https:\/\/ecopood.ee\/ru\/wp-json\/wp\/v2\/media?parent=38108"}],"wp:term":[{"taxonomy":"product_cat","embeddable":true,"href":"https:\/\/ecopood.ee\/ru\/wp-json\/wp\/v2\/product_cat?post=38108"},{"taxonomy":"product_tag","embeddable":true,"href":"https:\/\/ecopood.ee\/ru\/wp-json\/wp\/v2\/product_tag?post=38108"}],"curies":[{"name":"wp","href":"https:\/\/api.w.org\/{rel}","templated":true}]}}