{"id":38109,"date":"2022-11-23T15:51:38","date_gmt":"2022-11-23T13:51:38","guid":{"rendered":"https:\/\/ecopood.ee\/susser-musser\/"},"modified":"2022-12-06T14:29:26","modified_gmt":"2022-12-06T12:29:26","slug":"susser-musser","status":"publish","type":"product","link":"https:\/\/ecopood.ee\/ru\/susser-musser\/","title":{"rendered":"SUSSER MUSSER"},"content":{"rendered":"<h3>Ilutulestik &#8212; SUSSER MUSSER<\/h3>\n<div><\/div>\n<p><span style=\"font-size: 1.618em;\">TOOTE M\u00d5\u00d5DUD:<\/span><\/p>\n<div>\n<ul>\n<li>\n<div>K\u00f5rgus: 25 cm<\/div>\n<\/li>\n<li>\n<div>Laius: 10 cm<\/div>\n<\/li>\n<\/ul>\n<h3 class=\"tooteinfo-header mgt-25\">KIRJELDUS:<\/h3>\n<div>\n<p>Uudne ja moodne komplekt noorele p\u00fcrotehnikule. Komplekti kuulub 6 toodet.<br \/>\nS\u00e4rin, Strobo v\u00e4lk, Kerav\u00e4lk, K\u00e4rtsupommid, Paugu pr\u00f5ksud\u00a0 2 tk<\/p>\n<\/div>\n<\/div>\n","protected":false},"excerpt":{"rendered":"<p>Ilutulestik &#8212; SUSSER MUSSER TOOTE M\u00d5\u00d5DUD: K\u00f5rgus: 25 cm Laius: 10 cm KIRJELDUS: Uudne ja moodne komplekt noorele p\u00fcrotehnikule. Komplekti<\/p>\n","protected":false},"featured_media":37976,"template":"","meta":[],"product_cat":[1049,1161],"product_tag":[1146],"class_list":{"0":"post-38109","1":"product","2":"type-product","3":"status-publish","4":"has-post-thumbnail","6":"product_cat-fejerverki","7":"product_cat-komplekty","8":"product_tag-23-ru","9":"tm-has-options","11":"first","12":"instock","13":"taxable","14":"shipping-taxable","15":"purchasable","16":"product-type-simple"},"_links":{"self":[{"href":"https:\/\/ecopood.ee\/ru\/wp-json\/wp\/v2\/product\/38109","targetHints":{"allow":["GET"]}}],"collection":[{"href":"https:\/\/ecopood.ee\/ru\/wp-json\/wp\/v2\/product"}],"about":[{"href":"https:\/\/ecopood.ee\/ru\/wp-json\/wp\/v2\/types\/product"}],"wp:featuredmedia":[{"embeddable":true,"href":"https:\/\/ecopood.ee\/ru\/wp-json\/wp\/v2\/media\/37976"}],"wp:attachment":[{"href":"https:\/\/ecopood.ee\/ru\/wp-json\/wp\/v2\/media?parent=38109"}],"wp:term":[{"taxonomy":"product_cat","embeddable":true,"href":"https:\/\/ecopood.ee\/ru\/wp-json\/wp\/v2\/product_cat?post=38109"},{"taxonomy":"product_tag","embeddable":true,"href":"https:\/\/ecopood.ee\/ru\/wp-json\/wp\/v2\/product_tag?post=38109"}],"curies":[{"name":"wp","href":"https:\/\/api.w.org\/{rel}","templated":true}]}}