{"id":38117,"date":"2022-11-23T14:34:23","date_gmt":"2022-11-23T12:34:23","guid":{"rendered":"https:\/\/ecopood.ee\/komeet-8-lasku\/"},"modified":"2026-01-16T15:35:06","modified_gmt":"2026-01-16T13:35:06","slug":"komeet-8-lasku","status":"publish","type":"product","link":"https:\/\/ecopood.ee\/ru\/komeet-8-lasku\/","title":{"rendered":"KOMEET 8 lasku"},"content":{"rendered":"<h3>Ilutulestik &#8212; KOMEET 8 lasku<\/h3>\n<h3>KIRJELDUS:<\/h3>\n<div>\n<div>\n<p>Rooma k\u00fc\u00fcnal tulistab imeilusaid v\u00e4rvilis komeete.<br \/>\n8 lasku<br \/>\nKestus ligi 30 sekundit<br \/>\nLennuk\u00f5rgus 30 meetrit,<\/p>\n<\/div>\n<\/div>\n<p><iframe title=\"YouTube video player\" src=\"https:\/\/www.youtube.com\/embed\/JPkCTMfgqTA\" width=\"560\" height=\"315\" frameborder=\"0\" allowfullscreen=\"allowfullscreen\"><\/iframe><\/p>\n","protected":false},"excerpt":{"rendered":"<p><strong>Lasku: 8<br \/>\nAeg: 30s<\/strong><\/p>\n","protected":false},"featured_media":37932,"template":"","meta":[],"product_cat":[1049,1160,1162],"product_tag":[],"class_list":{"0":"post-38117","1":"product","2":"type-product","3":"status-publish","4":"has-post-thumbnail","6":"product_cat-fejerverki","7":"product_cat-bengalskie-ogni","8":"product_cat-tihij-fejerverk","9":"tm-has-options","11":"first","12":"instock","13":"sale","14":"taxable","15":"shipping-taxable","16":"purchasable","17":"product-type-simple"},"_links":{"self":[{"href":"https:\/\/ecopood.ee\/ru\/wp-json\/wp\/v2\/product\/38117","targetHints":{"allow":["GET"]}}],"collection":[{"href":"https:\/\/ecopood.ee\/ru\/wp-json\/wp\/v2\/product"}],"about":[{"href":"https:\/\/ecopood.ee\/ru\/wp-json\/wp\/v2\/types\/product"}],"wp:featuredmedia":[{"embeddable":true,"href":"https:\/\/ecopood.ee\/ru\/wp-json\/wp\/v2\/media\/37932"}],"wp:attachment":[{"href":"https:\/\/ecopood.ee\/ru\/wp-json\/wp\/v2\/media?parent=38117"}],"wp:term":[{"taxonomy":"product_cat","embeddable":true,"href":"https:\/\/ecopood.ee\/ru\/wp-json\/wp\/v2\/product_cat?post=38117"},{"taxonomy":"product_tag","embeddable":true,"href":"https:\/\/ecopood.ee\/ru\/wp-json\/wp\/v2\/product_tag?post=38117"}],"curies":[{"name":"wp","href":"https:\/\/api.w.org\/{rel}","templated":true}]}}