{"id":38226,"date":"2022-11-23T13:39:00","date_gmt":"2022-11-23T11:39:41","guid":{"rendered":"https:\/\/ecopood.ee\/show-time-66-lasku\/"},"modified":"2026-01-16T15:16:14","modified_gmt":"2026-01-16T13:16:14","slug":"show-time-66-lasku","status":"publish","type":"product","link":"https:\/\/ecopood.ee\/ru\/show-time-66-lasku\/","title":{"rendered":"SHOW TIME 66 lasku"},"content":{"rendered":"<h3>Ilutulestik &#8212; SHOW TIME 66 lasku<\/h3>\n<h3>TOOTE M\u00d5\u00d5DUD:<\/h3>\n<div>K\u00f5rgus: 12,5 cm<\/div>\n<div>Laius: 26,5 cm<\/div>\n<div>S\u00fcgavus: 20 cm<\/div>\n<div><\/div>\n<div><\/div>\n<div>\n<h3 class=\"tooteinfo-header mgt-25\">KIRJELDUS:<\/h3>\n<div>Lennutab taevalaotusse eriveid t\u00e4hepomme, komeete ja v\u00e4rvilisi t\u00e4helilli. 66 erivat lasku t\u00f5usevad kuni 25 meetri k\u00f5rgusele ja kestab ligi 60 sekundit.<\/div>\n<div><\/div>\n<\/div>\n<div><\/div>\n<p><iframe title=\"YouTube video player\" src=\"https:\/\/www.youtube.com\/embed\/BB8WkV4Aogk\" width=\"560\" height=\"315\" frameborder=\"0\" allowfullscreen=\"allowfullscreen\"><\/iframe><\/p>\n","protected":false},"excerpt":{"rendered":"<p><strong>Kaliiber: ?mm<br \/>\nLasku: 66<br \/>\nKestus: 60s<\/strong><\/p>\n","protected":false},"featured_media":37576,"template":"","meta":[],"product_cat":[1049,1477],"product_tag":[1144],"class_list":{"0":"post-38226","1":"product","2":"type-product","3":"status-publish","4":"has-post-thumbnail","6":"product_cat-fejerverki","7":"product_cat-keskmised-patareid-ru","8":"product_tag-12-ru","9":"tm-has-options","11":"first","12":"instock","13":"taxable","14":"shipping-taxable","15":"purchasable","16":"product-type-simple"},"_links":{"self":[{"href":"https:\/\/ecopood.ee\/ru\/wp-json\/wp\/v2\/product\/38226","targetHints":{"allow":["GET"]}}],"collection":[{"href":"https:\/\/ecopood.ee\/ru\/wp-json\/wp\/v2\/product"}],"about":[{"href":"https:\/\/ecopood.ee\/ru\/wp-json\/wp\/v2\/types\/product"}],"wp:featuredmedia":[{"embeddable":true,"href":"https:\/\/ecopood.ee\/ru\/wp-json\/wp\/v2\/media\/37576"}],"wp:attachment":[{"href":"https:\/\/ecopood.ee\/ru\/wp-json\/wp\/v2\/media?parent=38226"}],"wp:term":[{"taxonomy":"product_cat","embeddable":true,"href":"https:\/\/ecopood.ee\/ru\/wp-json\/wp\/v2\/product_cat?post=38226"},{"taxonomy":"product_tag","embeddable":true,"href":"https:\/\/ecopood.ee\/ru\/wp-json\/wp\/v2\/product_tag?post=38226"}],"curies":[{"name":"wp","href":"https:\/\/api.w.org\/{rel}","templated":true}]}}