{"id":38248,"date":"2022-11-23T13:39:00","date_gmt":"2022-11-23T11:39:00","guid":{"rendered":"https:\/\/ecopood.ee\/60-saravat-tahte-60-lasku\/"},"modified":"2026-04-23T14:08:17","modified_gmt":"2026-04-23T11:08:17","slug":"60-saravat-tahte-60-lasku","status":"publish","type":"product","link":"https:\/\/ecopood.ee\/ru\/60-saravat-tahte-60-lasku\/","title":{"rendered":"60 S\u00e4ravat t\u00e4hte 60 lasku"},"content":{"rendered":"<h3>Ilutulestik &#8212; 60 S\u00e4ravat t\u00e4hte 60 lasku<\/h3>\n<div><\/div>\n<p><span style=\"font-size: 1.618em;\">TOOTE M\u00d5\u00d5DUD:<\/span><\/p>\n<div>\n<ul>\n<li>K\u00f5rgus: 10 cm<\/li>\n<li>Laius: 20 cm<\/li>\n<\/ul>\n<div><span style=\"font-size: 1.618em;\">KIRJELDUS:<\/span><\/div>\n<div><\/div>\n<\/div>\n<div>\n<div>\n<div>\u201c60 S\u00e4ravat T\u00e4hte\u201d on igati \u0161ikk ja silmi paitav ilutulesik, mille hinna ja kvaliteedi suhe r\u00f5\u00f5mustab iga ostjat. Kui teil pole k\u00e4ep\u00e4rast \u00fchtki erilist inimest, keda taolise komplektiga r\u00f5\u00f5mustada, ostke see endale. Olete seda v\u00e4\u00e4rt.<\/div>\n<p>Taevas avaneb 60 erineva efekti ja v\u00e4rviga t\u00e4helille, mis lendavad 40 sekundi jooksul ligi 25\u00a0meetri k\u00f5rgusele.<\/p>\n<\/div>\n<div><\/div>\n<\/div>\n<p><iframe title=\"YouTube video player\" src=\"https:\/\/www.youtube.com\/embed\/2FsWYEyXa28\" width=\"560\" height=\"315\" frameborder=\"0\" allowfullscreen=\"allowfullscreen\"><\/iframe><\/p>\n","protected":false},"excerpt":{"rendered":"<p><strong>Kaliiber: 20mm<br \/>\nLasku: 60<br \/>\nK\u00f5rgus: 25m<\/strong><\/p>\n","protected":false},"featured_media":37500,"template":"","meta":[],"product_cat":[1049,1477],"product_tag":[],"class_list":{"0":"post-38248","1":"product","2":"type-product","3":"status-publish","4":"has-post-thumbnail","6":"product_cat-fejerverki","7":"product_cat-keskmised-patareid-ru","8":"pa_brand-arnika-ru","9":"tm-has-options","11":"first","12":"instock","13":"sale","14":"taxable","15":"shipping-taxable","16":"purchasable","17":"product-type-simple"},"_links":{"self":[{"href":"https:\/\/ecopood.ee\/ru\/wp-json\/wp\/v2\/product\/38248","targetHints":{"allow":["GET"]}}],"collection":[{"href":"https:\/\/ecopood.ee\/ru\/wp-json\/wp\/v2\/product"}],"about":[{"href":"https:\/\/ecopood.ee\/ru\/wp-json\/wp\/v2\/types\/product"}],"wp:featuredmedia":[{"embeddable":true,"href":"https:\/\/ecopood.ee\/ru\/wp-json\/wp\/v2\/media\/37500"}],"wp:attachment":[{"href":"https:\/\/ecopood.ee\/ru\/wp-json\/wp\/v2\/media?parent=38248"}],"wp:term":[{"taxonomy":"product_cat","embeddable":true,"href":"https:\/\/ecopood.ee\/ru\/wp-json\/wp\/v2\/product_cat?post=38248"},{"taxonomy":"product_tag","embeddable":true,"href":"https:\/\/ecopood.ee\/ru\/wp-json\/wp\/v2\/product_tag?post=38248"}],"curies":[{"name":"wp","href":"https:\/\/api.w.org\/{rel}","templated":true}]}}