{"id":38250,"date":"2022-11-23T13:39:00","date_gmt":"2022-11-23T11:39:00","guid":{"rendered":"https:\/\/ecopood.ee\/pidupaeva-saluut-88-lasku\/"},"modified":"2026-01-16T15:16:40","modified_gmt":"2026-01-16T13:16:40","slug":"pidupaeva-saluut-88-lasku","status":"publish","type":"product","link":"https:\/\/ecopood.ee\/ru\/pidupaeva-saluut-88-lasku\/","title":{"rendered":"Pidup\u00e4eva saluut 88 lasku"},"content":{"rendered":"<h3>Ilutulestik &#8212; Pidup\u00e4eva saluut 88 lasku<\/h3>\n<div><\/div>\n<p><span style=\"font-size: 1.618em;\">TOOTE M\u00d5\u00d5DUD:<\/span><\/p>\n<div>\n<ul>\n<li>K\u00f5rgus: 13 cm<\/li>\n<li>Laius: 27 cm<\/li>\n<\/ul>\n<div><span style=\"font-size: 1.618em;\">KIRJELDUS:<\/span><\/div>\n<div><\/div>\n<\/div>\n<div>\n<div>\n<div>Kui on pidu, siis olgu ikka pidu l\u00f5puni. S\u00fclt olgu liha t\u00e4is, sai mustaku rosinatest ning finaalina lennaku \u00fcks korralik pauk taevassse. Et nii t\u00f5esti on, kinnitab t\u00f5siasi, et tegu on meie m\u00f6\u00f6dunudaastase menu tootega. \u00d5nneks saate erinevate efektidega 88-lasulist tuleilu nautida ka edaspidi. Oma rahva r\u00f5\u00f5muks!<\/div>\n<div><\/div>\n<div>Lennuk\u00f5rgus 25m, kestus\u00a0 ligi 50 sekundit.<\/div>\n<\/div>\n<div><\/div>\n<\/div>\n<p><iframe title=\"YouTube video player\" src=\"https:\/\/www.youtube.com\/embed\/0qpmLIY_3Sc\" width=\"560\" height=\"315\" frameborder=\"0\" allowfullscreen=\"allowfullscreen\"><\/iframe><\/p>\n","protected":false},"excerpt":{"rendered":"<p><strong>Kaliiber: 20mm<br \/>\nLasku: 88<br \/>\nK\u00f5rgus: 25m<\/strong><\/p>\n","protected":false},"featured_media":37508,"template":"","meta":[],"product_cat":[1049,1477],"product_tag":[],"class_list":{"0":"post-38250","1":"product","2":"type-product","3":"status-publish","4":"has-post-thumbnail","6":"product_cat-fejerverki","7":"product_cat-keskmised-patareid-ru","8":"pa_brand-arnika-ru","9":"tm-has-options","11":"first","12":"instock","13":"sale","14":"taxable","15":"shipping-taxable","16":"purchasable","17":"product-type-simple"},"_links":{"self":[{"href":"https:\/\/ecopood.ee\/ru\/wp-json\/wp\/v2\/product\/38250","targetHints":{"allow":["GET"]}}],"collection":[{"href":"https:\/\/ecopood.ee\/ru\/wp-json\/wp\/v2\/product"}],"about":[{"href":"https:\/\/ecopood.ee\/ru\/wp-json\/wp\/v2\/types\/product"}],"wp:featuredmedia":[{"embeddable":true,"href":"https:\/\/ecopood.ee\/ru\/wp-json\/wp\/v2\/media\/37508"}],"wp:attachment":[{"href":"https:\/\/ecopood.ee\/ru\/wp-json\/wp\/v2\/media?parent=38250"}],"wp:term":[{"taxonomy":"product_cat","embeddable":true,"href":"https:\/\/ecopood.ee\/ru\/wp-json\/wp\/v2\/product_cat?post=38250"},{"taxonomy":"product_tag","embeddable":true,"href":"https:\/\/ecopood.ee\/ru\/wp-json\/wp\/v2\/product_tag?post=38250"}],"curies":[{"name":"wp","href":"https:\/\/api.w.org\/{rel}","templated":true}]}}