{"id":38253,"date":"2022-11-23T13:18:22","date_gmt":"2022-11-23T11:18:22","guid":{"rendered":"https:\/\/ecopood.ee\/tnt-dynamiit-6-lasku\/"},"modified":"2025-11-20T10:21:33","modified_gmt":"2025-11-20T08:21:33","slug":"tnt-dynamiit-6-lasku","status":"publish","type":"product","link":"https:\/\/ecopood.ee\/ru\/tnt-dynamiit-6-lasku\/","title":{"rendered":"TNT DYNAMIIT 6 lasku"},"content":{"rendered":"<h3>Ilutulestik &#8212; TNT DYNAMIIT 6 lasku<\/h3>\n<div><\/div>\n<div>\n<div><span style=\"font-size: 1.618em;\">KIRJELDUS:<\/span><\/div>\n<\/div>\n<div><\/div>\n<div>\n<p>Vahest tahaks ikka kohe korraliku pauku, mis m\u00e4ed v\u00e4risema ja naabrinaisel kohvi tassist \u00fcle serva loksuma paneb. \u00c4rge muretsege, selleks pole vaja ilmtingimata kaitsev\u00e4elaseks hakata, kuigi v\u00f5iksite. Paadunud tsivilistid saavad \u00e4geda paugu ka selle kordumatu 30 sekundit kestva kuldsest vulkaanist ja kuuest t\u00e4hebuketist koosneva komplektiga.<br \/>\nFinaalis kuldne pragin.<\/p>\n<p>Lennuk\u00f5rgus kuni 30 meetrit<\/p>\n<p>Kestus ligi 40 sekundit.<\/p>\n<\/div>\n<div>\n<div><\/div>\n<\/div>\n<p><iframe title=\"YouTube video player\" src=\"https:\/\/www.youtube.com\/embed\/fz9HCxYxsqk\" width=\"560\" height=\"315\" frameborder=\"0\" allowfullscreen=\"allowfullscreen\"><\/iframe><\/p>\n","protected":false},"excerpt":{"rendered":"<p><strong>Kaliiber: 30mm<br \/>\nLasku: 8<br \/>\nAeg: 20s<\/strong><\/p>\n","protected":false},"featured_media":37465,"template":"","meta":[],"product_cat":[1049,1157],"product_tag":[],"class_list":{"0":"post-38253","1":"product","2":"type-product","3":"status-publish","4":"has-post-thumbnail","6":"product_cat-fejerverki","7":"product_cat-malye-batarei","8":"tm-has-options","10":"first","11":"instock","12":"sale","13":"taxable","14":"shipping-taxable","15":"purchasable","16":"product-type-simple"},"_links":{"self":[{"href":"https:\/\/ecopood.ee\/ru\/wp-json\/wp\/v2\/product\/38253","targetHints":{"allow":["GET"]}}],"collection":[{"href":"https:\/\/ecopood.ee\/ru\/wp-json\/wp\/v2\/product"}],"about":[{"href":"https:\/\/ecopood.ee\/ru\/wp-json\/wp\/v2\/types\/product"}],"wp:featuredmedia":[{"embeddable":true,"href":"https:\/\/ecopood.ee\/ru\/wp-json\/wp\/v2\/media\/37465"}],"wp:attachment":[{"href":"https:\/\/ecopood.ee\/ru\/wp-json\/wp\/v2\/media?parent=38253"}],"wp:term":[{"taxonomy":"product_cat","embeddable":true,"href":"https:\/\/ecopood.ee\/ru\/wp-json\/wp\/v2\/product_cat?post=38253"},{"taxonomy":"product_tag","embeddable":true,"href":"https:\/\/ecopood.ee\/ru\/wp-json\/wp\/v2\/product_tag?post=38253"}],"curies":[{"name":"wp","href":"https:\/\/api.w.org\/{rel}","templated":true}]}}