{"id":38263,"date":"2022-11-23T13:17:32","date_gmt":"2022-11-23T11:17:32","guid":{"rendered":"https:\/\/ecopood.ee\/super-nitro-30-lasku\/"},"modified":"2026-01-19T09:07:17","modified_gmt":"2026-01-19T07:07:17","slug":"super-nitro-30-lasku","status":"publish","type":"product","link":"https:\/\/ecopood.ee\/ru\/super-nitro-30-lasku\/","title":{"rendered":"SUPER NITRO 30 lasku"},"content":{"rendered":"<h3>Ilutulestik &#8212; SUPER NITRO 30 lasku<\/h3>\n<div><\/div>\n<p><span style=\"font-size: 1.618em;\">TOOTE M\u00d5\u00d5DUD:<\/span><\/p>\n<div>\n<ul>\n<li>\n<div>K\u00f5rgus: 18 cm<\/div>\n<\/li>\n<li>\n<div>Laius: 18 cm<\/div>\n<\/li>\n<\/ul>\n<h3 class=\"tooteinfo-header mgt-25\">KIRJELDUS:<\/h3>\n<div><\/div>\n<div>\n<p>Need, kes teavad \u00fcht-teist autode v\u00f5idukihutamisest, on kuulnud ka s\u00f5na \u201cnitro\u201d. Kes see n\u00fc\u00fcd t\u00e4pselt teab, kuidas, aga fakt on see, et kiiremaks ta masina teeb. Sest kiirem on vingem. \u201cSuper Nitro\u201d 30-lasulise ilutuestiku teeb eriti vingeks see, et need lendavad 45 meetri k\u00f5rgusele korraliku vilekoori saatel. Pool minutit puhast naudingut!<\/p>\n<p>Lennuk\u00f5rgus 45m jan kestus ca 30 sekundit.<\/p>\n<\/div>\n<p><iframe title=\"YouTube video player\" src=\"https:\/\/www.youtube.com\/embed\/DBVoYziw1nM\" width=\"560\" height=\"315\" frameborder=\"0\" allowfullscreen=\"allowfullscreen\"><\/iframe><\/p>\n<\/div>\n","protected":false},"excerpt":{"rendered":"<p><strong>Kaliiber: 25mm<br \/>\nLasku: 25<br \/>\nK\u00f5rgus: 45m<br \/>\nKestus: 30s<br \/>\n<\/strong><\/p>\n","protected":false},"featured_media":37433,"template":"","meta":[],"product_cat":[1049,1157],"product_tag":[],"class_list":{"0":"post-38263","1":"product","2":"type-product","3":"status-publish","4":"has-post-thumbnail","6":"product_cat-fejerverki","7":"product_cat-malye-batarei","8":"pa_brand-arnika-ru","9":"tm-has-options","11":"first","12":"instock","13":"sale","14":"taxable","15":"shipping-taxable","16":"purchasable","17":"product-type-simple"},"_links":{"self":[{"href":"https:\/\/ecopood.ee\/ru\/wp-json\/wp\/v2\/product\/38263","targetHints":{"allow":["GET"]}}],"collection":[{"href":"https:\/\/ecopood.ee\/ru\/wp-json\/wp\/v2\/product"}],"about":[{"href":"https:\/\/ecopood.ee\/ru\/wp-json\/wp\/v2\/types\/product"}],"wp:featuredmedia":[{"embeddable":true,"href":"https:\/\/ecopood.ee\/ru\/wp-json\/wp\/v2\/media\/37433"}],"wp:attachment":[{"href":"https:\/\/ecopood.ee\/ru\/wp-json\/wp\/v2\/media?parent=38263"}],"wp:term":[{"taxonomy":"product_cat","embeddable":true,"href":"https:\/\/ecopood.ee\/ru\/wp-json\/wp\/v2\/product_cat?post=38263"},{"taxonomy":"product_tag","embeddable":true,"href":"https:\/\/ecopood.ee\/ru\/wp-json\/wp\/v2\/product_tag?post=38263"}],"curies":[{"name":"wp","href":"https:\/\/api.w.org\/{rel}","templated":true}]}}