{"id":38294,"date":"2022-11-23T13:17:04","date_gmt":"2022-11-23T11:17:04","guid":{"rendered":"https:\/\/ecopood.ee\/virmalised-16-lasku\/"},"modified":"2026-01-16T15:12:24","modified_gmt":"2026-01-16T13:12:24","slug":"virmalised-16-lasku","status":"publish","type":"product","link":"https:\/\/ecopood.ee\/ru\/virmalised-16-lasku\/","title":{"rendered":"Virmalised 16 lasku"},"content":{"rendered":"<h3>Ilutulestik &#8212; Virmalised 16 lasku<\/h3>\n<div><\/div>\n<p><span style=\"font-size: 1.618em;\">TOOTE M\u00d5\u00d5DUD:<\/span><\/p>\n<div>\n<ul>\n<li>K\u00f5rgus: 15 cm<\/li>\n<li>Laius: 13 cm<\/li>\n<\/ul>\n<div><span style=\"font-size: 1.618em;\">KIRJELDUS:<\/span><\/div>\n<div><\/div>\n<\/div>\n<div><\/div>\n<div>\n<p>Neile, kes arvasid, et \u201c\u00f6ko\u201d- m\u00e4rgistust v\u00f5ivad kanda ainult munad v\u00f5i juustukang. V\u00f5tke n\u00e4pust! Lisaks sellele, et \u201cVirmalised\u201d on \u00fcks \u00fcle keskmise kena 30 meetri k\u00f5rgusele lendav 16 lasuline ilutulestik, on tema kestad tehtud taaskasutatud materjalidest. Kui nende k\u00f5rvale veel Virmaliste muusikat kuulata saaks, oleks elu lill.<\/p>\n<\/div>\n<p><iframe title=\"YouTube video player\" src=\"https:\/\/www.youtube.com\/embed\/j_mge1Mbz9M\" width=\"560\" height=\"315\" frameborder=\"0\" allowfullscreen=\"allowfullscreen\"><\/iframe><\/p>\n","protected":false},"excerpt":{"rendered":"<p><strong>Kaliiber: 20mm<br \/>\nLasku: 16<br \/>\nK\u00f5rgus: 30m<\/strong><\/p>\n","protected":false},"featured_media":37280,"template":"","meta":[],"product_cat":[1049,1157],"product_tag":[],"class_list":{"0":"post-38294","1":"product","2":"type-product","3":"status-publish","4":"has-post-thumbnail","6":"product_cat-fejerverki","7":"product_cat-malye-batarei","8":"pa_brand-arnika-ru","9":"tm-has-options","11":"first","12":"instock","13":"sale","14":"taxable","15":"shipping-taxable","16":"purchasable","17":"product-type-simple"},"_links":{"self":[{"href":"https:\/\/ecopood.ee\/ru\/wp-json\/wp\/v2\/product\/38294","targetHints":{"allow":["GET"]}}],"collection":[{"href":"https:\/\/ecopood.ee\/ru\/wp-json\/wp\/v2\/product"}],"about":[{"href":"https:\/\/ecopood.ee\/ru\/wp-json\/wp\/v2\/types\/product"}],"wp:featuredmedia":[{"embeddable":true,"href":"https:\/\/ecopood.ee\/ru\/wp-json\/wp\/v2\/media\/37280"}],"wp:attachment":[{"href":"https:\/\/ecopood.ee\/ru\/wp-json\/wp\/v2\/media?parent=38294"}],"wp:term":[{"taxonomy":"product_cat","embeddable":true,"href":"https:\/\/ecopood.ee\/ru\/wp-json\/wp\/v2\/product_cat?post=38294"},{"taxonomy":"product_tag","embeddable":true,"href":"https:\/\/ecopood.ee\/ru\/wp-json\/wp\/v2\/product_tag?post=38294"}],"curies":[{"name":"wp","href":"https:\/\/api.w.org\/{rel}","templated":true}]}}