{"id":38296,"date":"2022-11-23T13:17:04","date_gmt":"2022-11-23T11:17:04","guid":{"rendered":"https:\/\/ecopood.ee\/tahe-sarts-36-lasku\/"},"modified":"2026-01-16T15:14:15","modified_gmt":"2026-01-16T13:14:15","slug":"tahe-sarts-36-lasku","status":"publish","type":"product","link":"https:\/\/ecopood.ee\/ru\/tahe-sarts-36-lasku\/","title":{"rendered":"T\u00e4he s\u00e4rts 36 lasku"},"content":{"rendered":"<h3>Ilutulestik &#8212; T\u00e4he s\u00e4rts 36 lasku<\/h3>\n<div><\/div>\n<p><span style=\"font-size: 1.618em;\">TOOTE M\u00d5\u00d5DUD:<\/span><\/p>\n<div>\n<ul>\n<li>K\u00f5rgus: 12,5 cm<\/li>\n<li>Laius: 15 cm<\/li>\n<li>S\u00fcgavus: 15 cm<\/li>\n<\/ul>\n<div><span style=\"font-size: 1.618em;\">KIRJELDUS:<\/span><\/div>\n<div><\/div>\n<\/div>\n<div>\n<div>Kui sa vajad s\u00e4rtsu ja s\u00e4demeid, siis v\u00f5ib selle lahenduseks olla \u00fcks 36-lasuline tulem\u00f6ll.<\/div>\n<div>6 erinevat efekti.<br \/>\nLennuk\u00f5rgus ligi 25 meetrit.<\/div>\n<div>Kestus ligi 50 sekundit.<\/div>\n<div><\/div>\n<\/div>\n<p><iframe title=\"YouTube video player\" src=\"https:\/\/www.youtube.com\/embed\/rIDMpBc8k5s\" width=\"560\" height=\"315\" frameborder=\"0\" allowfullscreen=\"allowfullscreen\"><\/iframe><\/p>\n","protected":false},"excerpt":{"rendered":"<p><strong>Kaliiber: 20mm<br \/>\nLasku: 36<br \/>\nK\u00f5rgus: 25m<\/strong><\/p>\n","protected":false},"featured_media":37288,"template":"","meta":[],"product_cat":[1049,1157],"product_tag":[],"class_list":{"0":"post-38296","1":"product","2":"type-product","3":"status-publish","4":"has-post-thumbnail","6":"product_cat-fejerverki","7":"product_cat-malye-batarei","8":"pa_brand-arnika-ru","9":"tm-has-options","11":"first","12":"instock","13":"sale","14":"taxable","15":"shipping-taxable","16":"purchasable","17":"product-type-simple"},"_links":{"self":[{"href":"https:\/\/ecopood.ee\/ru\/wp-json\/wp\/v2\/product\/38296","targetHints":{"allow":["GET"]}}],"collection":[{"href":"https:\/\/ecopood.ee\/ru\/wp-json\/wp\/v2\/product"}],"about":[{"href":"https:\/\/ecopood.ee\/ru\/wp-json\/wp\/v2\/types\/product"}],"wp:featuredmedia":[{"embeddable":true,"href":"https:\/\/ecopood.ee\/ru\/wp-json\/wp\/v2\/media\/37288"}],"wp:attachment":[{"href":"https:\/\/ecopood.ee\/ru\/wp-json\/wp\/v2\/media?parent=38296"}],"wp:term":[{"taxonomy":"product_cat","embeddable":true,"href":"https:\/\/ecopood.ee\/ru\/wp-json\/wp\/v2\/product_cat?post=38296"},{"taxonomy":"product_tag","embeddable":true,"href":"https:\/\/ecopood.ee\/ru\/wp-json\/wp\/v2\/product_tag?post=38296"}],"curies":[{"name":"wp","href":"https:\/\/api.w.org\/{rel}","templated":true}]}}