{"id":38298,"date":"2022-11-23T13:17:04","date_gmt":"2022-11-23T11:17:04","guid":{"rendered":"https:\/\/ecopood.ee\/19-suurt-tahepommi-19-lasku\/"},"modified":"2026-01-16T15:15:50","modified_gmt":"2026-01-16T13:15:50","slug":"19-suurt-tahepommi-19-lasku","status":"publish","type":"product","link":"https:\/\/ecopood.ee\/ru\/19-suurt-tahepommi-19-lasku\/","title":{"rendered":"19 Suurt t\u00e4hepommi 19 lasku"},"content":{"rendered":"<h3>Ilutulestik &#8212; 19 Suurt t\u00e4hepommi 19 lasku<\/h3>\n<div><\/div>\n<p><span style=\"font-size: 1.618em;\">TOOTE M\u00d5\u00d5DUD:<\/span><\/p>\n<div>\n<ul>\n<li>K\u00f5rgus: 23 cm<\/li>\n<li>S\u00fcgavus: 20 cm<\/li>\n<\/ul>\n<div><span style=\"font-size: 1.618em;\">KIRJELDUS:<\/span><\/div>\n<div><\/div>\n<\/div>\n<div>\n<div>\n<div>Jah, me oleme pannud \u00fchte paketti t\u00f5eliselt vinged paugud! Kui olete korra Ameerikas k\u00e4inud, siis teate, et seal on k\u00f5ik suur alates burgeritest kuni autodeni v\u00e4lja. Miks mitte vahest tunda samasugust tunnet siin taskur\u00e4ti suurusel maalapil? Hingelt oleme ju suured meiegi. 19 suurt t\u00e4hepommi selle peale taevasse!<\/div>\n<div>19 suurt v\u00e4rvilist t\u00e4helille ja erinevat efekti lendavad ligi 40 meetri k\u00f5rgusele.<\/div>\n<div>Kestus 30 sekundit.<\/div>\n<div><\/div>\n<\/div>\n<div><\/div>\n<\/div>\n<p><iframe title=\"YouTube video player\" src=\"https:\/\/www.youtube.com\/embed\/mnX9ungIBYU\" width=\"560\" height=\"315\" frameborder=\"0\" allowfullscreen=\"allowfullscreen\"><\/iframe><\/p>\n","protected":false},"excerpt":{"rendered":"<p><strong>Kaliiber: 30mm<br \/>\nLasku: 19<br \/>\nK\u00f5rgus: 40m<\/strong><\/p>\n","protected":false},"featured_media":37296,"template":"","meta":[],"product_cat":[1049,1157],"product_tag":[],"class_list":{"0":"post-38298","1":"product","2":"type-product","3":"status-publish","4":"has-post-thumbnail","6":"product_cat-fejerverki","7":"product_cat-malye-batarei","8":"pa_brand-arnika-ru","9":"tm-has-options","11":"first","12":"instock","13":"sale","14":"taxable","15":"shipping-taxable","16":"purchasable","17":"product-type-simple"},"_links":{"self":[{"href":"https:\/\/ecopood.ee\/ru\/wp-json\/wp\/v2\/product\/38298","targetHints":{"allow":["GET"]}}],"collection":[{"href":"https:\/\/ecopood.ee\/ru\/wp-json\/wp\/v2\/product"}],"about":[{"href":"https:\/\/ecopood.ee\/ru\/wp-json\/wp\/v2\/types\/product"}],"wp:featuredmedia":[{"embeddable":true,"href":"https:\/\/ecopood.ee\/ru\/wp-json\/wp\/v2\/media\/37296"}],"wp:attachment":[{"href":"https:\/\/ecopood.ee\/ru\/wp-json\/wp\/v2\/media?parent=38298"}],"wp:term":[{"taxonomy":"product_cat","embeddable":true,"href":"https:\/\/ecopood.ee\/ru\/wp-json\/wp\/v2\/product_cat?post=38298"},{"taxonomy":"product_tag","embeddable":true,"href":"https:\/\/ecopood.ee\/ru\/wp-json\/wp\/v2\/product_tag?post=38298"}],"curies":[{"name":"wp","href":"https:\/\/api.w.org\/{rel}","templated":true}]}}