{"id":38304,"date":"2022-11-23T13:17:03","date_gmt":"2022-11-23T11:17:03","guid":{"rendered":"https:\/\/ecopood.ee\/polaar-16-lasku\/"},"modified":"2026-01-16T14:59:06","modified_gmt":"2026-01-16T12:59:06","slug":"polaar-16-lasku","status":"publish","type":"product","link":"https:\/\/ecopood.ee\/ru\/polaar-16-lasku\/","title":{"rendered":"Polaar 16 lasku"},"content":{"rendered":"<h3>Ilutulestik &#8212; Polaar 16 lasku<\/h3>\n<div><\/div>\n<p><span style=\"font-size: 1.618em;\">TOOTE M\u00d5\u00d5DUD:<\/span><\/p>\n<div>\n<ul>\n<li>K\u00f5rgus: 12 cm<\/li>\n<li>Laius: 10 cm<\/li>\n<\/ul>\n<div><span style=\"font-size: 1.618em;\">KIRJELDUS:<\/span><\/div>\n<div><\/div>\n<\/div>\n<div><\/div>\n<div>\n<p>P\u00f5hjas on teatavasti k\u00fclm. Meiegi oleme p\u00f5hjamaa rahvas ja teame, et vinguda pole siin midagi. Kas j\u00e4\u00e4karu v\u00f5i p\u00f5hjap\u00f5drad vinguvad? Aga p\u00e4kapikud ja j\u00f5uluvana? Loomulikult mitte! Pimeda talve \u00fcle kurtmise asemel l\u00f6\u00f6ge parem taevakaar valgeks spetsiaalse tulev\u00e4rgiga, mis koosneb kaunist 16 keerutajast ja j\u00e4\u00e4lillest.<\/p>\n<p>Keerutavad h\u00f5bekomeedid vilkuvate t\u00e4hepommidega.<\/p>\n<p>Lennuk\u00f5rgus kuni 20 meetrit. Kestus kuni 30 sekundit.<\/p>\n<\/div>\n<p><iframe title=\"YouTube video player\" src=\"https:\/\/www.youtube.com\/embed\/AXeYpBbtmL0\" width=\"560\" height=\"315\" frameborder=\"0\" allowfullscreen=\"allowfullscreen\"><\/iframe><\/p>\n","protected":false},"excerpt":{"rendered":"<p><strong>Kaliiber: 20mm<br \/>\nLasku: 16<br \/>\nK\u00f5rgus: 25m<\/strong><\/p>\n","protected":false},"featured_media":37272,"template":"","meta":[],"product_cat":[1049,1157],"product_tag":[],"class_list":{"0":"post-38304","1":"product","2":"type-product","3":"status-publish","4":"has-post-thumbnail","6":"product_cat-fejerverki","7":"product_cat-malye-batarei","8":"pa_brand-arnika-ru","9":"tm-has-options","11":"first","12":"instock","13":"sale","14":"taxable","15":"shipping-taxable","16":"purchasable","17":"product-type-simple"},"_links":{"self":[{"href":"https:\/\/ecopood.ee\/ru\/wp-json\/wp\/v2\/product\/38304","targetHints":{"allow":["GET"]}}],"collection":[{"href":"https:\/\/ecopood.ee\/ru\/wp-json\/wp\/v2\/product"}],"about":[{"href":"https:\/\/ecopood.ee\/ru\/wp-json\/wp\/v2\/types\/product"}],"wp:featuredmedia":[{"embeddable":true,"href":"https:\/\/ecopood.ee\/ru\/wp-json\/wp\/v2\/media\/37272"}],"wp:attachment":[{"href":"https:\/\/ecopood.ee\/ru\/wp-json\/wp\/v2\/media?parent=38304"}],"wp:term":[{"taxonomy":"product_cat","embeddable":true,"href":"https:\/\/ecopood.ee\/ru\/wp-json\/wp\/v2\/product_cat?post=38304"},{"taxonomy":"product_tag","embeddable":true,"href":"https:\/\/ecopood.ee\/ru\/wp-json\/wp\/v2\/product_tag?post=38304"}],"curies":[{"name":"wp","href":"https:\/\/api.w.org\/{rel}","templated":true}]}}