{"id":38305,"date":"2022-11-23T13:17:03","date_gmt":"2022-11-23T11:17:03","guid":{"rendered":"https:\/\/ecopood.ee\/tuhat-tahte-19-lasku\/"},"modified":"2026-01-16T15:11:17","modified_gmt":"2026-01-16T13:11:17","slug":"tuhat-tahte-19-lasku","status":"publish","type":"product","link":"https:\/\/ecopood.ee\/ru\/tuhat-tahte-19-lasku\/","title":{"rendered":"Tuhat t\u00e4hte 19 lasku"},"content":{"rendered":"<h3>Ilutulestik &#8212; Tuhat t\u00e4hte 19 lasku<\/h3>\n<div><\/div>\n<p><span style=\"font-size: 1.618em;\">TOOTE M\u00d5\u00d5DUD:<\/span><\/p>\n<div>\n<ul>\n<li>K\u00f5rgus: 15 cm<\/li>\n<li>Laius: 13 cm<\/li>\n<\/ul>\n<div><span style=\"font-size: 1.618em;\">KIRJELDUS:<\/span><\/div>\n<div><\/div>\n<\/div>\n<div><\/div>\n<div>\n<p>Ivo Linna laulis kunagi \u201cT\u00e4hti \u00fcheks \u00f5htuks\u201d. Pole t\u00e4htis, kas t\u00e4histamist tahab s\u00fcnnip\u00e4ev, koolil\u00f5pp, pulma-aastap\u00e4ev v\u00f5i \u00f5nnestunud kalalk\u00e4ik. Tuhat t\u00e4hte muudavad \u00f5htu kordumatuks. Ilutulestiku rohelised ja punased s\u00e4demebuketid, mis avanevad 25 meetri k\u00f5rgusel, on koondatud \u00fcheksateistk\u00fcmnesse lasku.<\/p>\n<\/div>\n<p><iframe title=\"YouTube video player\" src=\"https:\/\/www.youtube.com\/embed\/ed35kIbGtIU\" width=\"560\" height=\"315\" frameborder=\"0\" allowfullscreen=\"allowfullscreen\"><\/iframe><\/p>\n","protected":false},"excerpt":{"rendered":"<p><strong>Kaliiber: 25mm<br \/>\nLasku: 19<br \/>\nK\u00f5rgus: 25m<\/strong><\/p>\n","protected":false},"featured_media":37276,"template":"","meta":[],"product_cat":[1049,1157],"product_tag":[],"class_list":{"0":"post-38305","1":"product","2":"type-product","3":"status-publish","4":"has-post-thumbnail","6":"product_cat-fejerverki","7":"product_cat-malye-batarei","8":"pa_brand-arnika-ru","9":"tm-has-options","11":"first","12":"instock","13":"sale","14":"taxable","15":"shipping-taxable","16":"purchasable","17":"product-type-simple"},"_links":{"self":[{"href":"https:\/\/ecopood.ee\/ru\/wp-json\/wp\/v2\/product\/38305","targetHints":{"allow":["GET"]}}],"collection":[{"href":"https:\/\/ecopood.ee\/ru\/wp-json\/wp\/v2\/product"}],"about":[{"href":"https:\/\/ecopood.ee\/ru\/wp-json\/wp\/v2\/types\/product"}],"wp:featuredmedia":[{"embeddable":true,"href":"https:\/\/ecopood.ee\/ru\/wp-json\/wp\/v2\/media\/37276"}],"wp:attachment":[{"href":"https:\/\/ecopood.ee\/ru\/wp-json\/wp\/v2\/media?parent=38305"}],"wp:term":[{"taxonomy":"product_cat","embeddable":true,"href":"https:\/\/ecopood.ee\/ru\/wp-json\/wp\/v2\/product_cat?post=38305"},{"taxonomy":"product_tag","embeddable":true,"href":"https:\/\/ecopood.ee\/ru\/wp-json\/wp\/v2\/product_tag?post=38305"}],"curies":[{"name":"wp","href":"https:\/\/api.w.org\/{rel}","templated":true}]}}