{"id":38491,"date":"2022-11-23T13:39:38","date_gmt":"2022-11-23T11:39:38","guid":{"rendered":"https:\/\/ecopood.ee\/aasta-hitt-72-lasku\/"},"modified":"2022-11-23T13:39:38","modified_gmt":"2022-11-23T11:39:38","slug":"aasta-hitt-72-lasku","status":"publish","type":"product","link":"https:\/\/ecopood.ee\/ru\/aasta-hitt-72-lasku\/","title":{"rendered":"Aasta hitt 72 lasku"},"content":{"rendered":"<h3>Ilutulestik &#8212; Aasta hitt 72 lasku<\/h3>\n<div><\/div>\n<p><span style=\"font-size: 1.618em;\">TOOTE M\u00d5\u00d5DUD:<\/span><\/p>\n<div>\n<ul>\n<li>K\u00f5rgus: 18 cm<\/li>\n<li>Laius: 36 cm<\/li>\n<li>S\u00fcgavus: 21 cm<\/li>\n<\/ul>\n<div><span style=\"font-size: 1.618em;\">KIRJELDUS:<\/span><\/div>\n<div><\/div>\n<\/div>\n<div>\n<div>\n<p>Erinevates kanalites v\u00f5istlevad aastal\u00f5pus sajad ja sajad muusikapalad aasta hiti tiitli nimel. Himustajaid on palju, kuid vaid \u00fcks neist saab p\u00e4rjatud uhke tiitliga.\u00a0 Seda on ilmselgelt liiga v\u00e4he.\u00a0 \u201cAasta Hitt\u201d, mis koosneb \u00fchtekokku suisa 72-st t\u00e4he hitist? \u00a045 sekundit t\u00f5elist hitisadu on kindlustatud!<\/p>\n<\/div>\n<div><\/div>\n<\/div>\n<p><iframe title=\"YouTube video player\" src=\"https:\/\/www.youtube.com\/embed\/kn_GkJWBdnY\" width=\"560\" height=\"315\" frameborder=\"0\" allowfullscreen=\"allowfullscreen\"><\/iframe><\/p>\n","protected":false},"excerpt":{"rendered":"<p><strong>Kaliiber: 25mm<br \/>\nLasku: 72<br \/>\nK\u00f5rgus: 30m<\/strong><\/p>\n","protected":false},"featured_media":37516,"template":"","meta":[],"product_cat":[1049,1477],"product_tag":[],"class_list":{"0":"post-38491","1":"product","2":"type-product","3":"status-publish","4":"has-post-thumbnail","6":"product_cat-fejerverki","7":"product_cat-keskmised-patareid-ru","8":"pa_brand-arnika-ru","9":"tm-has-options","11":"first","12":"instock","13":"sale","14":"taxable","15":"shipping-taxable","16":"purchasable","17":"product-type-simple"},"_links":{"self":[{"href":"https:\/\/ecopood.ee\/ru\/wp-json\/wp\/v2\/product\/38491","targetHints":{"allow":["GET"]}}],"collection":[{"href":"https:\/\/ecopood.ee\/ru\/wp-json\/wp\/v2\/product"}],"about":[{"href":"https:\/\/ecopood.ee\/ru\/wp-json\/wp\/v2\/types\/product"}],"wp:featuredmedia":[{"embeddable":true,"href":"https:\/\/ecopood.ee\/ru\/wp-json\/wp\/v2\/media\/37516"}],"wp:attachment":[{"href":"https:\/\/ecopood.ee\/ru\/wp-json\/wp\/v2\/media?parent=38491"}],"wp:term":[{"taxonomy":"product_cat","embeddable":true,"href":"https:\/\/ecopood.ee\/ru\/wp-json\/wp\/v2\/product_cat?post=38491"},{"taxonomy":"product_tag","embeddable":true,"href":"https:\/\/ecopood.ee\/ru\/wp-json\/wp\/v2\/product_tag?post=38491"}],"curies":[{"name":"wp","href":"https:\/\/api.w.org\/{rel}","templated":true}]}}