{"id":39902,"date":"2023-03-17T13:35:49","date_gmt":"2023-03-17T11:35:51","guid":{"rendered":"https:\/\/ecopood.ee\/?post_type=product&#038;p=39902"},"modified":"2026-04-08T10:33:31","modified_gmt":"2026-04-08T07:33:31","slug":"jeld-wen-style-02b","status":"publish","type":"product","link":"https:\/\/ecopood.ee\/ru\/jeld-wen-style-02b\/","title":{"rendered":"Style 02B"},"content":{"rendered":"<h3><strong>\u041c\u0435\u0436\u043a\u043e\u043c\u043d\u0430\u0442\u043d\u0430\u044f \u0434\u0432\u0435\u0440\u044c <\/strong>Style 02B<\/h3>\n<p><strong>\u041c\u0435\u0436\u043a\u043e\u043c\u043d\u0430\u0442\u043d\u0430\u044f \u0434\u0432\u0435\u0440\u044c <\/strong>Style 02B<\/p>\n<ul>\n<li><strong>\u043f\u043e\u043a\u0440\u044b\u0442\u0438\u0435:<\/strong> \u043a\u0440\u0430\u0448\u0435\u043d\u044b\u0439 hdf<\/li>\n<li><strong>\u043a\u0440\u0430\u0439 \u043f\u043e\u043b\u043e\u0442\u043d\u0430: <\/strong>\u043f\u0440\u044f\u043c\u043e\u0439<\/li>\n<li><strong>\u0442\u043e\u043b\u0449\u0438\u043d\u0430 \u043f\u043e\u043b\u043e\u0442\u043d\u0430:<\/strong> 40 \u043c\u043c<\/li>\n<li><strong>\u0442\u043e\u043b\u0449\u0438\u043d\u0430 \u043a\u043e\u0440\u043e\u0431\u043a\u0438:<\/strong>\u00a0 93 \u043c\u043c<\/li>\n<li>puit- v\u00f5i MDF-konstruktsioonil k\u00e4rgpappt\u00e4itega ukseleht, pinnakattematerjaliks v\u00e4rvitud HDF<\/li>\n<li>\u0437\u0430\u043c\u043e\u043a 2014<\/li>\n<li>\u043f\u0440\u0435\u0434\u043d\u0430\u0437\u043d\u0430\u0447\u0435\u043d\u0430 \u0434\u043b\u044f \u0438\u0441\u043f\u043e\u043b\u044c\u0437\u043e\u0432\u0430\u043d\u0438\u044f \u0432\u043e \u0432\u043d\u0443\u0442\u0440\u0435\u043d\u043d\u0438\u0445 \u043f\u043e\u043c\u0435\u0449\u0435\u043d\u0438\u044f\u0445, \u0433\u0434\u0435 \u0440\u0430\u0437\u043d\u0438\u0446\u0430 \u0442\u0435\u043c\u043f\u0435\u0440\u0430\u0442\u0443\u0440 \u0441 \u0440\u0430\u0437\u043d\u044b\u0445 \u0441\u0442\u043e\u0440\u043e\u043d \u0434\u0432\u0435\u0440\u0438 \u043d\u0435 \u043f\u0440\u0435\u0432\u044b\u0448\u0430\u0435\u0442\u00a05\u00b0 C<\/li>\n<li><strong>\u043f\u0440\u043e\u0438\u0437\u0432\u043e\u0434\u0438\u0442\u0435\u043b\u044c:<\/strong>\u00a0Jeld-Wen<\/li>\n<\/ul>\n<h3><strong>\u0412 \u043a\u043e\u043c\u043f\u043b\u0435\u043a\u0442\u0435:<\/strong><\/h3>\n<ul>\n<li>\u043f\u043e\u043b\u043e\u0442\u043d\u043e<\/li>\n<li>\u043a\u043e\u0440\u043e\u0431\u043aa<\/li>\n<li>\u043f\u0435\u0442\u043b\u0438<\/li>\n<li>\u0437\u0430\u043c\u043e\u043a<\/li>\n<li>\u0444\u0440\u0435\u0437\u0435\u0440\u043e\u0432\u043a\u0430 \u043f\u043e\u0434 \u0437\u0430\u043c\u043e\u043a<\/li>\n<\/ul>\n<h3><strong>\u0414\u043e\u043f\u043e\u043b\u043d\u0438\u0442\u0435\u043b\u044c\u043d\u0430\u044f \u0438\u043d\u0444\u043e\u0440\u043c\u0430\u0446\u0438\u044f:<\/strong><\/h3>\n<p>\u041a\u043e\u043c\u043f\u043b\u0435\u043a\u0442 \u043d\u0430\u043b\u0438\u0447\u043d\u0438\u043a\u043e\u0432 \u043d\u0443\u0436\u043d\u043e \u0434\u043e\u043a\u0443\u043f\u0430\u0442\u044c \u043e\u0442\u0434\u0435\u043b\u044c\u043d\u043e. \u041e\u0434\u0438\u043d \u043a\u043e\u043c\u043f\u043b\u0435\u043a\u0442 \u0437\u0430\u043a\u0440\u044b\u0432\u0430\u0435\u0442 \u043e\u0434\u043d\u0443 \u0441\u0442\u043e\u0440\u043e\u043d\u0443 \u043f\u0440\u043e\u0451\u043c\u0430.<\/p>\n","protected":false},"excerpt":{"rendered":"<p>\u041c\u0435\u0436\u043a\u043e\u043c\u043d\u0430\u0442\u043d\u0430\u044f \u0434\u0432\u0435\u0440\u044c Style 02B \u041c\u0435\u0436\u043a\u043e\u043c\u043d\u0430\u0442\u043d\u0430\u044f \u0434\u0432\u0435\u0440\u044c Style 02B \u043f\u043e\u043a\u0440\u044b\u0442\u0438\u0435: \u043a\u0440\u0430\u0448\u0435\u043d\u044b\u0439 hdf \u043a\u0440\u0430\u0439 \u043f\u043e\u043b\u043e\u0442\u043d\u0430: \u043f\u0440\u044f\u043c\u043e\u0439 \u0442\u043e\u043b\u0449\u0438\u043d\u0430 \u043f\u043e\u043b\u043e\u0442\u043d\u0430: 40 \u043c\u043c \u0442\u043e\u043b\u0449\u0438\u043d\u0430 \u043a\u043e\u0440\u043e\u0431\u043a\u0438:\u00a0<\/p>\n","protected":false},"featured_media":39911,"template":"","meta":[],"product_cat":[84,117,468],"product_tag":[1433],"class_list":{"0":"post-39902","1":"product","2":"type-product","3":"status-publish","4":"has-post-thumbnail","6":"product_cat-dveri","7":"product_cat-mezhkomnatnye","8":"product_cat-krashennye","9":"product_tag-tarneaeg-2-nadalat-ru","10":"tm-has-options","12":"first","13":"instock","14":"taxable","15":"shipping-taxable","16":"purchasable","17":"product-type-variable"},"_links":{"self":[{"href":"https:\/\/ecopood.ee\/ru\/wp-json\/wp\/v2\/product\/39902","targetHints":{"allow":["GET"]}}],"collection":[{"href":"https:\/\/ecopood.ee\/ru\/wp-json\/wp\/v2\/product"}],"about":[{"href":"https:\/\/ecopood.ee\/ru\/wp-json\/wp\/v2\/types\/product"}],"wp:featuredmedia":[{"embeddable":true,"href":"https:\/\/ecopood.ee\/ru\/wp-json\/wp\/v2\/media\/39911"}],"wp:attachment":[{"href":"https:\/\/ecopood.ee\/ru\/wp-json\/wp\/v2\/media?parent=39902"}],"wp:term":[{"taxonomy":"product_cat","embeddable":true,"href":"https:\/\/ecopood.ee\/ru\/wp-json\/wp\/v2\/product_cat?post=39902"},{"taxonomy":"product_tag","embeddable":true,"href":"https:\/\/ecopood.ee\/ru\/wp-json\/wp\/v2\/product_tag?post=39902"}],"curies":[{"name":"wp","href":"https:\/\/api.w.org\/{rel}","templated":true}]}}