{"id":41190,"date":"2023-05-10T10:12:41","date_gmt":"2023-05-10T07:12:42","guid":{"rendered":"https:\/\/ecopood.ee\/?post_type=product&#038;p=41190"},"modified":"2023-05-10T10:19:33","modified_gmt":"2023-05-10T07:19:33","slug":"penoplast-eps-80-polovoj-100mm","status":"publish","type":"product","link":"https:\/\/ecopood.ee\/ru\/penoplast-eps-80-polovoj-100mm\/","title":{"rendered":"\u041f\u0435\u043d\u043e\u043f\u043b\u0430\u0441\u0442 EPS 80 \u041f\u043e\u043b\u043e\u0432\u043e\u0439 100\u043c\u043c"},"content":{"rendered":"<h3>\u041f\u0435\u043d\u043e\u043f\u043b\u0430\u0441\u0442 EPS 80 \u041f\u043e\u043b\u043e\u0432\u043e\u0439 100\u043c\u043c<\/h3>\n<p>\u041f\u0435\u043d\u043e\u043f\u043b\u0430\u0441\u0442 EPS 80 \u041f\u043e\u043b\u043e\u0432\u043e\u0439 100\u043c\u043c\u0443 0,72M\u00b3\/7,2M\u00b2 6tk<\/p>\n<p>Vahtpol\u00fcst\u00fcreenist soojustusplaat EPS 80 on kerge, j\u00e4ik, plastvahul p\u00f5hinev soojustusmaterjal p\u00f5randate soojusisoleerimiseks. Soojustusplaadid on kerged, lihtsalt k\u00e4sitletavad, ei kaota aja jooksul soojust isoleerivaid omadusi ega deformeeru ning samas omavad konstruktiivset tugevust. Plaadi tuleohutuse klass on E ja soojusjuhtivustegur 0,038 W\/mK. Plaat on m\u00f5\u00f5tmetega 1000 x 1200 x 100 mm. Pakis on 6 plaati ehk 7,2 m\u00b2.\u00a0<b>Kasutuskohad:<\/b>\u00a0M\u00f5\u00f5duka kasutuskoormusega vundamentide, soklite ja betoonp\u00f5randate soojustamiseks; pinnases asuvate tehnov\u00f5rkude soojustamiseks; eramute, korterite, \u00fchiskondlikehoonete p\u00f5randakonstruktsioonide soojustamiseks. EPS-i iseloomustab: \u2022 hea soojustakistus \u2022 helipidavus \u2022 niiskuskindlus \u2022 suur koormustaluvus \u2022 p\u00fcsivate m\u00f5\u00f5tmetega \u2022 mittevananev \u2022 keskkonnas\u00f5bralik \u2022 isekustuv<\/p>\n","protected":false},"excerpt":{"rendered":"<p>\u041f\u0435\u043d\u043e\u043f\u043b\u0430\u0441\u0442 EPS 80 \u041f\u043e\u043b\u043e\u0432\u043e\u0439 100\u043c\u043c \u041f\u0435\u043d\u043e\u043f\u043b\u0430\u0441\u0442 EPS 80 \u041f\u043e\u043b\u043e\u0432\u043e\u0439 100\u043c\u043c\u0443 0,72M\u00b3\/7,2M\u00b2 6tk Vahtpol\u00fcst\u00fcreenist soojustusplaat EPS 80 on kerge, j\u00e4ik, plastvahul<\/p>\n","protected":false},"featured_media":10296,"template":"","meta":[],"product_cat":[112,776,610],"product_tag":[],"class_list":{"0":"post-41190","1":"product","2":"type-product","3":"status-publish","4":"has-post-thumbnail","6":"product_cat-strojmaterialy","7":"product_cat-obshhestroitelnye-materialy","8":"product_cat-teploizolyacziya","9":"tm-no-options","11":"first","12":"instock","13":"taxable","14":"shipping-taxable","15":"purchasable","16":"product-type-simple"},"_links":{"self":[{"href":"https:\/\/ecopood.ee\/ru\/wp-json\/wp\/v2\/product\/41190","targetHints":{"allow":["GET"]}}],"collection":[{"href":"https:\/\/ecopood.ee\/ru\/wp-json\/wp\/v2\/product"}],"about":[{"href":"https:\/\/ecopood.ee\/ru\/wp-json\/wp\/v2\/types\/product"}],"wp:featuredmedia":[{"embeddable":true,"href":"https:\/\/ecopood.ee\/ru\/wp-json\/wp\/v2\/media\/10296"}],"wp:attachment":[{"href":"https:\/\/ecopood.ee\/ru\/wp-json\/wp\/v2\/media?parent=41190"}],"wp:term":[{"taxonomy":"product_cat","embeddable":true,"href":"https:\/\/ecopood.ee\/ru\/wp-json\/wp\/v2\/product_cat?post=41190"},{"taxonomy":"product_tag","embeddable":true,"href":"https:\/\/ecopood.ee\/ru\/wp-json\/wp\/v2\/product_tag?post=41190"}],"curies":[{"name":"wp","href":"https:\/\/api.w.org\/{rel}","templated":true}]}}