{"id":45081,"date":"2023-11-23T15:42:26","date_gmt":"2023-11-23T13:42:26","guid":{"rendered":"https:\/\/ecopood.ee\/?post_type=product&#038;p=45081"},"modified":"2023-11-23T15:45:21","modified_gmt":"2023-11-23T13:45:21","slug":"marsi-runnak-100-lasku","status":"publish","type":"product","link":"https:\/\/ecopood.ee\/ru\/marsi-runnak-100-lasku\/","title":{"rendered":"MARSI R\u00dcNNAK 100 lasku"},"content":{"rendered":"<h3>Ilutulestik &#8212; MARSI R\u00dcNNAK 100 lasku<\/h3>\n<div><\/div>\n<p><span style=\"font-size: 1.618em;\">TOOTE M\u00d5\u00d5DUD:<\/span><\/p>\n<div>\n<ul>\n<li><strong>Lasku: 100<\/strong><\/li>\n<li><strong>Aeg: 2m<\/strong><\/li>\n<\/ul>\n<p><span style=\"font-size: 1.618em;\">KIRJELDUS:<\/span><\/p>\n<p>Viledega patarei 100 lasku.<\/p>\n<p>Iga lask t\u00f5useb vilega \u00f5hku ja moodustab praginapilve.<br \/>\nLennuk\u00f5rgus kuni 50 meetrit.<\/p>\n<p>Kestus ligi 2 minutit<\/p>\n<p><iframe title=\"YouTube video player\" src=\"https:\/\/www.youtube.com\/embed\/JRColZ82vR0?si=cOE1MUJgRfr61QHB\" width=\"560\" height=\"315\" frameborder=\"0\" allowfullscreen=\"allowfullscreen\" data-mce-fragment=\"1\"><\/iframe><\/p>\n<\/div>\n","protected":false},"excerpt":{"rendered":"<p>Ilutulestik &#8212; MARSI R\u00dcNNAK 100 lasku TOOTE M\u00d5\u00d5DUD: Lasku: 100 Aeg: 2m KIRJELDUS: Viledega patarei 100 lasku. Iga lask t\u00f5useb<\/p>\n","protected":false},"featured_media":45085,"template":"","meta":[],"product_cat":[1049,1159],"product_tag":[],"class_list":{"0":"post-45081","1":"product","2":"type-product","3":"status-publish","4":"has-post-thumbnail","6":"product_cat-fejerverki","7":"product_cat-rakety","8":"tm-has-options","10":"first","11":"instock","12":"sale","13":"taxable","14":"shipping-taxable","15":"purchasable","16":"product-type-simple"},"_links":{"self":[{"href":"https:\/\/ecopood.ee\/ru\/wp-json\/wp\/v2\/product\/45081","targetHints":{"allow":["GET"]}}],"collection":[{"href":"https:\/\/ecopood.ee\/ru\/wp-json\/wp\/v2\/product"}],"about":[{"href":"https:\/\/ecopood.ee\/ru\/wp-json\/wp\/v2\/types\/product"}],"wp:featuredmedia":[{"embeddable":true,"href":"https:\/\/ecopood.ee\/ru\/wp-json\/wp\/v2\/media\/45085"}],"wp:attachment":[{"href":"https:\/\/ecopood.ee\/ru\/wp-json\/wp\/v2\/media?parent=45081"}],"wp:term":[{"taxonomy":"product_cat","embeddable":true,"href":"https:\/\/ecopood.ee\/ru\/wp-json\/wp\/v2\/product_cat?post=45081"},{"taxonomy":"product_tag","embeddable":true,"href":"https:\/\/ecopood.ee\/ru\/wp-json\/wp\/v2\/product_tag?post=45081"}],"curies":[{"name":"wp","href":"https:\/\/api.w.org\/{rel}","templated":true}]}}