{"id":45134,"date":"2023-11-24T10:02:50","date_gmt":"2023-11-24T08:02:50","guid":{"rendered":"https:\/\/ecopood.ee\/?post_type=product&#038;p=45134"},"modified":"2026-01-16T15:17:40","modified_gmt":"2026-01-16T13:17:40","slug":"hinna-pomm-66-lasku","status":"publish","type":"product","link":"https:\/\/ecopood.ee\/ru\/hinna-pomm-66-lasku\/","title":{"rendered":"HINNA POMM 66 lasku"},"content":{"rendered":"<h3>Ilutulestik &#8212; HINNA POMM 66 lasku<\/h3>\n<div><\/div>\n<p><span style=\"font-size: 1.618em;\">TOOTE M\u00d5\u00d5DUD:<\/span><\/p>\n<div>\n<div>\n<ul>\n<li><strong>Kaliiber: 20mm<\/strong><\/li>\n<li><strong>Lasku: 66<\/strong><\/li>\n<li><strong>K\u00f5rgus: 25m<\/strong><\/li>\n<li><strong>Aeg: 50s<\/strong><\/li>\n<\/ul>\n<h3 class=\"tooteinfo-header mgt-25\">KIRJELDUS:<\/h3>\n<div>\n<p>Lennutab taevalaotusse eriveid t\u00e4hepomme, komeete ja v\u00e4rvilisi t\u00e4helilli. 66\u00a0erivat lasku\u00a0t\u00f5usevad kuni 25 meetri k\u00f5rgusele ja kestab ligi 60 sekundit.<\/p>\n<\/div>\n<p><iframe title=\"YouTube video player\" src=\"https:\/\/www.youtube.com\/embed\/KilKlE-n_Xk?si=VZj5ImY0RBngW4Xy\" width=\"560\" height=\"315\" frameborder=\"0\" allowfullscreen=\"allowfullscreen\" data-mce-fragment=\"1\"><\/iframe><\/p>\n<\/div>\n<\/div>\n<div>\n<div><\/div>\n<\/div>\n<div>\n<div><\/div>\n<\/div>\n","protected":false},"excerpt":{"rendered":"<p>Ilutulestik &#8212; HINNA POMM 66 lasku TOOTE M\u00d5\u00d5DUD: Kaliiber: 20mm Lasku: 66 K\u00f5rgus: 25m Aeg: 50s KIRJELDUS: Lennutab taevalaotusse eriveid<\/p>\n","protected":false},"featured_media":45136,"template":"","meta":[],"product_cat":[1049,1477],"product_tag":[1144],"class_list":{"0":"post-45134","1":"product","2":"type-product","3":"status-publish","4":"has-post-thumbnail","6":"product_cat-fejerverki","7":"product_cat-keskmised-patareid-ru","8":"product_tag-12-ru","9":"tm-has-options","11":"first","12":"instock","13":"taxable","14":"shipping-taxable","15":"purchasable","16":"product-type-simple"},"_links":{"self":[{"href":"https:\/\/ecopood.ee\/ru\/wp-json\/wp\/v2\/product\/45134","targetHints":{"allow":["GET"]}}],"collection":[{"href":"https:\/\/ecopood.ee\/ru\/wp-json\/wp\/v2\/product"}],"about":[{"href":"https:\/\/ecopood.ee\/ru\/wp-json\/wp\/v2\/types\/product"}],"wp:featuredmedia":[{"embeddable":true,"href":"https:\/\/ecopood.ee\/ru\/wp-json\/wp\/v2\/media\/45136"}],"wp:attachment":[{"href":"https:\/\/ecopood.ee\/ru\/wp-json\/wp\/v2\/media?parent=45134"}],"wp:term":[{"taxonomy":"product_cat","embeddable":true,"href":"https:\/\/ecopood.ee\/ru\/wp-json\/wp\/v2\/product_cat?post=45134"},{"taxonomy":"product_tag","embeddable":true,"href":"https:\/\/ecopood.ee\/ru\/wp-json\/wp\/v2\/product_tag?post=45134"}],"curies":[{"name":"wp","href":"https:\/\/api.w.org\/{rel}","templated":true}]}}