{"id":45218,"date":"2023-12-06T12:22:00","date_gmt":"2023-12-06T10:22:01","guid":{"rendered":"https:\/\/ecopood.ee\/?post_type=product&#038;p=45218"},"modified":"2023-12-06T12:25:45","modified_gmt":"2023-12-06T10:25:45","slug":"vinge-pauk-100-lasku","status":"publish","type":"product","link":"https:\/\/ecopood.ee\/ru\/vinge-pauk-100-lasku\/","title":{"rendered":"VINGE PAUK 100 lasku"},"content":{"rendered":"<h3>Ilutulestik &#8212; VINGE PAUK 100 lasku<\/h3>\n<div><\/div>\n<p><span style=\"font-size: 1.618em;\">TOOTE M\u00d5\u00d5DUD:<\/span><\/p>\n<div>\n<ul>\n<li>\n<div>K\u00f5rgus: 12 cm<\/div>\n<\/li>\n<li>\n<div>Laius: 48 cm<\/div>\n<\/li>\n<\/ul>\n<p><span style=\"font-size: 1.618em;\">TEHNILISED ANDMED:<\/span><\/p>\n<ul>\n<li><strong>Kaliiber: 20mm<\/strong><\/li>\n<li><strong>Lasku: 100<\/strong><\/li>\n<li><strong>K\u00f5rgus: 20m<\/strong><\/li>\n<li><strong>Aeg: 50s<\/strong><\/li>\n<\/ul>\n<h3 class=\"tooteinfo-header mgt-25\">KIRJELDUS:<\/h3>\n<div>\n<p>100 erilist lasku.<\/p>\n<p>Ilusad efektid.<\/p>\n<p>K\u00f5rgus kuni 20 meetrit<\/p>\n<p>Kestus 50 sekundit<\/p>\n<\/div>\n<p><iframe title=\"YouTube video player\" src=\"https:\/\/www.youtube.com\/embed\/SXBz92U2MeA?si=IuFcsOZgEQBuwD0j\" width=\"560\" height=\"315\" frameborder=\"0\" allowfullscreen=\"allowfullscreen\" data-mce-fragment=\"1\"><\/iframe><\/p>\n<\/div>\n<div>\n<div><\/div>\n<\/div>\n<div><\/div>\n","protected":false},"excerpt":{"rendered":"<p>Ilutulestik &#8212; VINGE PAUK 100 lasku TOOTE M\u00d5\u00d5DUD: K\u00f5rgus: 12 cm Laius: 48 cm TEHNILISED ANDMED: Kaliiber: 20mm Lasku: 100<\/p>\n","protected":false},"featured_media":45220,"template":"","meta":[],"product_cat":[1049,1150],"product_tag":[],"class_list":{"0":"post-45218","1":"product","2":"type-product","3":"status-publish","4":"has-post-thumbnail","6":"product_cat-fejerverki","7":"product_cat-bolshie-batarei","8":"tm-has-options","10":"first","11":"instock","12":"sale","13":"taxable","14":"shipping-taxable","15":"purchasable","16":"product-type-simple"},"_links":{"self":[{"href":"https:\/\/ecopood.ee\/ru\/wp-json\/wp\/v2\/product\/45218","targetHints":{"allow":["GET"]}}],"collection":[{"href":"https:\/\/ecopood.ee\/ru\/wp-json\/wp\/v2\/product"}],"about":[{"href":"https:\/\/ecopood.ee\/ru\/wp-json\/wp\/v2\/types\/product"}],"wp:featuredmedia":[{"embeddable":true,"href":"https:\/\/ecopood.ee\/ru\/wp-json\/wp\/v2\/media\/45220"}],"wp:attachment":[{"href":"https:\/\/ecopood.ee\/ru\/wp-json\/wp\/v2\/media?parent=45218"}],"wp:term":[{"taxonomy":"product_cat","embeddable":true,"href":"https:\/\/ecopood.ee\/ru\/wp-json\/wp\/v2\/product_cat?post=45218"},{"taxonomy":"product_tag","embeddable":true,"href":"https:\/\/ecopood.ee\/ru\/wp-json\/wp\/v2\/product_tag?post=45218"}],"curies":[{"name":"wp","href":"https:\/\/api.w.org\/{rel}","templated":true}]}}