{"id":45243,"date":"2023-12-06T13:46:36","date_gmt":"2023-12-06T11:46:36","guid":{"rendered":"https:\/\/ecopood.ee\/?post_type=product&#038;p=45243"},"modified":"2025-08-25T12:28:19","modified_gmt":"2025-08-25T09:28:19","slug":"heavy-pyro-box-131-lasku-2","status":"publish","type":"product","link":"https:\/\/ecopood.ee\/ru\/heavy-pyro-box-131-lasku-2\/","title":{"rendered":"HEAVY PYRO BOX 131 lasku"},"content":{"rendered":"<h3>Ilutulestik &#8212; HEAVY PYRO BOX 131 lasku<\/h3>\n<div><\/div>\n<p><span style=\"font-size: 1.618em;\">TOOTE M\u00d5\u00d5DUD:<\/span><\/p>\n<div>\n<ul>\n<li>\n<div>K\u00f5rgus: 19,5 cm<\/div>\n<\/li>\n<li>\n<div>Laius: 59,5 cm<\/div>\n<\/li>\n<li>\n<div>S\u00fcgavus: 27,5 cm<\/div>\n<\/li>\n<\/ul>\n<p><span style=\"font-size: 1.618em;\">TEHNILISED ANDMED:<\/span><\/p>\n<ul>\n<li><strong>Kaliiber: 20mm<\/strong><\/li>\n<li><strong>Lasku: 131<\/strong><\/li>\n<li><strong>K\u00f5rgus: 30m<\/strong><\/li>\n<li><strong>Aeg: 1m 25s<\/strong><\/li>\n<\/ul>\n<h3 class=\"tooteinfo-header mgt-25\">KIRJELDUS:<\/h3>\n<div>\n<p>V\u00f5imas ilutulestiku patarei. Laseb otse ja lehvikus. Erinevad efektid a kaunid v\u00e4rvid. Vilkuv ja kuldne finaal.<\/p>\n<\/div>\n<p><iframe title=\"YouTube video player\" src=\"https:\/\/www.youtube.com\/embed\/5iBAP-yh_H4?si=5159vfWJPwAYswhy\" width=\"560\" height=\"315\" frameborder=\"0\" allowfullscreen=\"allowfullscreen\"><\/iframe><\/p>\n<\/div>\n<div>\n<div><\/div>\n<\/div>\n<div><\/div>\n","protected":false},"excerpt":{"rendered":"<p>Ilutulestik &#8212; HEAVY PYRO BOX 131 lasku TOOTE M\u00d5\u00d5DUD: K\u00f5rgus: 19,5 cm Laius: 59,5 cm S\u00fcgavus: 27,5 cm TEHNILISED ANDMED:<\/p>\n","protected":false},"featured_media":45249,"template":"","meta":[],"product_cat":[1049,1150],"product_tag":[],"class_list":{"0":"post-45243","1":"product","2":"type-product","3":"status-publish","4":"has-post-thumbnail","6":"product_cat-fejerverki","7":"product_cat-bolshie-batarei","8":"tm-has-options","10":"first","11":"instock","12":"sale","13":"taxable","14":"shipping-taxable","15":"purchasable","16":"product-type-simple"},"_links":{"self":[{"href":"https:\/\/ecopood.ee\/ru\/wp-json\/wp\/v2\/product\/45243","targetHints":{"allow":["GET"]}}],"collection":[{"href":"https:\/\/ecopood.ee\/ru\/wp-json\/wp\/v2\/product"}],"about":[{"href":"https:\/\/ecopood.ee\/ru\/wp-json\/wp\/v2\/types\/product"}],"wp:featuredmedia":[{"embeddable":true,"href":"https:\/\/ecopood.ee\/ru\/wp-json\/wp\/v2\/media\/45249"}],"wp:attachment":[{"href":"https:\/\/ecopood.ee\/ru\/wp-json\/wp\/v2\/media?parent=45243"}],"wp:term":[{"taxonomy":"product_cat","embeddable":true,"href":"https:\/\/ecopood.ee\/ru\/wp-json\/wp\/v2\/product_cat?post=45243"},{"taxonomy":"product_tag","embeddable":true,"href":"https:\/\/ecopood.ee\/ru\/wp-json\/wp\/v2\/product_tag?post=45243"}],"curies":[{"name":"wp","href":"https:\/\/api.w.org\/{rel}","templated":true}]}}