{"id":45253,"date":"2023-12-06T13:56:32","date_gmt":"2023-12-06T11:56:32","guid":{"rendered":"https:\/\/ecopood.ee\/?post_type=product&#038;p=45253"},"modified":"2023-12-06T14:07:00","modified_gmt":"2023-12-06T12:07:00","slug":"megahitt-xxl-160-lasku","status":"publish","type":"product","link":"https:\/\/ecopood.ee\/ru\/megahitt-xxl-160-lasku\/","title":{"rendered":"MEGAHITT XXL 160 lasku"},"content":{"rendered":"<h3>Ilutulestik &#8212; MEGAHITT XXL 160 lasku<\/h3>\n<div><\/div>\n<p><span style=\"font-size: 1.618em;\">TOOTE M\u00d5\u00d5DUD:<\/span><\/p>\n<div>\n<ul>\n<li>\n<div>K\u00f5rgus: 17,5 cm<\/div>\n<\/li>\n<li>\n<div>Laius: 43 cm<\/div>\n<\/li>\n<li>\n<div>S\u00fcgavus: 21 cm<\/div>\n<\/li>\n<\/ul>\n<p><span style=\"font-size: 1.618em;\">TEHNILISED ANDMED:<\/span><\/p>\n<ul>\n<li><strong>Kaliiber: 14-20mm<\/strong><\/li>\n<li><strong>Lasku: 160<\/strong><\/li>\n<li><strong>K\u00f5rgus: 25m<\/strong><\/li>\n<li><strong>Aeg: 1m 15s<\/strong><\/li>\n<\/ul>\n<h3 class=\"tooteinfo-header mgt-25\">KIRJELDUS:<\/h3>\n<div>\n<p>Palju erinevaid efekte, imekaunid lehvikud ja v\u00f5imas finaal.<\/p>\n<\/div>\n<p><iframe title=\"YouTube video player\" src=\"https:\/\/www.youtube.com\/embed\/cVBlGhUyPWM?si=D7BKtZE1MrrLYRiF\" width=\"560\" height=\"315\" frameborder=\"0\" allowfullscreen=\"allowfullscreen\" data-mce-fragment=\"1\"><\/iframe><\/p>\n<\/div>\n<div>\n<div><\/div>\n<\/div>\n<div><\/div>\n","protected":false},"excerpt":{"rendered":"<p>Ilutulestik &#8212; MEGAHITT XXL 160 lasku TOOTE M\u00d5\u00d5DUD: K\u00f5rgus: 17,5 cm Laius: 43 cm S\u00fcgavus: 21 cm TEHNILISED ANDMED: Kaliiber:<\/p>\n","protected":false},"featured_media":45255,"template":"","meta":[],"product_cat":[1049,1150],"product_tag":[],"class_list":{"0":"post-45253","1":"product","2":"type-product","3":"status-publish","4":"has-post-thumbnail","6":"product_cat-fejerverki","7":"product_cat-bolshie-batarei","8":"tm-has-options","10":"first","11":"instock","12":"sale","13":"taxable","14":"shipping-taxable","15":"purchasable","16":"product-type-simple"},"_links":{"self":[{"href":"https:\/\/ecopood.ee\/ru\/wp-json\/wp\/v2\/product\/45253","targetHints":{"allow":["GET"]}}],"collection":[{"href":"https:\/\/ecopood.ee\/ru\/wp-json\/wp\/v2\/product"}],"about":[{"href":"https:\/\/ecopood.ee\/ru\/wp-json\/wp\/v2\/types\/product"}],"wp:featuredmedia":[{"embeddable":true,"href":"https:\/\/ecopood.ee\/ru\/wp-json\/wp\/v2\/media\/45255"}],"wp:attachment":[{"href":"https:\/\/ecopood.ee\/ru\/wp-json\/wp\/v2\/media?parent=45253"}],"wp:term":[{"taxonomy":"product_cat","embeddable":true,"href":"https:\/\/ecopood.ee\/ru\/wp-json\/wp\/v2\/product_cat?post=45253"},{"taxonomy":"product_tag","embeddable":true,"href":"https:\/\/ecopood.ee\/ru\/wp-json\/wp\/v2\/product_tag?post=45253"}],"curies":[{"name":"wp","href":"https:\/\/api.w.org\/{rel}","templated":true}]}}