{"id":48477,"date":"2024-05-21T10:05:29","date_gmt":"2024-05-21T07:05:30","guid":{"rendered":"https:\/\/ecopood.ee\/?post_type=product&#038;p=48477"},"modified":"2024-05-21T10:27:30","modified_gmt":"2024-05-21T07:27:30","slug":"varikatus-sky-pergola-3x3m-3x4m-ral7016-kopeeri-kopeeri","status":"publish","type":"product","link":"https:\/\/ecopood.ee\/ru\/varikatus-sky-pergola-3x3m-3x4m-ral7016-kopeeri-kopeeri\/","title":{"rendered":"Varikatus Pergola 3x3m\/3x4m RAL9016, mootoriga+LED"},"content":{"rendered":"<h3>Varikatus Pergola 3x3m\/3x4m RAL9016, mootoriga+LED<\/h3>\n<ul>\n<li>Pikkus \u2013 300\/400 cm, laius \u2013 300 cm, k\u00f5rgus \u2013 250 cm.<\/li>\n<li>4 tugiposti \u2013 120 x 120 x 1,5 mm<\/li>\n<li>100%\u00a0alumiiniumist, k.a. katuselamellid<\/li>\n<li>Kaetud kahekihilise\u00a0pulberv\u00e4rviga RAL 7016<\/li>\n<li>Horisontaalne tala 150 x 62 x 1,5mm<\/li>\n<li>Alumiiniumist katuselamellid 131 x 32 x 1mm<\/li>\n<li>Vihmaveerenn 66 x 56 x 1,5mm<\/li>\n<li>V\u00e4rvus \u2013 valge<\/li>\n<\/ul>\n<p><strong>Varikatus Pergola<\/strong>\u00a0on reguleeritavate\u00a0<strong>alumiiniumlamellidega<\/strong>\u00a0varikatus, mis pakub kaitset nii p\u00e4ikese kui ka vihma eest. See annab teile suurep\u00e4rase v\u00f5imaluse nautida oma terrassi v\u00f5i aeda igal aastaajal.<\/p>\n<h2><strong>Pergola eelised:<\/strong><\/h2>\n<ul>\n<li><strong>Vastupidav ja hooldusvaba:<\/strong>\u00a0Pergola on valmistatud\u00a0<strong>t\u00e4ielikult alumiiniumist<\/strong>,mis on eriti vastupidav materjal ja ei vaja hooldust.\u00a0See ei roosteta ega m\u00e4dane ning talub h\u00e4sti ka karmimaid ilmastikutingimusi.<\/li>\n<li><strong>Paindlik ja mugav:<\/strong>\u00a0Lamelle saab avada ja sulgeda vastavalt teie vajadustele,luues ideaalse varjulise v\u00f5i p\u00e4ikesepaistelise ala.<\/li>\n<li><strong>Ilmastikukindel:<\/strong>\u00a0Pergola on\u00a0<strong>veekindel<\/strong>\u00a0ja kaitseb teid vihma eest.<\/li>\n<li><strong>Elegantne disain:<\/strong>\u00a0Pergola lisab teie terrassile v\u00f5i aiale stiili ja luksust.<\/li>\n<li><strong>Funktsionaalne:<\/strong>\u00a0Pergolat saab varustada lisadega,\u00a0n\u00e4iteks valgustuse,\u00a0k\u00fclgseinte ja k\u00fcttekehadega,\u00a0mis muudavad selle veelgi mugavamaks ja nauditavamaks.<\/li>\n<\/ul>\n<h2><strong>Bioklimaatiline pergola on suurep\u00e4rane valik neile, kes:<\/strong><\/h2>\n<ul>\n<li>Soovivad pikendada oma terrassihooaega<\/li>\n<li>Otsivad kaitset p\u00e4ikese ja vihma eest<\/li>\n<li>Hindavad vastupidavat ja hooldusvaba lahendust<\/li>\n<li>Soovivad luua oma \u00f5uele privaatse ja hubase ala<\/li>\n<\/ul>\n<p><strong>Kui otsite oma terrassile v\u00f5i aiale parimat lahendust, siis bioklimaatiline pergola on just see, mida vajate!<\/strong><\/p>\n<div class=\"wp-video\">\n<div id=\"mep_0\" class=\"mejs-container mejs-container-keyboard-inactive wp-video-shortcode mejs-video\" tabindex=\"0\" role=\"application\" aria-label=\"Videoesitaja\">\n<div class=\"mejs-inner\">\n<div class=\"mejs-layers\">\n<div class=\"mejs-overlay mejs-layer mejs-overlay-play\"><\/div>\n<\/div>\n<\/div>\n<\/div>\n<\/div>\n","protected":false},"excerpt":{"rendered":"<p>Varikatus Pergola 3x3m\/3x4m RAL9016, mootoriga+LED Pikkus \u2013 300\/400 cm, laius \u2013 300 cm, k\u00f5rgus \u2013 250 cm. 4 tugiposti \u2013<\/p>\n","protected":false},"featured_media":48527,"template":"","meta":[],"product_cat":[597,1682],"product_tag":[],"class_list":{"0":"post-48477","1":"product","2":"type-product","3":"status-publish","4":"has-post-thumbnail","6":"product_cat-dlya-sada","7":"product_cat-pergoly","8":"tm-no-options","10":"first","11":"instock","12":"taxable","13":"shipping-taxable","14":"purchasable","15":"product-type-variable"},"_links":{"self":[{"href":"https:\/\/ecopood.ee\/ru\/wp-json\/wp\/v2\/product\/48477","targetHints":{"allow":["GET"]}}],"collection":[{"href":"https:\/\/ecopood.ee\/ru\/wp-json\/wp\/v2\/product"}],"about":[{"href":"https:\/\/ecopood.ee\/ru\/wp-json\/wp\/v2\/types\/product"}],"wp:featuredmedia":[{"embeddable":true,"href":"https:\/\/ecopood.ee\/ru\/wp-json\/wp\/v2\/media\/48527"}],"wp:attachment":[{"href":"https:\/\/ecopood.ee\/ru\/wp-json\/wp\/v2\/media?parent=48477"}],"wp:term":[{"taxonomy":"product_cat","embeddable":true,"href":"https:\/\/ecopood.ee\/ru\/wp-json\/wp\/v2\/product_cat?post=48477"},{"taxonomy":"product_tag","embeddable":true,"href":"https:\/\/ecopood.ee\/ru\/wp-json\/wp\/v2\/product_tag?post=48477"}],"curies":[{"name":"wp","href":"https:\/\/api.w.org\/{rel}","templated":true}]}}