{"id":48541,"date":"2024-05-21T10:41:44","date_gmt":"2024-05-21T07:41:45","guid":{"rendered":"https:\/\/ecopood.ee\/?post_type=product&#038;p=48541"},"modified":"2024-05-21T11:02:43","modified_gmt":"2024-05-21T08:02:43","slug":"pergola-kuljekardin-3-4m-ral7016-kopeeri","status":"publish","type":"product","link":"https:\/\/ecopood.ee\/ru\/pergola-kuljekardin-3-4m-ral7016-kopeeri\/","title":{"rendered":"Pergola k\u00fcljekardin, 3\/4m, RAL9016"},"content":{"rendered":"<h3>Pergola k\u00fcljekardin, 3\/4m, RAL9016<\/h3>\n<ul>\n<li>Siinidel rulookardin mootoriga pergolale<\/li>\n<li>2687 x 2340mm<\/li>\n<li>3702 x 2320 mm<\/li>\n<li>Materjal:\u00a025% pol\u00fcester, 75% PVC<\/li>\n<li>Omadused:\u00a0Hallituskindel, Mitte veniv kangas, Temperatuuristabiiliseeriv, \u00dclimalt kvaliteetsed oma tugevuse poolest, UV kaitse kuni 94%<\/li>\n<\/ul>\n<div class=\"wp-video\">\n<div id=\"mep_0\" class=\"mejs-container mejs-container-keyboard-inactive wp-video-shortcode mejs-video\" tabindex=\"0\" role=\"application\" aria-label=\"Videoesitaja\">\n<div class=\"mejs-inner\">\n<div class=\"mejs-layers\">\n<div class=\"mejs-overlay mejs-layer mejs-overlay-play\">\n<h1 data-sourcepos=\"3:1-3:261\">Siinidel rulookardin Sky Pergola varikatusele.<\/h1>\n<p data-sourcepos=\"3:1-3:261\">Rulookardinad varikatusele on siinidel kardinad, mis on paigaldatud varikatuse k\u00fclge. Need pakuvad varju ja kaitset p\u00e4ikese, vihma ja tuule eest. Rulookardinad on saadaval erinevates suurustes ja v\u00e4rvitoonides, et sobituda iga varikatuse ja terrassiga.<\/p>\n<p data-sourcepos=\"5:1-5:37\"><strong>Rulookardinate eelised varikatusele:<\/strong><\/p>\n<p data-sourcepos=\"7:1-7:121\"><strong>Paindlikkus:<\/strong>\u00a0Rulookardinaid saab avada ja sulgeda vastavalt vajadusele, pakkudes varju ja kaitset siis, kui seda vajate.<\/p>\n<p data-sourcepos=\"9:1-9:120\"><strong>Mitmek\u00fclgsus:<\/strong>\u00a0Rulookardinaid saab kasutada varikatusel, terrassil, verandas, aias v\u00f5i igal muul v\u00e4ljaspool asuval alal.<\/p>\n<p data-sourcepos=\"11:1-11:102\"><strong>Kaitse:<\/strong>\u00a0Rulookardinad kaitsevad teid p\u00e4ikese kahjulike UV-kiirte eest, vihma, tuule ja putukate eest.<\/p>\n<p data-sourcepos=\"13:1-13:99\"><strong>Privaatsus:<\/strong>\u00a0Rulookardinad pakuvad privaatsust ja varjavad teid naabrite ja m\u00f6\u00f6dujate pilkude eest.<\/p>\n<p data-sourcepos=\"15:1-15:71\"><strong>Esteetika:<\/strong>\u00a0Rulookardinad lisavad teie varikatusele stiili ja v\u00e4\u00e4rtust.<\/p>\n<p data-sourcepos=\"17:1-17:65\"><strong>Lihtne hooldada:<\/strong>\u00a0Rulookardinaid on lihtne puhastada ja hooldada.<\/p>\n<p data-sourcepos=\"25:1-25:160\"><strong>Rulookardinad on hea lisavarustus varikatusele, kuna need pakuvad mitmeid eeliseid, sealhulgas kaitset p\u00e4ikese, vihma ja tuule eest, privaatsust ja esteetikat.<\/strong><\/p>\n<\/div>\n<\/div>\n<\/div>\n<\/div>\n<\/div>\n","protected":false},"excerpt":{"rendered":"<p>Pergola k\u00fcljekardin, 3\/4m, RAL9016 Siinidel rulookardin mootoriga pergolale 2687 x 2340mm 3702 x 2320 mm Materjal:\u00a025% pol\u00fcester, 75% PVC Omadused:\u00a0Hallituskindel,<\/p>\n","protected":false},"featured_media":48549,"template":"","meta":[],"product_cat":[597,1682],"product_tag":[],"class_list":{"0":"post-48541","1":"product","2":"type-product","3":"status-publish","4":"has-post-thumbnail","6":"product_cat-dlya-sada","7":"product_cat-pergoly","8":"tm-no-options","10":"first","11":"instock","12":"taxable","13":"shipping-taxable","14":"purchasable","15":"product-type-variable"},"_links":{"self":[{"href":"https:\/\/ecopood.ee\/ru\/wp-json\/wp\/v2\/product\/48541","targetHints":{"allow":["GET"]}}],"collection":[{"href":"https:\/\/ecopood.ee\/ru\/wp-json\/wp\/v2\/product"}],"about":[{"href":"https:\/\/ecopood.ee\/ru\/wp-json\/wp\/v2\/types\/product"}],"wp:featuredmedia":[{"embeddable":true,"href":"https:\/\/ecopood.ee\/ru\/wp-json\/wp\/v2\/media\/48549"}],"wp:attachment":[{"href":"https:\/\/ecopood.ee\/ru\/wp-json\/wp\/v2\/media?parent=48541"}],"wp:term":[{"taxonomy":"product_cat","embeddable":true,"href":"https:\/\/ecopood.ee\/ru\/wp-json\/wp\/v2\/product_cat?post=48541"},{"taxonomy":"product_tag","embeddable":true,"href":"https:\/\/ecopood.ee\/ru\/wp-json\/wp\/v2\/product_tag?post=48541"}],"curies":[{"name":"wp","href":"https:\/\/api.w.org\/{rel}","templated":true}]}}