{"id":51531,"date":"2025-01-10T14:41:18","date_gmt":"2025-01-10T12:41:18","guid":{"rendered":"https:\/\/ecopood.ee\/rasprodazha-u3-sileuks\/"},"modified":"2025-01-10T14:41:18","modified_gmt":"2025-01-10T12:41:18","slug":"rasprodazha-u3-sileuks","status":"publish","type":"product","link":"https:\/\/ecopood.ee\/ru\/rasprodazha-u3-sileuks\/","title":{"rendered":"\u0420\u0430\u0441\u043f\u0440\u043e\u0434\u0430\u0436\u0430 \u2013 U3 sileuks"},"content":{"rendered":"<p>MSS105013<\/p>\n<p>Furnituurita hind: Toote hind furnituurita sileuks<br \/>\nLaius: 770 mm<br \/>\nK\u00f5rgus: 2 160 mm<br \/>\nS\u00fcgavus: 100 mm<br \/>\nK\u00e4elisus: Parem<br \/>\nAvanemine: V\u00e4lja<br \/>\nPaku t\u00fc\u00fcp: Standard pakk RV<br \/>\nStandardpaku k\u00f5rgus: 25 mm<br \/>\nLengi kinnitus: Standard<br \/>\nMaterjal: Roostevaba AISI304 harjatud, kilega<br \/>\nViimistlus: V\u00e4rvita<br \/>\n\u00dcksiku ukse pakkimine: Papinurkadesse<br \/>\nLukuraam parem: Assa 565 Zn lukuraam parem<br \/>\nVasturaud: Pealepandav vasturaud 565 1,0mm AISI 304 2B<br \/>\nLink: Analoog 640 SC Ms\/Cr link<br \/>\nS\u00fcdamik: Assa 1301+ Assa 256-8 CR<br \/>\nLingi k\u00f5rgus p\u00f5randast: 1 000 mm<\/p>\n","protected":false},"excerpt":{"rendered":"<p>MSS105013 Furnituurita hind: Toote hind furnituurita sileuks Laius: 770 mm K\u00f5rgus: 2 160 mm S\u00fcgavus: 100 mm K\u00e4elisus: Parem Avanemine:<\/p>\n","protected":false},"featured_media":51530,"template":"","meta":[],"product_cat":[1040],"product_tag":[],"class_list":{"0":"post-51531","1":"product","2":"type-product","3":"status-publish","4":"has-post-thumbnail","6":"product_cat-rasprodazha-dverej","7":"tm-has-options","9":"first","10":"instock","11":"taxable","12":"shipping-taxable","13":"purchasable","14":"product-type-simple"},"_links":{"self":[{"href":"https:\/\/ecopood.ee\/ru\/wp-json\/wp\/v2\/product\/51531","targetHints":{"allow":["GET"]}}],"collection":[{"href":"https:\/\/ecopood.ee\/ru\/wp-json\/wp\/v2\/product"}],"about":[{"href":"https:\/\/ecopood.ee\/ru\/wp-json\/wp\/v2\/types\/product"}],"wp:featuredmedia":[{"embeddable":true,"href":"https:\/\/ecopood.ee\/ru\/wp-json\/wp\/v2\/media\/51530"}],"wp:attachment":[{"href":"https:\/\/ecopood.ee\/ru\/wp-json\/wp\/v2\/media?parent=51531"}],"wp:term":[{"taxonomy":"product_cat","embeddable":true,"href":"https:\/\/ecopood.ee\/ru\/wp-json\/wp\/v2\/product_cat?post=51531"},{"taxonomy":"product_tag","embeddable":true,"href":"https:\/\/ecopood.ee\/ru\/wp-json\/wp\/v2\/product_tag?post=51531"}],"curies":[{"name":"wp","href":"https:\/\/api.w.org\/{rel}","templated":true}]}}