{"id":51638,"date":"2025-01-22T09:07:03","date_gmt":"2025-01-22T07:07:04","guid":{"rendered":"https:\/\/ecopood.ee\/?post_type=product&#038;p=51638"},"modified":"2026-04-08T10:39:33","modified_gmt":"2026-04-08T07:39:33","slug":"jeld-wen-easy-201-kopeeri","status":"publish","type":"product","link":"https:\/\/ecopood.ee\/ru\/jeld-wen-easy-201-kopeeri\/","title":{"rendered":"Steady 411 V"},"content":{"rendered":"<h3>Steady 411 V<\/h3>\n<p>\u0421\u0442\u0432\u043e\u0440\u043a\u0438 ADVANCE-LINE Steady\u00a0\u0438\u0437 \u043c\u0430\u0441\u0441\u0438\u0432\u0430 \u0434\u0435\u0440\u0435\u0432\u0430 \u0438\u043c\u0435\u044e\u0442 \u043f\u0440\u043e\u0441\u0442\u043e\u0439 \u0438 \u043d\u0435\u043f\u043e\u0434\u0432\u043b\u0430\u0441\u0442\u043d\u044b\u0439 \u0432\u0440\u0435\u043c\u0435\u043d\u0438 \u043b\u0438\u043d\u0435\u0439\u043d\u044b\u0439 \u0434\u0438\u0437\u0430\u0439\u043d. \u0414\u0438\u0437\u0430\u0439\u043d \u0434\u0432\u0435\u0440\u0438 \u0432\u043f\u0438\u0448\u0435\u0442\u0441\u044f \u043a\u0430\u043a \u0432 \u0441\u043e\u0432\u0440\u0435\u043c\u0435\u043d\u043d\u044b\u0439 \u043c\u0438\u043d\u0438\u043c\u0430\u043b\u0438\u0441\u0442\u0441\u043a\u0438\u0439, \u0442\u0430\u043a \u0438 \u0432 \u043a\u043b\u0430\u0441\u0441\u0438\u0447\u0435\u0441\u043a\u0438\u0439 \u0438\u043d\u0442\u0435\u0440\u044c\u0435\u0440. \u0413\u043b\u0430\u0434\u043a\u0430\u044f \u0434\u0432\u0435\u0440\u044c &#8212; \u044d\u0442\u043e \u0432\u0435\u0447\u043d\u0430\u044f \u043a\u043b\u0430\u0441\u0441\u0438\u043a\u0430, \u043a\u043e\u0442\u043e\u0440\u0430\u044f \u043c\u043e\u0436\u0435\u0442 \u0441\u043e\u0447\u0435\u0442\u0430\u0442\u044c\u0441\u044f \u0441 \u0446\u0432\u0435\u0442\u043e\u043c \u0441\u0442\u0435\u043d \u0438\u043b\u0438 \u0432\u044b\u0441\u0442\u0443\u043f\u0430\u0442\u044c \u0432 \u043a\u0430\u0447\u0435\u0441\u0442\u0432\u0435 \u0434\u0435\u043a\u043e\u0440\u0430\u0442\u0438\u0432\u043d\u043e\u0433\u043e \u0430\u043a\u0446\u0435\u043d\u0442\u0430. \u041a\u043e\u043d\u044e\u0448\u0435\u043d\u043d\u0430\u044f \u0434\u0432\u0435\u0440\u044c Stable \u0438\u043c\u0435\u0435\u0442 \u043f\u0440\u043e\u0447\u043d\u0443\u044e \u0438 \u043d\u0430\u0434\u0435\u0436\u043d\u0443\u044e \u043a\u043e\u043d\u0441\u0442\u0440\u0443\u043a\u0446\u0438\u044e, \u0438 \u0432\u044b \u043f\u043e\u0447\u0443\u0432\u0441\u0442\u0432\u0443\u0435\u0442\u0435 \u0435\u0435 \u043a\u0430\u0447\u0435\u0441\u0442\u0432\u043e \u0443\u0436\u0435 \u043f\u0440\u0438 \u043e\u0442\u043a\u0440\u044b\u0442\u0438\u0438. \u0411\u043b\u0430\u0433\u043e\u0434\u0430\u0440\u044f \u043f\u0440\u043e\u0447\u043d\u043e\u0439 \u043a\u043e\u043d\u0441\u0442\u0440\u0443\u043a\u0446\u0438\u0438 \u0438 \u0432\u044b\u0441\u043e\u043a\u043e\u043a\u0430\u0447\u0435\u0441\u0442\u0432\u0435\u043d\u043d\u043e\u0439 \u043e\u0442\u0434\u0435\u043b\u043a\u0435 \u0434\u0432\u0435\u0440\u044c \u043f\u0440\u043e\u0447\u043d\u0430 \u0438 \u0434\u043e\u043b\u0433\u043e\u0432\u0435\u0447\u043d\u0430.<\/p>\n<ul>\n<li>40 mm paksune mantelservaga uks<\/li>\n<li>puit- v\u00f5i MDF-konstruktsioonil k\u00e4rgpappt\u00e4itega ukseleht, pinnakattematerjaliks v\u00e4rvitud HDF<\/li>\n<li>lukukorpus 2014<\/li>\n<li>hinged FT65<\/li>\n<li>universaalse k\u00e4elisusega<\/li>\n<li>ukselengi s\u00fcgavus 92mm<\/li>\n<li><strong>tootja:<\/strong>\u00a0Jeld-Wen<\/li>\n<\/ul>\n<h3><strong>\u0412 \u043a\u043e\u043c\u043f\u043b\u0435\u043a\u0442\u0435:<\/strong><\/h3>\n<ul>\n<li>\u043f\u043e\u043b\u043e\u0442\u043d\u043e<\/li>\n<li>\u043a\u043e\u0440\u043e\u0431\u043aa<\/li>\n<li>\u043f\u0435\u0442\u043b\u0438<\/li>\n<li>\u0437\u0430\u043c\u043e\u043a<\/li>\n<li>\u0444\u0440\u0435\u0437\u0435\u0440\u043e\u0432\u043a\u0430 \u043f\u043e\u0434 \u0437\u0430\u043c\u043e\u043a<\/li>\n<\/ul>\n<h3><strong>\u0414\u043e\u043f\u043e\u043b\u043d\u0438\u0442\u0435\u043b\u044c\u043d\u0430\u044f \u0438\u043d\u0444\u043e\u0440\u043c\u0430\u0446\u0438\u044f:<\/strong><\/h3>\n<p>\u041a\u043e\u043c\u043f\u043b\u0435\u043a\u0442 \u043d\u0430\u043b\u0438\u0447\u043d\u0438\u043a\u043e\u0432 \u043d\u0443\u0436\u043d\u043e \u0434\u043e\u043a\u0443\u043f\u0430\u0442\u044c \u043e\u0442\u0434\u0435\u043b\u044c\u043d\u043e. \u041e\u0434\u0438\u043d \u043a\u043e\u043c\u043f\u043b\u0435\u043a\u0442 \u0437\u0430\u043a\u0440\u044b\u0432\u0430\u0435\u0442 \u043e\u0434\u043d\u0443 \u0441\u0442\u043e\u0440\u043e\u043d\u0443 \u043f\u0440\u043e\u0451\u043c\u0430.<\/p>\n","protected":false},"excerpt":{"rendered":"<p>Steady 411 V \u0421\u0442\u0432\u043e\u0440\u043a\u0438 ADVANCE-LINE Steady\u00a0\u0438\u0437 \u043c\u0430\u0441\u0441\u0438\u0432\u0430 \u0434\u0435\u0440\u0435\u0432\u0430 \u0438\u043c\u0435\u044e\u0442 \u043f\u0440\u043e\u0441\u0442\u043e\u0439 \u0438 \u043d\u0435\u043f\u043e\u0434\u0432\u043b\u0430\u0441\u0442\u043d\u044b\u0439 \u0432\u0440\u0435\u043c\u0435\u043d\u0438 \u043b\u0438\u043d\u0435\u0439\u043d\u044b\u0439 \u0434\u0438\u0437\u0430\u0439\u043d. \u0414\u0438\u0437\u0430\u0439\u043d \u0434\u0432\u0435\u0440\u0438 \u0432\u043f\u0438\u0448\u0435\u0442\u0441\u044f \u043a\u0430\u043a \u0432<\/p>\n","protected":false},"featured_media":51657,"template":"","meta":[],"product_cat":[84,117,468],"product_tag":[1433],"class_list":{"0":"post-51638","1":"product","2":"type-product","3":"status-publish","4":"has-post-thumbnail","6":"product_cat-dveri","7":"product_cat-mezhkomnatnye","8":"product_cat-krashennye","9":"product_tag-tarneaeg-2-nadalat-ru","10":"tm-has-options","12":"first","13":"instock","14":"taxable","15":"shipping-taxable","16":"purchasable","17":"product-type-variable"},"_links":{"self":[{"href":"https:\/\/ecopood.ee\/ru\/wp-json\/wp\/v2\/product\/51638","targetHints":{"allow":["GET"]}}],"collection":[{"href":"https:\/\/ecopood.ee\/ru\/wp-json\/wp\/v2\/product"}],"about":[{"href":"https:\/\/ecopood.ee\/ru\/wp-json\/wp\/v2\/types\/product"}],"wp:featuredmedia":[{"embeddable":true,"href":"https:\/\/ecopood.ee\/ru\/wp-json\/wp\/v2\/media\/51657"}],"wp:attachment":[{"href":"https:\/\/ecopood.ee\/ru\/wp-json\/wp\/v2\/media?parent=51638"}],"wp:term":[{"taxonomy":"product_cat","embeddable":true,"href":"https:\/\/ecopood.ee\/ru\/wp-json\/wp\/v2\/product_cat?post=51638"},{"taxonomy":"product_tag","embeddable":true,"href":"https:\/\/ecopood.ee\/ru\/wp-json\/wp\/v2\/product_tag?post=51638"}],"curies":[{"name":"wp","href":"https:\/\/api.w.org\/{rel}","templated":true}]}}