{"id":51814,"date":"2025-02-05T11:06:01","date_gmt":"2025-02-05T09:06:01","guid":{"rendered":"https:\/\/ecopood.ee\/?post_type=product&#038;p=51814"},"modified":"2025-02-05T13:28:49","modified_gmt":"2025-02-05T11:28:49","slug":"ajax-pass-belyj-zashifrovannaya-beskontaktnaya-karta-dlya-klaviatury-3sht-kopeeri","status":"publish","type":"product","link":"https:\/\/ecopood.ee\/ru\/ajax-pass-belyj-zashifrovannaya-beskontaktnaya-karta-dlya-klaviatury-3sht-kopeeri\/","title":{"rendered":"AJAX Proximity Tag (3\u0448\u0442)"},"content":{"rendered":"<h1>AJAX Proximity Tag (3\u0448\u0442)<\/h1>\n<p>Kiire juurdep\u00e4\u00e4s turvas\u00fcsteemile<br \/>\nTurvas\u00fcsteemi desarmeerimiseks esitage lihtsalt silt lugejale klahvistikul. See koopiaga kaitstud v\u00f5tmehoidja v\u00f5imaldab teil hallata turvare\u017eiime ilma parooli, kasutajakonto ja Ajaxi rakendusele juurdep\u00e4\u00e4suta.<\/p>\n<p>Tipptasemel andmekaitse<br \/>\nKasutajate kiireks ja turvaliseks tuvastamiseks on KeyPad Plus varustatud DESFire\u00ae-tehnoloogiaga. Tegemist on klassi parima kontaktivaba lahendusega kasutaja tuvastamiseks kaardi v\u00f5i v\u00f5tmehoidja abil.<br \/>\nDESFire\u00ae p\u00f5hineb rahvusvahelisel standardil ISO 14443 ja \u00fchendab endas p\u00f5hjaliku 128-bitise kr\u00fcpteerimise ja kopeerimiskaitse. Seda tehnoloogiat kasutatakse ka Euroopa pealinnade transpordis\u00fcsteemides ja NASA juurdep\u00e4\u00e4sus\u00fcsteemides.<\/p>\n<p>\u00dcks v\u00f5ti koju ja kontorisse<br \/>\n\u00dche sildi saab \u00fchendada 13 keskusega<\/p>\n<p>T\u00e4ielik kontroll rakenduses<br \/>\nRakenduses saate m\u00e4\u00e4rata igale v\u00f5tmehoidjale nime ja juurdep\u00e4\u00e4su\u00f5igused. Saate alati teada, kes ja millal turvare\u017eiimi muutis &#8212; iga tegevus salvestatakse s\u00fcndmuste logis.<br \/>\nS\u00fcsteemi administraator saab reaalajas t\u00fchistada v\u00f5i piirata sildi kasutus\u00f5igusi.<\/p>\n<p>Mugav \u00fchendus<br \/>\nTag&#8217;i lisamiseks s\u00fcsteemi piisab, kui avate Ajaxi rakenduse, sisenete seadistustesse ja esitate v\u00f5tmehoidja v\u00f5tmepaigale.<\/p>\n<p>Kommunikatsioonitehnoloogia<\/p>\n<p>&nbsp;<\/p>\n<p>&nbsp;<\/p>\n<table width=\"100%\">\n<tbody>\n<tr>\n<td width=\"329\">\u041a\u043e\u043c\u043c\u0443\u043d\u0438\u043a\u0430\u0446\u0438\u043e\u043d\u043d\u0430\u044f \u0442\u0435\u0445\u043d\u043e\u043b\u043e\u0433\u0438\u044f<\/td>\n<td width=\"1527\">DESFire\u00ae<\/td>\n<\/tr>\n<tr>\n<td width=\"329\">\u0421\u0442\u0430\u043d\u0434\u0430\u0440\u0442 \u044d\u043a\u0441\u043f\u043b\u0443\u0430\u0442\u0430\u0446\u0438\u0438<\/td>\n<td width=\"1527\">ISO 14443-\u0410 (13.56 MHz)<\/td>\n<\/tr>\n<tr>\n<td width=\"329\">\u0428\u0438\u0444\u0440\u043e\u0432\u0430\u043d\u0438\u0435<\/td>\n<td width=\"1527\">+<\/td>\n<\/tr>\n<tr>\n<td width=\"329\">\u0410\u0443\u0442\u0435\u043d\u0442\u0438\u0444\u0438\u043a\u0430\u0446\u0438\u044f<\/td>\n<td width=\"1527\">+<\/td>\n<\/tr>\n<tr>\n<td width=\"329\">\u0417\u0430\u0449\u0438\u0442\u0430 \u043e\u0442 \u043f\u0435\u0440\u0435\u0445\u0432\u0430\u0442\u0430 \u0441\u0438\u0433\u043d\u0430\u043b\u0430<\/td>\n<td width=\"1527\">+<\/td>\n<\/tr>\n<tr>\n<td width=\"329\">\u0412\u043e\u0437\u043c\u043e\u0436\u043d\u043e\u0441\u0442\u044c \u043d\u0430\u0437\u043d\u0430\u0447\u0435\u043d\u0438\u044f \u043f\u043e\u043b\u044c\u0437\u043e\u0432\u0430\u0442\u0435\u043b\u044f<\/td>\n<td width=\"1527\">+<\/td>\n<\/tr>\n<tr>\n<td width=\"329\">\u041c\u0430\u043a\u0441\u0438\u043c\u0430\u043b\u044c\u043d\u043e\u0435 \u043a\u043e\u043b\u0438\u0447\u0435\u0441\u0442\u0432\u043e \u0441\u0432\u044f\u0437\u0430\u043d\u043d\u044b\u0445 \u043a\u043e\u043d\u0446\u0435\u043d\u0442\u0440\u0430\u0442\u043e\u0440\u043e\u0432<\/td>\n<td width=\"1527\">Up to 13<\/td>\n<\/tr>\n<tr>\n<td width=\"329\">\u0421\u043e\u0432\u043c\u0435\u0441\u0442\u0438\u043c\u043e\u0441\u0442\u044c<\/td>\n<td width=\"1527\">KeyPad Plus<\/td>\n<\/tr>\n<tr>\n<td width=\"329\">\u0414\u0438\u0430\u043f\u0430\u0437\u043e\u043d \u0440\u0430\u0431\u043e\u0447\u0438\u0445 \u0442\u0435\u043c\u043f\u0435\u0440\u0430\u0442\u0443\u0440<\/td>\n<td width=\"1527\">From \u201310\u00b0C to +40\u00b0C<\/td>\n<\/tr>\n<tr>\n<td width=\"329\">\u0420\u0430\u0431\u043e\u0447\u0430\u044f \u0432\u043b\u0430\u0436\u043d\u043e\u0441\u0442\u044c<\/td>\n<td width=\"1527\">Up to 75%<\/td>\n<\/tr>\n<tr>\n<td width=\"329\">\u0413\u0430\u0431\u0430\u0440\u0438\u0442\u043d\u044b\u0435 \u0440\u0430\u0437\u043c\u0435\u0440\u044b<\/td>\n<td width=\"1527\">45 \u00d7 32 \u00d7 6 mm<\/td>\n<\/tr>\n<tr>\n<td width=\"329\">\u0412\u0435\u0441<\/td>\n<td width=\"1527\">7 g<\/td>\n<\/tr>\n<\/tbody>\n<\/table>\n<p>&nbsp;<\/p>\n","protected":false},"excerpt":{"rendered":"<p>AJAX Proximity Tag (3\u0448\u0442) Kiire juurdep\u00e4\u00e4s turvas\u00fcsteemile Turvas\u00fcsteemi desarmeerimiseks esitage lihtsalt silt lugejale klahvistikul. See koopiaga kaitstud v\u00f5tmehoidja v\u00f5imaldab teil<\/p>\n","protected":false},"featured_media":51816,"template":"","meta":[],"product_cat":[1706,1869,1867],"product_tag":[],"class_list":{"0":"post-51814","1":"product","2":"type-product","3":"status-publish","4":"has-post-thumbnail","6":"product_cat-signalizacziya","7":"product_cat-resheniya-dlya-dverej","8":"product_cat-resheniya-dlya-doma","9":"product_shipping_class-kohaletoimetamine-kulleriga-499e-ru","10":"tm-has-options","12":"first","13":"instock","14":"taxable","15":"shipping-taxable","16":"purchasable","17":"product-type-simple"},"_links":{"self":[{"href":"https:\/\/ecopood.ee\/ru\/wp-json\/wp\/v2\/product\/51814","targetHints":{"allow":["GET"]}}],"collection":[{"href":"https:\/\/ecopood.ee\/ru\/wp-json\/wp\/v2\/product"}],"about":[{"href":"https:\/\/ecopood.ee\/ru\/wp-json\/wp\/v2\/types\/product"}],"wp:featuredmedia":[{"embeddable":true,"href":"https:\/\/ecopood.ee\/ru\/wp-json\/wp\/v2\/media\/51816"}],"wp:attachment":[{"href":"https:\/\/ecopood.ee\/ru\/wp-json\/wp\/v2\/media?parent=51814"}],"wp:term":[{"taxonomy":"product_cat","embeddable":true,"href":"https:\/\/ecopood.ee\/ru\/wp-json\/wp\/v2\/product_cat?post=51814"},{"taxonomy":"product_tag","embeddable":true,"href":"https:\/\/ecopood.ee\/ru\/wp-json\/wp\/v2\/product_tag?post=51814"}],"curies":[{"name":"wp","href":"https:\/\/api.w.org\/{rel}","templated":true}]}}