{"id":56308,"date":"2025-04-07T17:27:10","date_gmt":"2025-04-07T14:27:10","guid":{"rendered":"https:\/\/ecopood.ee\/komplekt-dopolnenij-dlya-igrovoj-ploshhadki-rozovyj\/"},"modified":"2025-04-07T17:27:10","modified_gmt":"2025-04-07T14:27:10","slug":"komplekt-dopolnenij-dlya-igrovoj-ploshhadki-rozovyj","status":"publish","type":"product","link":"https:\/\/ecopood.ee\/ru\/komplekt-dopolnenij-dlya-igrovoj-ploshhadki-rozovyj\/","title":{"rendered":"\u041a\u043e\u043c\u043f\u043b\u0435\u043a\u0442 \u0434\u043e\u043f\u043e\u043b\u043d\u0435\u043d\u0438\u0439 \u0434\u043b\u044f \u0438\u0433\u0440\u043e\u0432\u043e\u0439 \u043f\u043b\u043e\u0449\u0430\u0434\u043a\u0438, \u0440\u043e\u0437\u043e\u0432\u044b\u0439"},"content":{"rendered":"<p>Stiilne pastellroheline lisade komplekt annab lastele v\u00f5imaluse luua uusi p\u00f5nevaid m\u00e4nguseikluseid! See kiigega komplekt arendab teie lapse loovust ja stimuleerib kujutlusv\u00f5imet. Lisage oma laste \u00f5uem\u00e4ngudele seiklust, r\u00f5\u00f5mu ja turvalisust selle m\u00e4nguasjade komplektiga!<\/p>\n<p>Komplektis on kiigeiste, rooliratas ja k\u00e4epidemed &#8212; k\u00f5ik, mida vaja, et pakkuda lastele unustamatuid hetki, hoida neid aktiivsena ja arendada nende loovust. Pastelne roheline toon annab komplektile hubasust ja esteetilisust. Kvaliteetsed materjalid tagavad ilmastikukindluse.<\/p>\n<p>Komplekti kuuluvad:<br \/>\nPlastikust kiigeiste<br \/>\n&#8212; M\u00f5\u00f5dud: 42 x 16,5 x 8,5 cm<br \/>\n&#8212; Valmistatud v\u00e4ga vastupidavast HDPE plastikust<br \/>\n&#8212; Must punutud 10 mm kiigen\u00f6\u00f6r<br \/>\n&#8212; N\u00f6\u00f6ride pikkust saab reguleerida kuni 250 cm<br \/>\n&#8212; Ilmastikukindel<\/p>\n<p>Rooliratas<br \/>\n&#8212; M\u00f5\u00f5dud: l\u00e4bim\u00f5\u00f5t 30 cm, k\u00f5rgus 8,1 cm<br \/>\n&#8212; Valmistatud vastupidavast plastikust<br \/>\n&#8212; Lihtne paigaldada<\/p>\n<p>K\u00e4epidemed<br \/>\n&#8212; M\u00f5\u00f5dud: 250 x 75 mm<br \/>\n&#8212; Valmistatud l\u00f6\u00f6gikindlast PP plastikust<br \/>\n&#8212; Kaasas vajalikud kinnituskruvid<\/p>\n","protected":false},"excerpt":{"rendered":"<p>Stiilne pastellroheline lisade komplekt annab lastele v\u00f5imaluse luua uusi p\u00f5nevaid m\u00e4nguseikluseid! See kiigega komplekt arendab teie lapse loovust ja stimuleerib<\/p>\n","protected":false},"featured_media":55065,"template":"","meta":[],"product_cat":[478,480,483],"product_tag":[],"class_list":{"0":"post-56308","1":"product","2":"type-product","3":"status-publish","4":"has-post-thumbnail","6":"product_cat-dlya-detej","7":"product_cat-detskie-kacheli","8":"product_cat-igrovye-ploshhadki","9":"tm-has-options","11":"first","12":"instock","13":"taxable","14":"shipping-taxable","15":"purchasable","16":"product-type-simple"},"_links":{"self":[{"href":"https:\/\/ecopood.ee\/ru\/wp-json\/wp\/v2\/product\/56308","targetHints":{"allow":["GET"]}}],"collection":[{"href":"https:\/\/ecopood.ee\/ru\/wp-json\/wp\/v2\/product"}],"about":[{"href":"https:\/\/ecopood.ee\/ru\/wp-json\/wp\/v2\/types\/product"}],"wp:featuredmedia":[{"embeddable":true,"href":"https:\/\/ecopood.ee\/ru\/wp-json\/wp\/v2\/media\/55065"}],"wp:attachment":[{"href":"https:\/\/ecopood.ee\/ru\/wp-json\/wp\/v2\/media?parent=56308"}],"wp:term":[{"taxonomy":"product_cat","embeddable":true,"href":"https:\/\/ecopood.ee\/ru\/wp-json\/wp\/v2\/product_cat?post=56308"},{"taxonomy":"product_tag","embeddable":true,"href":"https:\/\/ecopood.ee\/ru\/wp-json\/wp\/v2\/product_tag?post=56308"}],"curies":[{"name":"wp","href":"https:\/\/api.w.org\/{rel}","templated":true}]}}