{"id":56439,"date":"2025-04-07T17:28:24","date_gmt":"2025-04-07T14:28:24","guid":{"rendered":"https:\/\/ecopood.ee\/pesok-dlya-pesochniczy-25kg\/"},"modified":"2025-04-17T14:17:52","modified_gmt":"2025-04-17T11:17:52","slug":"pesok-dlya-pesochniczy-25kg","status":"publish","type":"product","link":"https:\/\/ecopood.ee\/ru\/pesok-dlya-pesochniczy-25kg\/","title":{"rendered":"\u041f\u0435\u0441\u043e\u043a \u0434\u043b\u044f \u043f\u0435\u0441\u043e\u0447\u043d\u0438\u0446\u044b, 25\u043a\u0433"},"content":{"rendered":"<p class=\"\" data-start=\"0\" data-end=\"55\"><strong data-start=\"0\" data-end=\"55\">Kvaliteetne liiv lastele \u2013 ohutu ja l\u00f5bus m\u00e4nguaeg!<\/strong><\/p>\n<p class=\"\" data-start=\"57\" data-end=\"395\">See <strong data-start=\"61\" data-end=\"86\">sertifitseeritud liiv<\/strong> on ideaalne valik laste liivakastidesse ja m\u00e4nguv\u00e4ljakutele. M\u00e4rg, mitte kuivatatud liiv on t\u00e4iuslik laste m\u00e4ngimiseks, kuna see pakub suurep\u00e4raseid tingimusi liivalosside ja liivakookide ehitamiseks. Liiv on <strong data-start=\"296\" data-end=\"343\">puhtaks pestud, ohutu ja kahjulike aineteta<\/strong>, mis tagab, et teie lapsed saavad m\u00e4ngida muretult.<\/p>\n<p class=\"\" data-start=\"397\" data-end=\"419\"><strong data-start=\"397\" data-end=\"419\">Olulised omadused:<\/strong><\/p>\n<ul data-start=\"420\" data-end=\"810\">\n<li class=\"\" data-start=\"420\" data-end=\"500\">\n<p class=\"\" data-start=\"422\" data-end=\"500\"><strong data-start=\"422\" data-end=\"436\">Fraktsioon<\/strong>: 0-2 mm \u2013 peen liiv, mis sobib suurep\u00e4raselt v\u00e4ikestele k\u00e4tele.<\/p>\n<\/li>\n<li class=\"\" data-start=\"501\" data-end=\"597\">\n<p class=\"\" data-start=\"503\" data-end=\"597\"><strong data-start=\"503\" data-end=\"532\">Sertifitseeritud ja ohutu<\/strong>: vastab EN71 standardile, tagades kvaliteedi ja ohutuse lastele.<\/p>\n<\/li>\n<li class=\"\" data-start=\"598\" data-end=\"677\">\n<p class=\"\" data-start=\"600\" data-end=\"677\"><strong data-start=\"600\" data-end=\"613\">M\u00e4rg liiv<\/strong>: ei ole kuivatatud, mist\u00f5ttu on see ideaalne laste m\u00e4ngimiseks.<\/p>\n<\/li>\n<li class=\"\" data-start=\"678\" data-end=\"780\">\n<p class=\"\" data-start=\"680\" data-end=\"780\"><strong data-start=\"680\" data-end=\"695\">Pakendamine<\/strong>: Liiv on pakitud 25 kg kottidesse, mis on mugavad ladustamiseks ja transportimiseks.<\/p>\n<\/li>\n<li class=\"\" data-start=\"781\" data-end=\"810\">\n<p class=\"\" data-start=\"783\" data-end=\"810\"><strong data-start=\"783\" data-end=\"799\">P\u00e4ritoluriik<\/strong>: Saksamaa.<\/p>\n<\/li>\n<\/ul>\n<p class=\"\" data-start=\"812\" data-end=\"836\"><strong data-start=\"812\" data-end=\"835\">Kogus ja soovitused<\/strong>:<\/p>\n<ul data-start=\"837\" data-end=\"934\">\n<li class=\"\" data-start=\"837\" data-end=\"931\">\n<p class=\"\" data-start=\"839\" data-end=\"931\">\u00dcks ruutmeeter liivakasti katmiseks vajab umbes <strong data-start=\"887\" data-end=\"903\">200 kg liiva<\/strong> (20 cm paksuse kihi jaoks).<\/p>\n<\/li>\n<\/ul>\n<p class=\"\" data-start=\"935\" data-end=\"997\"><strong data-start=\"935\" data-end=\"968\">Tervislik ja l\u00f5bus m\u00e4nguplats<\/strong> \u2013 lastele l\u00f5putuks l\u00f5budeks!<\/p>\n","protected":false},"excerpt":{"rendered":"<p>Kvaliteetne liiv lastele \u2013 ohutu ja l\u00f5bus m\u00e4nguaeg! See sertifitseeritud liiv on ideaalne valik laste liivakastidesse ja m\u00e4nguv\u00e4ljakutele. M\u00e4rg, mitte<\/p>\n","protected":false},"featured_media":55219,"template":"","meta":[],"product_cat":[478,482],"product_tag":[],"class_list":{"0":"post-56439","1":"product","2":"type-product","3":"status-publish","4":"has-post-thumbnail","6":"product_cat-dlya-detej","7":"product_cat-pesochniczy","8":"tm-has-options","10":"first","11":"instock","12":"taxable","13":"shipping-taxable","14":"purchasable","15":"product-type-simple"},"_links":{"self":[{"href":"https:\/\/ecopood.ee\/ru\/wp-json\/wp\/v2\/product\/56439","targetHints":{"allow":["GET"]}}],"collection":[{"href":"https:\/\/ecopood.ee\/ru\/wp-json\/wp\/v2\/product"}],"about":[{"href":"https:\/\/ecopood.ee\/ru\/wp-json\/wp\/v2\/types\/product"}],"wp:featuredmedia":[{"embeddable":true,"href":"https:\/\/ecopood.ee\/ru\/wp-json\/wp\/v2\/media\/55219"}],"wp:attachment":[{"href":"https:\/\/ecopood.ee\/ru\/wp-json\/wp\/v2\/media?parent=56439"}],"wp:term":[{"taxonomy":"product_cat","embeddable":true,"href":"https:\/\/ecopood.ee\/ru\/wp-json\/wp\/v2\/product_cat?post=56439"},{"taxonomy":"product_tag","embeddable":true,"href":"https:\/\/ecopood.ee\/ru\/wp-json\/wp\/v2\/product_tag?post=56439"}],"curies":[{"name":"wp","href":"https:\/\/api.w.org\/{rel}","templated":true}]}}