{"id":63281,"date":"2025-11-20T15:30:37","date_gmt":"2025-11-20T13:30:37","guid":{"rendered":"https:\/\/ecopood.ee\/?post_type=product&#038;p=63281"},"modified":"2025-11-20T15:34:24","modified_gmt":"2025-11-20T13:34:24","slug":"suitsu-pommid-xxl","status":"publish","type":"product","link":"https:\/\/ecopood.ee\/ru\/suitsu-pommid-xxl\/","title":{"rendered":"SUITSU POMMID XXL"},"content":{"rendered":"<h3>Ilutulestik &#8212; SUITSU POMMID XXL<\/h3>\n<h3><strong style=\"color: #333333; font-size: 16px;\">TOOTE M\u00d5\u00d5DUD:<\/strong><\/h3>\n<div>\n<div>\n<div>K\u00f5rgus: 11,5 cm<\/div>\n<div>Laius: 12 cm<\/div>\n<div>S\u00fcgavus: 3,5 cm<\/div>\n<\/div>\n<div class=\"tooteinfo-header mgt-25\">Kirjeldus:<\/div>\n<div>\n<p>Smoke BOMB XXL. Komplektis 3 tk. Kestus 20 sekundit. Vahetavad v\u00e4rvi. Ainult v\u00e4ljas kasutamiseks.<\/p>\n<\/div>\n<\/div>\n<p><iframe title=\"YouTube video player\" src=\"https:\/\/www.youtube.com\/embed\/ELQa-ZZCWsc?si=RYiH2jXvaKxDMp13\" width=\"560\" height=\"315\" frameborder=\"0\" allowfullscreen=\"allowfullscreen\"><\/iframe><\/p>\n","protected":false},"excerpt":{"rendered":"<p>Ilutulestik &#8212; SUITSU POMMID XXL TOOTE M\u00d5\u00d5DUD: K\u00f5rgus: 11,5 cm Laius: 12 cm S\u00fcgavus: 3,5 cm Kirjeldus: Smoke BOMB XXL.<\/p>\n","protected":false},"featured_media":63283,"template":"","meta":[],"product_cat":[1049,1161],"product_tag":[],"class_list":{"0":"post-63281","1":"product","2":"type-product","3":"status-publish","4":"has-post-thumbnail","6":"product_cat-fejerverki","7":"product_cat-komplekty","8":"tm-has-options","10":"first","11":"instock","12":"sale","13":"taxable","14":"shipping-taxable","15":"purchasable","16":"product-type-simple"},"_links":{"self":[{"href":"https:\/\/ecopood.ee\/ru\/wp-json\/wp\/v2\/product\/63281","targetHints":{"allow":["GET"]}}],"collection":[{"href":"https:\/\/ecopood.ee\/ru\/wp-json\/wp\/v2\/product"}],"about":[{"href":"https:\/\/ecopood.ee\/ru\/wp-json\/wp\/v2\/types\/product"}],"wp:featuredmedia":[{"embeddable":true,"href":"https:\/\/ecopood.ee\/ru\/wp-json\/wp\/v2\/media\/63283"}],"wp:attachment":[{"href":"https:\/\/ecopood.ee\/ru\/wp-json\/wp\/v2\/media?parent=63281"}],"wp:term":[{"taxonomy":"product_cat","embeddable":true,"href":"https:\/\/ecopood.ee\/ru\/wp-json\/wp\/v2\/product_cat?post=63281"},{"taxonomy":"product_tag","embeddable":true,"href":"https:\/\/ecopood.ee\/ru\/wp-json\/wp\/v2\/product_tag?post=63281"}],"curies":[{"name":"wp","href":"https:\/\/api.w.org\/{rel}","templated":true}]}}