{"id":63310,"date":"2025-11-21T09:27:19","date_gmt":"2025-11-21T07:27:19","guid":{"rendered":"https:\/\/ecopood.ee\/?post_type=product&#038;p=63310"},"modified":"2025-11-21T09:32:40","modified_gmt":"2025-11-21T07:32:40","slug":"kolli-paugud-kopeeri","status":"publish","type":"product","link":"https:\/\/ecopood.ee\/ru\/kolli-paugud-kopeeri\/","title":{"rendered":"PAUGUN\u00d6\u00d6RID"},"content":{"rendered":"<h3>Ilutulestik &#8212; PAUGUN\u00d6\u00d6RID<\/h3>\n<div><\/div>\n<h3 class=\"tooteinfo-header mgt-25\">KIRJELDUS:<\/h3>\n<div>\n<ul>\n<li><strong>12 paugun\u00f6\u00f6ri pakis<\/strong>\u00a0\u2013 piisav kogus, et l\u00f5bu kestaks pikemalt.<\/li>\n<li><strong>V\u00e4rvikas efekt<\/strong>\u00a0\u2013 iga n\u00f6\u00f6r plahvatab l\u00f5busalt, lisades pidustustele s\u00e4rtsu.<\/li>\n<li><strong>Lihtne kasutada<\/strong>\u00a0\u2013 sobib h\u00e4sti nii lastele(Alates 12.eluaastast!) kui ka t\u00e4iskasvanutele.<\/li>\n<\/ul>\n<\/div>\n","protected":false},"excerpt":{"rendered":"<p>Ilutulestik &#8212; PAUGUN\u00d6\u00d6RID KIRJELDUS: 12 paugun\u00f6\u00f6ri pakis\u00a0\u2013 piisav kogus, et l\u00f5bu kestaks pikemalt. V\u00e4rvikas efekt\u00a0\u2013 iga n\u00f6\u00f6r plahvatab l\u00f5busalt, lisades<\/p>\n","protected":false},"featured_media":63314,"template":"","meta":[],"product_cat":[1049,1161],"product_tag":[1146],"class_list":{"0":"post-63310","1":"product","2":"type-product","3":"status-publish","4":"has-post-thumbnail","6":"product_cat-fejerverki","7":"product_cat-komplekty","8":"product_tag-23-ru","9":"tm-has-options","11":"first","12":"instock","13":"taxable","14":"shipping-taxable","15":"purchasable","16":"product-type-simple"},"_links":{"self":[{"href":"https:\/\/ecopood.ee\/ru\/wp-json\/wp\/v2\/product\/63310","targetHints":{"allow":["GET"]}}],"collection":[{"href":"https:\/\/ecopood.ee\/ru\/wp-json\/wp\/v2\/product"}],"about":[{"href":"https:\/\/ecopood.ee\/ru\/wp-json\/wp\/v2\/types\/product"}],"wp:featuredmedia":[{"embeddable":true,"href":"https:\/\/ecopood.ee\/ru\/wp-json\/wp\/v2\/media\/63314"}],"wp:attachment":[{"href":"https:\/\/ecopood.ee\/ru\/wp-json\/wp\/v2\/media?parent=63310"}],"wp:term":[{"taxonomy":"product_cat","embeddable":true,"href":"https:\/\/ecopood.ee\/ru\/wp-json\/wp\/v2\/product_cat?post=63310"},{"taxonomy":"product_tag","embeddable":true,"href":"https:\/\/ecopood.ee\/ru\/wp-json\/wp\/v2\/product_tag?post=63310"}],"curies":[{"name":"wp","href":"https:\/\/api.w.org\/{rel}","templated":true}]}}