{"id":63322,"date":"2025-11-21T09:45:45","date_gmt":"2025-11-21T07:45:45","guid":{"rendered":"https:\/\/ecopood.ee\/?post_type=product&#038;p=63322"},"modified":"2025-11-21T09:47:24","modified_gmt":"2025-11-21T07:47:24","slug":"topelt-must-toss-kopeeri","status":"publish","type":"product","link":"https:\/\/ecopood.ee\/ru\/topelt-must-toss-kopeeri\/","title":{"rendered":"TOPELT VALGE TOSS"},"content":{"rendered":"<h3>TOPELT MUST TOSS<\/h3>\n<p>Topelt valge suits. Suitsu tuleb m\u00f5lemast k\u00fcljest. Toote kestus 60 sekundit. Ainult v\u00e4ljas kasutamiseks alla 5 m\/s tuulega. S\u00fc\u00fctamisega.<\/p>\n<div>\n<h3 class=\"mgt-25\"><strong>TOOTE M\u00d5\u00d5DUD:<\/strong><\/h3>\n<div>\n<ul>\n<li>K\u00f5rgus: 4 cm<\/li>\n<li>Laius: 20 cm<\/li>\n<li>S\u00fcgavus: 4 cm<\/li>\n<\/ul>\n<\/div>\n<div class=\"tooteinfo-header mgt-25\"><\/div>\n<div>\n<p><iframe title=\"YouTube video player\" src=\"https:\/\/www.youtube.com\/embed\/EkvXxwsolYk?si=Z0Zly9R_VNwdtBT8\" width=\"560\" height=\"315\" frameborder=\"0\" allowfullscreen=\"allowfullscreen\"><\/iframe><\/p>\n<\/div>\n<\/div>\n","protected":false},"excerpt":{"rendered":"<p><br data-mce-bogus=\"1\"><\/p>\n","protected":false},"featured_media":63324,"template":"","meta":[],"product_cat":[1049,1162],"product_tag":[],"class_list":{"0":"post-63322","1":"product","2":"type-product","3":"status-publish","4":"has-post-thumbnail","6":"product_cat-fejerverki","7":"product_cat-tihij-fejerverk","8":"tm-has-options","10":"first","11":"instock","12":"sale","13":"taxable","14":"shipping-taxable","15":"purchasable","16":"product-type-simple"},"_links":{"self":[{"href":"https:\/\/ecopood.ee\/ru\/wp-json\/wp\/v2\/product\/63322","targetHints":{"allow":["GET"]}}],"collection":[{"href":"https:\/\/ecopood.ee\/ru\/wp-json\/wp\/v2\/product"}],"about":[{"href":"https:\/\/ecopood.ee\/ru\/wp-json\/wp\/v2\/types\/product"}],"wp:featuredmedia":[{"embeddable":true,"href":"https:\/\/ecopood.ee\/ru\/wp-json\/wp\/v2\/media\/63324"}],"wp:attachment":[{"href":"https:\/\/ecopood.ee\/ru\/wp-json\/wp\/v2\/media?parent=63322"}],"wp:term":[{"taxonomy":"product_cat","embeddable":true,"href":"https:\/\/ecopood.ee\/ru\/wp-json\/wp\/v2\/product_cat?post=63322"},{"taxonomy":"product_tag","embeddable":true,"href":"https:\/\/ecopood.ee\/ru\/wp-json\/wp\/v2\/product_tag?post=63322"}],"curies":[{"name":"wp","href":"https:\/\/api.w.org\/{rel}","templated":true}]}}