{"id":63340,"date":"2025-11-21T10:16:36","date_gmt":"2025-11-21T08:16:36","guid":{"rendered":"https:\/\/ecopood.ee\/?post_type=product&#038;p=63340"},"modified":"2025-11-21T10:25:21","modified_gmt":"2025-11-21T08:25:21","slug":"bombard-kopeeri","status":"publish","type":"product","link":"https:\/\/ecopood.ee\/ru\/bombard-kopeeri\/","title":{"rendered":"BANG BOOM 3XL EXTRA STRONG BANG"},"content":{"rendered":"<h3>BANG BOOM 3XL EXTRA STRONG BANG<\/h3>\n<p>Suur ja v\u00f5imas kogupauk. Tulistab korraga 3 \u00e4gedat efekti. K\u00f5rgus kuni 35 meetrit.<\/p>\n<p>Toestust vajav patarei. Ainult v\u00e4ljas kasutamiseks.<\/p>\n<div>\n<h3 class=\"mgt-25\"><strong>TOOTE M\u00d5\u00d5DUD:<\/strong><\/h3>\n<div>\n<ul>\n<li>\n<div>K\u00f5rgus: 20,5 cm<\/div>\n<\/li>\n<li>\n<div>Laius: 9 cm<\/div>\n<\/li>\n<li>\n<div>S\u00fcgavus: 9 cm<\/div>\n<\/li>\n<\/ul>\n<p>&nbsp;<\/p>\n<\/div>\n<div>\n<p><iframe title=\"YouTube video player\" src=\"https:\/\/www.youtube.com\/embed\/U0gPzycNOJk?si=-vXHDcQYdeaCmJN4\" width=\"560\" height=\"315\" frameborder=\"0\" allowfullscreen=\"allowfullscreen\"><\/iframe><\/p>\n<\/div>\n<\/div>\n","protected":false},"excerpt":{"rendered":"<p><br data-mce-bogus=\"1\"><\/p>\n","protected":false},"featured_media":63334,"template":"","meta":[],"product_cat":[1049,1157],"product_tag":[],"class_list":{"0":"post-63340","1":"product","2":"type-product","3":"status-publish","4":"has-post-thumbnail","6":"product_cat-fejerverki","7":"product_cat-malye-batarei","8":"tm-has-options","10":"first","11":"instock","12":"sale","13":"taxable","14":"shipping-taxable","15":"purchasable","16":"product-type-simple"},"_links":{"self":[{"href":"https:\/\/ecopood.ee\/ru\/wp-json\/wp\/v2\/product\/63340","targetHints":{"allow":["GET"]}}],"collection":[{"href":"https:\/\/ecopood.ee\/ru\/wp-json\/wp\/v2\/product"}],"about":[{"href":"https:\/\/ecopood.ee\/ru\/wp-json\/wp\/v2\/types\/product"}],"wp:featuredmedia":[{"embeddable":true,"href":"https:\/\/ecopood.ee\/ru\/wp-json\/wp\/v2\/media\/63334"}],"wp:attachment":[{"href":"https:\/\/ecopood.ee\/ru\/wp-json\/wp\/v2\/media?parent=63340"}],"wp:term":[{"taxonomy":"product_cat","embeddable":true,"href":"https:\/\/ecopood.ee\/ru\/wp-json\/wp\/v2\/product_cat?post=63340"},{"taxonomy":"product_tag","embeddable":true,"href":"https:\/\/ecopood.ee\/ru\/wp-json\/wp\/v2\/product_tag?post=63340"}],"curies":[{"name":"wp","href":"https:\/\/api.w.org\/{rel}","templated":true}]}}