{"id":63368,"date":"2025-11-21T14:30:33","date_gmt":"2025-11-21T12:30:33","guid":{"rendered":"https:\/\/ecopood.ee\/?post_type=product&#038;p=63368"},"modified":"2025-12-16T11:18:11","modified_gmt":"2025-12-16T09:18:11","slug":"kaboom","status":"publish","type":"product","link":"https:\/\/ecopood.ee\/ru\/kaboom\/","title":{"rendered":"KABOOM"},"content":{"rendered":"<h3>Ilutulestik &#8212; KABOOM<\/h3>\n<p><strong>Kaliiber: 20mm<br \/>\nLasku: 102<br \/>\nK\u00f5rgus: 30m<br \/>\nKestus: 52s<\/strong><\/p>\n<div>\n<h3 class=\"mgt-25\"><strong>TOOTE M\u00d5\u00d5DUD:<\/strong><\/h3>\n<div>\n<ul>\n<li>\n<div>K\u00f5rgus: 12 cm<\/div>\n<\/li>\n<li>\n<div>Laius: 31,5 cm<\/div>\n<\/li>\n<li>\n<div>S\u00fcgavus: 22 cm<\/div>\n<\/li>\n<\/ul>\n<p>&nbsp;<\/p>\n<p><iframe title=\"YouTube video player\" src=\"https:\/\/www.youtube.com\/embed\/f2kYagaE9n0?si=oNwpsxKqxITuieHd\" width=\"560\" height=\"315\" frameborder=\"0\" allowfullscreen=\"allowfullscreen\"><\/iframe><\/p>\n<\/div>\n<\/div>\n","protected":false},"excerpt":{"rendered":"<p>Ilutulestik &#8212; KABOOM Kaliiber: 20mm Lasku: 102 K\u00f5rgus: 30m Kestus: 52s TOOTE M\u00d5\u00d5DUD: K\u00f5rgus: 12 cm Laius: 31,5 cm S\u00fcgavus:<\/p>\n","protected":false},"featured_media":63376,"template":"","meta":[],"product_cat":[1049,1477],"product_tag":[],"class_list":{"0":"post-63368","1":"product","2":"type-product","3":"status-publish","4":"has-post-thumbnail","6":"product_cat-fejerverki","7":"product_cat-keskmised-patareid-ru","8":"tm-has-options","10":"first","11":"instock","12":"sale","13":"taxable","14":"shipping-taxable","15":"purchasable","16":"product-type-simple"},"_links":{"self":[{"href":"https:\/\/ecopood.ee\/ru\/wp-json\/wp\/v2\/product\/63368","targetHints":{"allow":["GET"]}}],"collection":[{"href":"https:\/\/ecopood.ee\/ru\/wp-json\/wp\/v2\/product"}],"about":[{"href":"https:\/\/ecopood.ee\/ru\/wp-json\/wp\/v2\/types\/product"}],"wp:featuredmedia":[{"embeddable":true,"href":"https:\/\/ecopood.ee\/ru\/wp-json\/wp\/v2\/media\/63376"}],"wp:attachment":[{"href":"https:\/\/ecopood.ee\/ru\/wp-json\/wp\/v2\/media?parent=63368"}],"wp:term":[{"taxonomy":"product_cat","embeddable":true,"href":"https:\/\/ecopood.ee\/ru\/wp-json\/wp\/v2\/product_cat?post=63368"},{"taxonomy":"product_tag","embeddable":true,"href":"https:\/\/ecopood.ee\/ru\/wp-json\/wp\/v2\/product_tag?post=63368"}],"curies":[{"name":"wp","href":"https:\/\/api.w.org\/{rel}","templated":true}]}}