{"id":63380,"date":"2025-11-21T14:44:55","date_gmt":"2025-11-21T12:44:56","guid":{"rendered":"https:\/\/ecopood.ee\/?post_type=product&#038;p=63380"},"modified":"2026-01-16T14:56:04","modified_gmt":"2026-01-16T12:56:04","slug":"maxim-kuulipilduja-kopeeri","status":"publish","type":"product","link":"https:\/\/ecopood.ee\/ru\/maxim-kuulipilduja-kopeeri\/","title":{"rendered":"ORION"},"content":{"rendered":"<h3>Ilutulestik &#8212; ORION<\/h3>\n<div>\n<h3 class=\"mgt-25\"><strong>TOOTE M\u00d5\u00d5DUD:<\/strong><\/h3>\n<div>\n<ul>\n<li>\n<div>Laius: 11 cm<\/div>\n<\/li>\n<li>S\u00fcgavus: 11 cm<\/li>\n<li>\n<div>K\u00f5rgus: 22 cm<\/div>\n<\/li>\n<\/ul>\n<p><iframe title=\"YouTube video player\" src=\"https:\/\/www.youtube.com\/embed\/3ueLj5XgyT4?si=tM67MGvsEzTJFgja\" width=\"560\" height=\"315\" frameborder=\"0\" allowfullscreen=\"allowfullscreen\"><\/iframe><\/p>\n<\/div>\n<\/div>\n","protected":false},"excerpt":{"rendered":"<p>Ilutulestik &#8212; ORION TOOTE M\u00d5\u00d5DUD: Laius: 11 cm S\u00fcgavus: 11 cm K\u00f5rgus: 22 cm<\/p>\n","protected":false},"featured_media":63355,"template":"","meta":[],"product_cat":[1049,1157],"product_tag":[1144],"class_list":{"0":"post-63380","1":"product","2":"type-product","3":"status-publish","4":"has-post-thumbnail","6":"product_cat-fejerverki","7":"product_cat-malye-batarei","8":"product_tag-12-ru","9":"tm-has-options","11":"first","12":"instock","13":"taxable","14":"shipping-taxable","15":"purchasable","16":"product-type-simple"},"_links":{"self":[{"href":"https:\/\/ecopood.ee\/ru\/wp-json\/wp\/v2\/product\/63380","targetHints":{"allow":["GET"]}}],"collection":[{"href":"https:\/\/ecopood.ee\/ru\/wp-json\/wp\/v2\/product"}],"about":[{"href":"https:\/\/ecopood.ee\/ru\/wp-json\/wp\/v2\/types\/product"}],"wp:featuredmedia":[{"embeddable":true,"href":"https:\/\/ecopood.ee\/ru\/wp-json\/wp\/v2\/media\/63355"}],"wp:attachment":[{"href":"https:\/\/ecopood.ee\/ru\/wp-json\/wp\/v2\/media?parent=63380"}],"wp:term":[{"taxonomy":"product_cat","embeddable":true,"href":"https:\/\/ecopood.ee\/ru\/wp-json\/wp\/v2\/product_cat?post=63380"},{"taxonomy":"product_tag","embeddable":true,"href":"https:\/\/ecopood.ee\/ru\/wp-json\/wp\/v2\/product_tag?post=63380"}],"curies":[{"name":"wp","href":"https:\/\/api.w.org\/{rel}","templated":true}]}}