{"id":9605,"date":"2020-09-08T13:36:34","date_gmt":"2020-09-08T10:36:34","guid":{"rendered":"https:\/\/proj.ecopood.ee\/kamennaya-vata\/"},"modified":"2021-06-15T15:45:25","modified_gmt":"2021-06-15T12:45:25","slug":"kamennaya-vata-rockwool-toprock-plus","status":"publish","type":"product","link":"https:\/\/ecopood.ee\/ru\/kamennaya-vata-rockwool-toprock-plus\/","title":{"rendered":"\u041a\u0430\u043c\u0435\u043d\u043d\u0430\u044f \u0432\u0430\u0442\u0430 Rockwool Toprock Plus"},"content":{"rendered":"<div class=\"O11-text-content-block__content is-first\">\n<h3>Pehmeid kivivillamatte TOPROCK PLUS kasutatakse kergete konstruktsioonide (kus koormus isolatsioon ei m\u00f5juta) soojus- ja heliisolatsiooniks.<\/h3>\n<p>Soojustuseks soovitatavad konstruktsioonid:<\/p>\n<ul>\n<li>Ventileeritavad viilkatused ja p\u00f6\u00f6ningud;<\/li>\n<li>Puitp\u00f5randad;<\/li>\n<li>Korrused k\u00fctmata ruumide kohal;<\/li>\n<li>Vaheseinad ja muud kerged s\u00f5restikkonstruktsioonid.<\/li>\n<\/ul>\n<\/div>\n<div class=\"O11-text-content-block__content is-second\">\n<p><strong>K\u00f5ige t\u00e4htsamad omadused:<\/strong><\/p>\n<ul>\n<li>Nagu k\u00f5ik ROCKWOOL tooted, on ka TOPROCK PLUS h\u00e4sti isoleeritud ja tulekindel toode;<\/li>\n<li>Ventileeritavates konstruktsioonides tuleb TOPROCK PLUS matte kaitsta t\u00e4iendava tuulet\u00f5kke paigaldamisega kivivillaplaatide v\u00f5i tuulekindlate kilede abil;<\/li>\n<li>Matte on eriti efektiivne kasutada suurema pindalaga kasutamata p\u00f6\u00f6ningute p\u00f5randa soojustamiseks, kuna mattide m\u00f5\u00f5tmed on paneelidest oluliselt suuremad, nii et t\u00f6\u00f6 on palju kiirem.<\/li>\n<li>Nende mattide m\u00f5\u00f5tmed on: laius 1000 mm ja pikkus v\u00f5ib varieeruda vahemikus 3000 kuni 6000 mm. V\u00f5imalikud paksused on 100 kuni 200 mm.<\/li>\n<li>Pakendi ligikaudne l\u00e4bim\u00f5\u00f5t on 400 mm, mist\u00f5ttu on neid lihtne ja h\u00f5lbus transportida ning kanda p\u00f6\u00f6ningutele v\u00f5i muudesse v\u00e4ikese pindalaga v\u00f5i mahuga ruumidesse.<\/li>\n<\/ul>\n<div class=\"container O87-collapsible-table__header\">\n<h3 class=\"O87-collapsible-table__title\">Tehniline informatsioon<\/h3>\n<div class=\"O87-collapsible-table__ctas\">\n<div class=\"btn is-outline js-select-compare-product\" data-link-id=\"fa61dfa5-b615-4bfd-95da-87864a030522\" data-link-name=\"TOPROCK PLUS\" data-link-image=\"https:\/\/cdn01.rockwool.ee\/dam.papirfly\/product-pictures\/rw-cee\/20210401-rw-cee-prod-329?f=20210502021527&amp;format=Landscape\"><\/div>\n<\/div>\n<\/div>\n<div class=\"container O87-collapsible-table__table-container\">\n<div class=\"O87-collapsible-table__table-wrap js-table-scroll accordion--initialized\">\n<table>\n<tbody>\n<tr class=\"O87-collapsible-table__row\">\n<th>Toote markeering<\/th>\n<td><\/td>\n<td>MW-EN 13162-T2-WS-WL(P)-MU1<\/td>\n<td class=\"O87-collapsible-table__accordion-parent\"><\/td>\n<\/tr>\n<tr class=\"O87-collapsible-table__row\">\n<th>Toodete tuletundlikkuse klass<\/th>\n<td><\/td>\n<td>A1<\/td>\n<td class=\"O87-collapsible-table__accordion-parent\"><\/td>\n<\/tr>\n<tr class=\"O87-collapsible-table__row\">\n<th>Soojusjuhtivustegur<\/th>\n<td><\/td>\n<td>\u03bb<sub>D<\/sub>\u00a0= 0,039 W\/m\u00b7 K<\/td>\n<td class=\"O87-collapsible-table__accordion-parent\"><\/td>\n<\/tr>\n<tr class=\"O87-collapsible-table__row\">\n<th>Pikaajaline veeimavus<\/th>\n<td><\/td>\n<td>\u2264 3.0 kg\/m<sup>2<\/sup><\/td>\n<td class=\"O87-collapsible-table__accordion-parent\"><\/td>\n<\/tr>\n<tr class=\"O87-collapsible-table__row\">\n<th>L\u00fchiajaline veeimavus<\/th>\n<td><\/td>\n<td>\u2264 1.0 kg\/m<sup>2<\/sup><\/td>\n<td class=\"O87-collapsible-table__accordion-parent\"><\/td>\n<\/tr>\n<tr class=\"O87-collapsible-table__row\">\n<th>Veeauru l\u00e4bilaskvus<\/th>\n<td><\/td>\n<td>\u03bc = 1<\/td>\n<\/tr>\n<\/tbody>\n<\/table>\n<\/div>\n<\/div>\n<\/div>\n","protected":false},"excerpt":{"rendered":"<p>Pehmeid kivivillamatte TOPROCK PLUS kasutatakse kergete konstruktsioonide (kus koormus isolatsioon ei m\u00f5juta) soojus- ja heliisolatsiooniks. Soojustuseks soovitatavad konstruktsioonid: Ventileeritavad viilkatused<\/p>\n","protected":false},"featured_media":9962,"template":"","meta":[],"product_cat":[112,776,610],"product_tag":[],"class_list":{"0":"post-9605","1":"product","2":"type-product","3":"status-publish","4":"has-post-thumbnail","6":"product_cat-strojmaterialy","7":"product_cat-obshhestroitelnye-materialy","8":"product_cat-teploizolyacziya","9":"tm-no-options","11":"first","12":"instock","13":"taxable","14":"shipping-taxable","15":"purchasable","16":"product-type-variable","17":"has-default-attributes"},"_links":{"self":[{"href":"https:\/\/ecopood.ee\/ru\/wp-json\/wp\/v2\/product\/9605","targetHints":{"allow":["GET"]}}],"collection":[{"href":"https:\/\/ecopood.ee\/ru\/wp-json\/wp\/v2\/product"}],"about":[{"href":"https:\/\/ecopood.ee\/ru\/wp-json\/wp\/v2\/types\/product"}],"wp:featuredmedia":[{"embeddable":true,"href":"https:\/\/ecopood.ee\/ru\/wp-json\/wp\/v2\/media\/9962"}],"wp:attachment":[{"href":"https:\/\/ecopood.ee\/ru\/wp-json\/wp\/v2\/media?parent=9605"}],"wp:term":[{"taxonomy":"product_cat","embeddable":true,"href":"https:\/\/ecopood.ee\/ru\/wp-json\/wp\/v2\/product_cat?post=9605"},{"taxonomy":"product_tag","embeddable":true,"href":"https:\/\/ecopood.ee\/ru\/wp-json\/wp\/v2\/product_tag?post=9605"}],"curies":[{"name":"wp","href":"https:\/\/api.w.org\/{rel}","templated":true}]}}